{"id":17471,"date":"2025-06-11T10:02:42","date_gmt":"2025-06-11T07:02:42","guid":{"rendered":"https:\/\/raktava.lt\/?post_type=product&#038;p=17471"},"modified":"2026-02-06T10:58:40","modified_gmt":"2026-02-06T08:58:40","slug":"antgalis-ipresuotas-i-galvute-1-4-t25-2","status":"publish","type":"product","link":"https:\/\/raktava.lt\/en\/product\/rankiniai-irankiai\/antgaliai-antgaliu-komplektai-ipresuoti-antgaliai\/antgaliai-ipresuoti-i-galvute-1-4\/antgalis-ipresuotas-i-galvute-1-4-t25-2\/","title":{"rendered":"Antgalis \u012fpresuotas \u012f galvut\u0119 1\/4 T25"},"content":{"rendered":"","protected":false},"excerpt":{"rendered":"<p>Antgalis \u012fpresuotas \u012f galvut\u0119 1\/4 T25<\/p>\n","protected":false},"featured_media":17474,"comment_status":"open","ping_status":"closed","template":"","meta":[],"product_brand":[563],"product_cat":[92],"product_tag":[951,636,822,1115,1116,1117],"class_list":{"0":"post-17471","1":"product","2":"type-product","3":"status-publish","4":"has-post-thumbnail","6":"product_brand-yato","7":"product_cat-antgaliai-ipresuoti-i-galvute-1-4","8":"product_tag-1-4","9":"product_tag-antgalis","10":"product_tag-antgalis-ipresuotas","11":"product_tag-antgalis-ipresuotas-i-galvute-1-4-t25","12":"product_tag-t25","13":"product_tag-yt-04305","15":"first","16":"instock","17":"taxable","18":"shipping-taxable","19":"purchasable","20":"product-type-simple"},"_links":{"self":[{"href":"https:\/\/raktava.lt\/en\/wp-json\/wp\/v2\/product\/17471","targetHints":{"allow":["GET"]}}],"collection":[{"href":"https:\/\/raktava.lt\/en\/wp-json\/wp\/v2\/product"}],"about":[{"href":"https:\/\/raktava.lt\/en\/wp-json\/wp\/v2\/types\/product"}],"replies":[{"embeddable":true,"href":"https:\/\/raktava.lt\/en\/wp-json\/wp\/v2\/comments?post=17471"}],"version-history":[{"count":2,"href":"https:\/\/raktava.lt\/en\/wp-json\/wp\/v2\/product\/17471\/revisions"}],"predecessor-version":[{"id":17477,"href":"https:\/\/raktava.lt\/en\/wp-json\/wp\/v2\/product\/17471\/revisions\/17477"}],"wp:featuredmedia":[{"embeddable":true,"href":"https:\/\/raktava.lt\/en\/wp-json\/wp\/v2\/media\/17474"}],"wp:attachment":[{"href":"https:\/\/raktava.lt\/en\/wp-json\/wp\/v2\/media?parent=17471"}],"wp:term":[{"taxonomy":"product_brand","embeddable":true,"href":"https:\/\/raktava.lt\/en\/wp-json\/wp\/v2\/product_brand?post=17471"},{"taxonomy":"product_cat","embeddable":true,"href":"https:\/\/raktava.lt\/en\/wp-json\/wp\/v2\/product_cat?post=17471"},{"taxonomy":"product_tag","embeddable":true,"href":"https:\/\/raktava.lt\/en\/wp-json\/wp\/v2\/product_tag?post=17471"}],"curies":[{"name":"wp","href":"https:\/\/api.w.org\/{rel}","templated":true}]}}