{"id":17428,"date":"2025-05-23T11:52:49","date_gmt":"2025-05-23T08:52:49","guid":{"rendered":"https:\/\/raktava.lt\/?post_type=product&#038;p=17428"},"modified":"2026-03-10T14:34:35","modified_gmt":"2026-03-10T12:34:35","slug":"reples-ausinimo-zarnu-savarzoms-uzspausti-lenktos-215mm","status":"publish","type":"product","link":"https:\/\/raktava.lt\/en\/product\/rankiniai-irankiai\/reples-repliu-komplektai-zirkles-skardai-specializuotos-reples\/specializuotos-reples\/reples-ausinimo-zarnu-savarzoms-uzspausti-lenktos-215mm\/","title":{"rendered":"Repl\u0117s au\u0161inimo \u017earn\u0173 s\u0105var\u017eoms u\u017espausti, lenktos, 215mm"},"content":{"rendered":"<p>Techniniai duomenys<\/p>\n<ul>\n<li>Bendras svoris (kg) 0,2720<\/li>\n<li>Dydis [mm] 215<\/li>\n<\/ul>\n<div class=\"text-tab text-tab-id-79\">\n<p>&nbsp;<\/p>\n<\/div>\n","protected":false},"excerpt":{"rendered":"<p>Repl\u0117s au\u0161inimo \u017earn\u0173 s\u0105var\u017eoms u\u017espausti, lenktos, 215mm<\/p>\n","protected":false},"featured_media":17429,"comment_status":"open","ping_status":"closed","template":"","meta":[],"product_brand":[563],"product_cat":[183],"product_tag":[815,1683],"class_list":{"0":"post-17428","1":"product","2":"type-product","3":"status-publish","4":"has-post-thumbnail","6":"product_brand-yato","7":"product_cat-specializuotos-reples","8":"product_tag-reples-zarnu-savarzoms","9":"product_tag-yt-06","11":"first","12":"instock","13":"taxable","14":"shipping-taxable","15":"purchasable","16":"product-type-simple"},"_links":{"self":[{"href":"https:\/\/raktava.lt\/en\/wp-json\/wp\/v2\/product\/17428","targetHints":{"allow":["GET"]}}],"collection":[{"href":"https:\/\/raktava.lt\/en\/wp-json\/wp\/v2\/product"}],"about":[{"href":"https:\/\/raktava.lt\/en\/wp-json\/wp\/v2\/types\/product"}],"replies":[{"embeddable":true,"href":"https:\/\/raktava.lt\/en\/wp-json\/wp\/v2\/comments?post=17428"}],"version-history":[{"count":3,"href":"https:\/\/raktava.lt\/en\/wp-json\/wp\/v2\/product\/17428\/revisions"}],"predecessor-version":[{"id":17435,"href":"https:\/\/raktava.lt\/en\/wp-json\/wp\/v2\/product\/17428\/revisions\/17435"}],"wp:featuredmedia":[{"embeddable":true,"href":"https:\/\/raktava.lt\/en\/wp-json\/wp\/v2\/media\/17429"}],"wp:attachment":[{"href":"https:\/\/raktava.lt\/en\/wp-json\/wp\/v2\/media?parent=17428"}],"wp:term":[{"taxonomy":"product_brand","embeddable":true,"href":"https:\/\/raktava.lt\/en\/wp-json\/wp\/v2\/product_brand?post=17428"},{"taxonomy":"product_cat","embeddable":true,"href":"https:\/\/raktava.lt\/en\/wp-json\/wp\/v2\/product_cat?post=17428"},{"taxonomy":"product_tag","embeddable":true,"href":"https:\/\/raktava.lt\/en\/wp-json\/wp\/v2\/product_tag?post=17428"}],"curies":[{"name":"wp","href":"https:\/\/api.w.org\/{rel}","templated":true}]}}