{"id":17418,"date":"2025-05-23T11:48:22","date_gmt":"2025-05-23T08:48:22","guid":{"rendered":"https:\/\/raktava.lt\/?post_type=product&#038;p=17418"},"modified":"2025-05-23T11:48:22","modified_gmt":"2025-05-23T08:48:22","slug":"reples-zarnu-savarzoms-lenktos-su-terksles-funkcija","status":"publish","type":"product","link":"https:\/\/raktava.lt\/en\/product\/rankiniai-irankiai\/reples-repliu-komplektai-zirkles-skardai-specializuotos-reples\/specializuotos-reples\/reples-zarnu-savarzoms-lenktos-su-terksles-funkcija\/","title":{"rendered":"Repl\u0117s \u017earn\u0173 s\u0105var\u017eoms, lenktos su terk\u0161l\u0117s funkcija"},"content":{"rendered":"","protected":false},"excerpt":{"rendered":"<p>Repl\u0117s \u017earn\u0173 s\u0105var\u017eoms, lenktos su terk\u0161l\u0117s funkcija<\/p>\n","protected":false},"featured_media":17421,"comment_status":"open","ping_status":"closed","template":"","meta":[],"product_brand":[571],"product_cat":[183],"product_tag":[815],"class_list":{"0":"post-17418","1":"product","2":"type-product","3":"status-publish","4":"has-post-thumbnail","6":"product_brand-bgs-technic-germany","7":"product_cat-specializuotos-reples","8":"product_tag-reples-zarnu-savarzoms","10":"first","11":"instock","12":"taxable","13":"shipping-taxable","14":"purchasable","15":"product-type-simple"},"_links":{"self":[{"href":"https:\/\/raktava.lt\/en\/wp-json\/wp\/v2\/product\/17418","targetHints":{"allow":["GET"]}}],"collection":[{"href":"https:\/\/raktava.lt\/en\/wp-json\/wp\/v2\/product"}],"about":[{"href":"https:\/\/raktava.lt\/en\/wp-json\/wp\/v2\/types\/product"}],"replies":[{"embeddable":true,"href":"https:\/\/raktava.lt\/en\/wp-json\/wp\/v2\/comments?post=17418"}],"version-history":[{"count":1,"href":"https:\/\/raktava.lt\/en\/wp-json\/wp\/v2\/product\/17418\/revisions"}],"predecessor-version":[{"id":17427,"href":"https:\/\/raktava.lt\/en\/wp-json\/wp\/v2\/product\/17418\/revisions\/17427"}],"wp:featuredmedia":[{"embeddable":true,"href":"https:\/\/raktava.lt\/en\/wp-json\/wp\/v2\/media\/17421"}],"wp:attachment":[{"href":"https:\/\/raktava.lt\/en\/wp-json\/wp\/v2\/media?parent=17418"}],"wp:term":[{"taxonomy":"product_brand","embeddable":true,"href":"https:\/\/raktava.lt\/en\/wp-json\/wp\/v2\/product_brand?post=17418"},{"taxonomy":"product_cat","embeddable":true,"href":"https:\/\/raktava.lt\/en\/wp-json\/wp\/v2\/product_cat?post=17418"},{"taxonomy":"product_tag","embeddable":true,"href":"https:\/\/raktava.lt\/en\/wp-json\/wp\/v2\/product_tag?post=17418"}],"curies":[{"name":"wp","href":"https:\/\/api.w.org\/{rel}","templated":true}]}}