{"id":17411,"date":"2025-05-23T11:03:15","date_gmt":"2025-05-23T08:03:15","guid":{"rendered":"https:\/\/raktava.lt\/?post_type=product&#038;p=17411"},"modified":"2026-03-10T13:34:22","modified_gmt":"2026-03-10T11:34:22","slug":"galvute-1-2-sesiakampe-19mm","status":"publish","type":"product","link":"https:\/\/raktava.lt\/en\/product\/rankiniai-irankiai\/galvutes-galvuciu-komplektai-laikikliai-galvutems\/1-2-galvutes-ir-ju-komplektai\/galvute-1-2-sesiakampe-19mm\/","title":{"rendered":"Galvut\u0117 1\/2 \u0161e\u0161iakamp\u0117 19mm"},"content":{"rendered":"<p>Indekso numeris YT-1212<br \/>\nEAN 5906083912122<br \/>\nGamintojas YATO<br \/>\n1 vnt<br \/>\nBendras svoris (kg) 0,0670<br \/>\nDIN 3121<br \/>\nIlgis [mm] 38<br \/>\nmed\u017eiaga CrV50BV30<br \/>\n[vnt.] 1<br \/>\nDydis [mm] 19<\/p>\n<p><img decoding=\"async\" src=\"https:\/\/vigorus.lt\/catalog\/160516082255_1.jpg\" \/><img decoding=\"async\" src=\"https:\/\/vigorus.lt\/catalog\/160516082255_2.jpg\" \/><img decoding=\"async\" src=\"https:\/\/vigorus.lt\/catalog\/logo120627105013_yato.jpg\" alt=\"YATO\" \/><\/p>\n","protected":false},"excerpt":{"rendered":"<p>Galvut\u0117 1\/2 \u0161e\u0161iakamp\u0117 19mm<\/p>\n","protected":false},"featured_media":17414,"comment_status":"open","ping_status":"closed","template":"","meta":[],"product_brand":[563],"product_cat":[50],"product_tag":[591,1068,994,660,644,1942],"class_list":{"0":"post-17411","1":"product","2":"type-product","3":"status-publish","4":"has-post-thumbnail","6":"product_brand-yato","7":"product_cat-1-2-galvutes-ir-ju-komplektai","8":"product_tag-1-2","9":"product_tag-19mm","10":"product_tag-6-kampe","11":"product_tag-galvute","12":"product_tag-galvute-sesiakampe","13":"product_tag-yt-1212","15":"first","16":"instock","17":"taxable","18":"shipping-taxable","19":"purchasable","20":"product-type-simple"},"_links":{"self":[{"href":"https:\/\/raktava.lt\/en\/wp-json\/wp\/v2\/product\/17411","targetHints":{"allow":["GET"]}}],"collection":[{"href":"https:\/\/raktava.lt\/en\/wp-json\/wp\/v2\/product"}],"about":[{"href":"https:\/\/raktava.lt\/en\/wp-json\/wp\/v2\/types\/product"}],"replies":[{"embeddable":true,"href":"https:\/\/raktava.lt\/en\/wp-json\/wp\/v2\/comments?post=17411"}],"version-history":[{"count":3,"href":"https:\/\/raktava.lt\/en\/wp-json\/wp\/v2\/product\/17411\/revisions"}],"predecessor-version":[{"id":18109,"href":"https:\/\/raktava.lt\/en\/wp-json\/wp\/v2\/product\/17411\/revisions\/18109"}],"wp:featuredmedia":[{"embeddable":true,"href":"https:\/\/raktava.lt\/en\/wp-json\/wp\/v2\/media\/17414"}],"wp:attachment":[{"href":"https:\/\/raktava.lt\/en\/wp-json\/wp\/v2\/media?parent=17411"}],"wp:term":[{"taxonomy":"product_brand","embeddable":true,"href":"https:\/\/raktava.lt\/en\/wp-json\/wp\/v2\/product_brand?post=17411"},{"taxonomy":"product_cat","embeddable":true,"href":"https:\/\/raktava.lt\/en\/wp-json\/wp\/v2\/product_cat?post=17411"},{"taxonomy":"product_tag","embeddable":true,"href":"https:\/\/raktava.lt\/en\/wp-json\/wp\/v2\/product_tag?post=17411"}],"curies":[{"name":"wp","href":"https:\/\/api.w.org\/{rel}","templated":true}]}}