{"id":17405,"date":"2025-05-23T10:47:24","date_gmt":"2025-05-23T07:47:24","guid":{"rendered":"https:\/\/raktava.lt\/?post_type=product&#038;p=17405"},"modified":"2025-10-09T12:45:13","modified_gmt":"2025-10-09T09:45:13","slug":"sarnyro-nuemejas-su-rankena-darbinis-plotis-20mm","status":"publish","type":"product","link":"https:\/\/raktava.lt\/en\/product\/automobiliu-remonto-irankiai\/irankiai-nuemimui\/sarnyru-traukiu-antgaliu-nuemikliai\/sarnyro-nuemejas-su-rankena-darbinis-plotis-20mm\/","title":{"rendered":"\u0160arnyro nu\u0117m\u0117jas su rankena, darbinis plotis 20mm"},"content":{"rendered":"<p>20 mm spiralinis traukiklis.<\/p>\n<p>Techniniai duomenys<\/p>\n<ul>\n<li>Ilgis [mm] 275<\/li>\n<li>Anglies plieno med\u017eiaga<\/li>\n<li>Dydis [mm] 20<\/li>\n<\/ul>\n","protected":false},"excerpt":{"rendered":"<p>\u0160arnyro nu\u0117m\u0117jas su rankena, darbinis plotis 20mm<\/p>\n","protected":false},"featured_media":17402,"comment_status":"open","ping_status":"closed","template":"","meta":[],"product_brand":[563],"product_cat":[163,104],"product_tag":[693,1467],"class_list":{"0":"post-17405","1":"product","2":"type-product","3":"status-publish","4":"has-post-thumbnail","6":"product_brand-yato","7":"product_cat-sarnyru-traukiu-antgaliu-nuemikliai","8":"product_cat-vairo-traukiu-irankiai","9":"product_tag-sarnyru-nuemejas","10":"product_tag-yt-0614","12":"first","13":"instock","14":"taxable","15":"shipping-taxable","16":"purchasable","17":"product-type-simple"},"_links":{"self":[{"href":"https:\/\/raktava.lt\/en\/wp-json\/wp\/v2\/product\/17405","targetHints":{"allow":["GET"]}}],"collection":[{"href":"https:\/\/raktava.lt\/en\/wp-json\/wp\/v2\/product"}],"about":[{"href":"https:\/\/raktava.lt\/en\/wp-json\/wp\/v2\/types\/product"}],"replies":[{"embeddable":true,"href":"https:\/\/raktava.lt\/en\/wp-json\/wp\/v2\/comments?post=17405"}],"version-history":[{"count":1,"href":"https:\/\/raktava.lt\/en\/wp-json\/wp\/v2\/product\/17405\/revisions"}],"predecessor-version":[{"id":17406,"href":"https:\/\/raktava.lt\/en\/wp-json\/wp\/v2\/product\/17405\/revisions\/17406"}],"wp:featuredmedia":[{"embeddable":true,"href":"https:\/\/raktava.lt\/en\/wp-json\/wp\/v2\/media\/17402"}],"wp:attachment":[{"href":"https:\/\/raktava.lt\/en\/wp-json\/wp\/v2\/media?parent=17405"}],"wp:term":[{"taxonomy":"product_brand","embeddable":true,"href":"https:\/\/raktava.lt\/en\/wp-json\/wp\/v2\/product_brand?post=17405"},{"taxonomy":"product_cat","embeddable":true,"href":"https:\/\/raktava.lt\/en\/wp-json\/wp\/v2\/product_cat?post=17405"},{"taxonomy":"product_tag","embeddable":true,"href":"https:\/\/raktava.lt\/en\/wp-json\/wp\/v2\/product_tag?post=17405"}],"curies":[{"name":"wp","href":"https:\/\/api.w.org\/{rel}","templated":true}]}}