{"id":17399,"date":"2025-05-23T10:40:59","date_gmt":"2025-05-23T07:40:59","guid":{"rendered":"https:\/\/raktava.lt\/?post_type=product&#038;p=17399"},"modified":"2025-05-23T10:47:57","modified_gmt":"2025-05-23T07:47:57","slug":"sarnyro-nuemejas-su-rankena-darbinis-plotis-17mm","status":"publish","type":"product","link":"https:\/\/raktava.lt\/en\/product\/automobiliu-remonto-irankiai\/vaziuokles-remonto-irankiai\/vairo-traukiu-irankiai\/sarnyro-nuemejas-su-rankena-darbinis-plotis-17mm\/","title":{"rendered":"\u0160arnyro nu\u0117m\u0117jas su rankena, darbinis plotis 17mm"},"content":{"rendered":"<p>I\u0161traukiklis 17 mm rutuliniams kai\u0161\u010diams.<\/p>\n<p>Techniniai duomenys<\/p>\n<ul>\n<li>Ilgis [mm] 265<\/li>\n<li>Anglies plieno med\u017eiaga<\/li>\n<li>Dydis [mm] 17<\/li>\n<\/ul>\n","protected":false},"excerpt":{"rendered":"<p>\u0160arnyro nu\u0117m\u0117jas su rankena, darbinis plotis 17mm<\/p>\n","protected":false},"featured_media":17402,"comment_status":"open","ping_status":"closed","template":"","meta":[],"product_brand":[563],"product_cat":[104,163],"product_tag":[693],"class_list":{"0":"post-17399","1":"product","2":"type-product","3":"status-publish","4":"has-post-thumbnail","6":"product_brand-yato","7":"product_cat-vairo-traukiu-irankiai","8":"product_cat-sarnyru-traukiu-antgaliu-nuemikliai","9":"product_tag-sarnyru-nuemejas","11":"first","12":"instock","13":"taxable","14":"shipping-taxable","15":"purchasable","16":"product-type-simple"},"_links":{"self":[{"href":"https:\/\/raktava.lt\/en\/wp-json\/wp\/v2\/product\/17399","targetHints":{"allow":["GET"]}}],"collection":[{"href":"https:\/\/raktava.lt\/en\/wp-json\/wp\/v2\/product"}],"about":[{"href":"https:\/\/raktava.lt\/en\/wp-json\/wp\/v2\/types\/product"}],"replies":[{"embeddable":true,"href":"https:\/\/raktava.lt\/en\/wp-json\/wp\/v2\/comments?post=17399"}],"version-history":[{"count":1,"href":"https:\/\/raktava.lt\/en\/wp-json\/wp\/v2\/product\/17399\/revisions"}],"predecessor-version":[{"id":17404,"href":"https:\/\/raktava.lt\/en\/wp-json\/wp\/v2\/product\/17399\/revisions\/17404"}],"wp:featuredmedia":[{"embeddable":true,"href":"https:\/\/raktava.lt\/en\/wp-json\/wp\/v2\/media\/17402"}],"wp:attachment":[{"href":"https:\/\/raktava.lt\/en\/wp-json\/wp\/v2\/media?parent=17399"}],"wp:term":[{"taxonomy":"product_brand","embeddable":true,"href":"https:\/\/raktava.lt\/en\/wp-json\/wp\/v2\/product_brand?post=17399"},{"taxonomy":"product_cat","embeddable":true,"href":"https:\/\/raktava.lt\/en\/wp-json\/wp\/v2\/product_cat?post=17399"},{"taxonomy":"product_tag","embeddable":true,"href":"https:\/\/raktava.lt\/en\/wp-json\/wp\/v2\/product_tag?post=17399"}],"curies":[{"name":"wp","href":"https:\/\/api.w.org\/{rel}","templated":true}]}}