{"id":17392,"date":"2025-05-23T09:53:00","date_gmt":"2025-05-23T06:53:00","guid":{"rendered":"https:\/\/raktava.lt\/?post_type=product&#038;p=17392"},"modified":"2025-05-23T10:08:13","modified_gmt":"2025-05-23T07:08:13","slug":"domkratas-su-ratukais-3t-pazemintas","status":"publish","type":"product","link":"https:\/\/raktava.lt\/en\/product\/automobiliu-remonto-irankiai\/domkratai\/hidrauliniai-domkratai-su-ratukais\/domkratas-su-ratukais-3t-pazemintas\/","title":{"rendered":"Domkratas su ratukais 3t pa\u017eemintas"},"content":{"rendered":"<p>\u017demas profilis, su guminiu paduku<br \/>\nKeliamoji galia 3 t<br \/>\nMin auk\u0161tis 83 mm<br \/>\nMax auk\u0161tis 500 mm<br \/>\nSvoris 29.0 kg<br \/>\nGreitas pak\u0117limas be apkrovos<br \/>\nDvigubas k\u0117limo st\u016bmoklis<br \/>\n\u012epakavimas &#8211; Kartono d\u0117\u017eut\u0117<br \/>\nPakuot\u0117s matmenys 710 x 380 x 165 mm<\/p>\n","protected":false},"excerpt":{"rendered":"<p>Domkratas su ratukais 3t pa\u017eemintas<\/p>\n","protected":false},"featured_media":17393,"comment_status":"open","ping_status":"closed","template":"","meta":[],"product_brand":[],"product_cat":[21],"product_tag":[813,814],"class_list":{"0":"post-17392","1":"product","2":"type-product","3":"status-publish","4":"has-post-thumbnail","6":"product_cat-hidrauliniai-domkratai-su-ratukais","7":"product_tag-domkratas","8":"product_tag-domkratas-3t","10":"first","11":"instock","12":"taxable","13":"shipping-taxable","14":"purchasable","15":"product-type-simple"},"_links":{"self":[{"href":"https:\/\/raktava.lt\/en\/wp-json\/wp\/v2\/product\/17392","targetHints":{"allow":["GET"]}}],"collection":[{"href":"https:\/\/raktava.lt\/en\/wp-json\/wp\/v2\/product"}],"about":[{"href":"https:\/\/raktava.lt\/en\/wp-json\/wp\/v2\/types\/product"}],"replies":[{"embeddable":true,"href":"https:\/\/raktava.lt\/en\/wp-json\/wp\/v2\/comments?post=17392"}],"version-history":[{"count":2,"href":"https:\/\/raktava.lt\/en\/wp-json\/wp\/v2\/product\/17392\/revisions"}],"predecessor-version":[{"id":17398,"href":"https:\/\/raktava.lt\/en\/wp-json\/wp\/v2\/product\/17392\/revisions\/17398"}],"wp:featuredmedia":[{"embeddable":true,"href":"https:\/\/raktava.lt\/en\/wp-json\/wp\/v2\/media\/17393"}],"wp:attachment":[{"href":"https:\/\/raktava.lt\/en\/wp-json\/wp\/v2\/media?parent=17392"}],"wp:term":[{"taxonomy":"product_brand","embeddable":true,"href":"https:\/\/raktava.lt\/en\/wp-json\/wp\/v2\/product_brand?post=17392"},{"taxonomy":"product_cat","embeddable":true,"href":"https:\/\/raktava.lt\/en\/wp-json\/wp\/v2\/product_cat?post=17392"},{"taxonomy":"product_tag","embeddable":true,"href":"https:\/\/raktava.lt\/en\/wp-json\/wp\/v2\/product_tag?post=17392"}],"curies":[{"name":"wp","href":"https:\/\/api.w.org\/{rel}","templated":true}]}}