{"id":17382,"date":"2025-05-21T13:03:45","date_gmt":"2025-05-21T10:03:45","guid":{"rendered":"https:\/\/raktava.lt\/?post_type=product&#038;p=17382"},"modified":"2025-05-21T13:13:29","modified_gmt":"2025-05-21T10:13:29","slug":"magnetine-lekstute-%e2%8c%80150mm","status":"publish","type":"product","link":"https:\/\/raktava.lt\/en\/product\/automobiliu-remonto-irankiai\/magnetiniai-irankiai-griebtuvai-magnetai-veidrodeliai-pincetai\/magnetine-lekstute-%e2%8c%80150mm\/","title":{"rendered":"Magnetin\u0117 l\u0117k\u0161tut\u0117 \u2300150mm"},"content":{"rendered":"<pre class=\"tw-data-text tw-text-large tw-ta\" dir=\"ltr\" data-placeholder=\"Vertimas\" data-ved=\"2ahUKEwiov-u3prSNAxWVBdsEHXhXIjMQ3ewLegQICRAV\" aria-label=\"I\u0161verstas tekstas: Numeris YT-08305 EAN 5906083083051 plastikiniai \/ magnetai Skersmuo (mm) 150 Svoris (kg) 0,5 Prek\u0117s apra\u0161ymas YATO magnetinis dubuo. Pagaminta i\u0161 sm\u016bgiams ir mechanin\u0117ms deformacijoms atsparaus plastiko. Magnetas \u012fd\u0117tas \u012f med\u017eiag\u0105, kuri apsaugo da\u017eus nuo subrai\u017eymo. Tikslas \/ taikymas Metalini\u0173 daikt\u0173 laikymui darbo vietoje. Duben\u012f galima montuoti ant vertikali\u0173 metalini\u0173 pavir\u0161i\u0173, pvz. remontuojamo automobilio sparnus ar dureles. Techniniai duomenys Indekso numeris YT-08305 EAN 5906083083051 Markas Yato Vienetas PCS Bendras svoris (kg) 0,5000 Master Cardboard MC 20 D\u016bmai 180 Dydis [mm] 150\"><span class=\"Y2IQFc\" lang=\"lt\">YATO magnetinis dubuo. Pagaminta i\u0161 sm\u016bgiams ir mechanin\u0117ms deformacijoms atsparaus plastiko. \r\nMagnetas \u012fd\u0117tas \u012f med\u017eiag\u0105, kuri apsaugo da\u017eus nuo subrai\u017eymo.\r\nTikslas \/ taikymas: metalini\u0173 daikt\u0173 laikymui darbo vietoje.\r\nDuben\u012f galima montuoti ant vertikali\u0173 metalini\u0173 pavir\u0161i\u0173, pvz. remontuojamo automobilio sparnus ar dureles.\r\nTechniniai duomenys:\r\nSkersmuo (mm) 150\r\nSvoris (kg) 0,5<\/span><\/pre>\n<p><span class=\"Y2IQFc\" lang=\"lt\">\u00a0<\/span><\/p>\n<pre id=\"tw-target-text\" class=\"tw-data-text tw-text-large tw-ta\" dir=\"ltr\" data-placeholder=\"Vertimas\" data-ved=\"2ahUKEwiov-u3prSNAxWVBdsEHXhXIjMQ3ewLegQICRAV\" aria-label=\"I\u0161verstas tekstas: Numeris YT-08305 EAN 5906083083051 plastikiniai \/ magnetai Skersmuo (mm) 150 Svoris (kg) 0,5 Prek\u0117s apra\u0161ymas YATO magnetinis dubuo. Pagaminta i\u0161 sm\u016bgiams ir mechanin\u0117ms deformacijoms atsparaus plastiko. Magnetas \u012fd\u0117tas \u012f med\u017eiag\u0105, kuri apsaugo da\u017eus nuo subrai\u017eymo. Tikslas \/ taikymas Metalini\u0173 daikt\u0173 laikymui darbo vietoje. Duben\u012f galima montuoti ant vertikali\u0173 metalini\u0173 pavir\u0161i\u0173, pvz. remontuojamo automobilio sparnus ar dureles. Techniniai duomenys Indekso numeris YT-08305 EAN 5906083083051 Markas Yato Vienetas PCS Bendras svoris (kg) 0,5000 Master Cardboard MC 20 D\u016bmai 180 Dydis [mm] 150\">\r\n<\/pre>\n","protected":false},"excerpt":{"rendered":"<p>Magnetin\u0117 l\u0117k\u0161tut\u0117 \u2300150mm<\/p>\n","protected":false},"featured_media":17373,"comment_status":"open","ping_status":"closed","template":"","meta":[],"product_brand":[563],"product_cat":[132],"product_tag":[722,700],"class_list":{"0":"post-17382","1":"product","2":"type-product","3":"status-publish","4":"has-post-thumbnail","6":"product_brand-yato","7":"product_cat-magnetiniai-irankiai-griebtuvai-magnetai-veidrodeliai-pincetai","8":"product_tag-magnetine-lekste","9":"product_tag-magnetiniai-irankiai","11":"first","12":"instock","13":"taxable","14":"shipping-taxable","15":"purchasable","16":"product-type-simple"},"_links":{"self":[{"href":"https:\/\/raktava.lt\/en\/wp-json\/wp\/v2\/product\/17382","targetHints":{"allow":["GET"]}}],"collection":[{"href":"https:\/\/raktava.lt\/en\/wp-json\/wp\/v2\/product"}],"about":[{"href":"https:\/\/raktava.lt\/en\/wp-json\/wp\/v2\/types\/product"}],"replies":[{"embeddable":true,"href":"https:\/\/raktava.lt\/en\/wp-json\/wp\/v2\/comments?post=17382"}],"version-history":[{"count":4,"href":"https:\/\/raktava.lt\/en\/wp-json\/wp\/v2\/product\/17382\/revisions"}],"predecessor-version":[{"id":17390,"href":"https:\/\/raktava.lt\/en\/wp-json\/wp\/v2\/product\/17382\/revisions\/17390"}],"wp:featuredmedia":[{"embeddable":true,"href":"https:\/\/raktava.lt\/en\/wp-json\/wp\/v2\/media\/17373"}],"wp:attachment":[{"href":"https:\/\/raktava.lt\/en\/wp-json\/wp\/v2\/media?parent=17382"}],"wp:term":[{"taxonomy":"product_brand","embeddable":true,"href":"https:\/\/raktava.lt\/en\/wp-json\/wp\/v2\/product_brand?post=17382"},{"taxonomy":"product_cat","embeddable":true,"href":"https:\/\/raktava.lt\/en\/wp-json\/wp\/v2\/product_cat?post=17382"},{"taxonomy":"product_tag","embeddable":true,"href":"https:\/\/raktava.lt\/en\/wp-json\/wp\/v2\/product_tag?post=17382"}],"curies":[{"name":"wp","href":"https:\/\/api.w.org\/{rel}","templated":true}]}}