{"id":17372,"date":"2025-05-21T13:00:34","date_gmt":"2025-05-21T10:00:34","guid":{"rendered":"https:\/\/raktava.lt\/?post_type=product&#038;p=17372"},"modified":"2025-05-21T13:13:48","modified_gmt":"2025-05-21T10:13:48","slug":"magnetine-lekstute-%e2%8c%80110mm","status":"publish","type":"product","link":"https:\/\/raktava.lt\/en\/product\/automobiliu-remonto-irankiai\/magnetiniai-irankiai-griebtuvai-magnetai-veidrodeliai-pincetai\/magnetine-lekstute-%e2%8c%80110mm\/","title":{"rendered":"Magnetin\u0117 l\u0117k\u0161tut\u0117 \u2300110mm"},"content":{"rendered":"<pre id=\"tw-target-text\" class=\"tw-data-text tw-text-large tw-ta\" dir=\"ltr\" data-placeholder=\"Vertimas\" data-ved=\"2ahUKEwiov-u3prSNAxWVBdsEHXhXIjMQ3ewLegQICRAV\" aria-label=\"I\u0161verstas tekstas: Prek\u0117s apra\u0161ymas\r\nSkirtas ma\u017eiems metaliniams elementams laikyti. Palengvina tvarkos darbo vietoje palaikym\u0105, pvz. dirbtuv\u0117se ir gara\u017ee. Galimyb\u0117 montuoti ant vertikali\u0173 metalini\u0173 pavir\u0161i\u0173, \u012fskaitant remontuojamo automobilio sparnus ar dureles.\r\n\r\npagamintas i\u0161 plastiko, atsparaus sm\u016bgiams ir mechanin\u0117ms deformacijoms\r\nstiprus magnetas pagrinde\r\ni\u0161 i\u0161or\u0117s guminiu dangteliu padengtas pagrindas apsaugo \u012fvairius pavir\u0161ius, pvz. lakas nuo \u012fbr\u0117\u017eim\u0173\r\nrankena su kabliu\"><span class=\"Y2IQFc\" lang=\"lt\">Skirtas ma\u017eiems metaliniams elementams laikyti. \r\nPalengvina tvarkos darbo vietoje palaikym\u0105, pvz. dirbtuv\u0117se ir gara\u017ee. \r\nGalimyb\u0117 montuoti ant vertikali\u0173 metalini\u0173 pavir\u0161i\u0173, \u012fskaitant remontuojamo automobilio sparnus ar dureles.\r\n\r\nPagamintas i\u0161 plastiko, atsparaus sm\u016bgiams ir mechanin\u0117ms deformacijoms, stiprus magnetas pagrinde,\r\ni\u0161 i\u0161or\u0117s guminiu dangteliu padengtas pagrindas apsaugo \u012fvairius pavir\u0161ius, pvz. lak\u0105 nuo \u012fbr\u0117\u017eim\u0173.<\/span><\/pre>\n","protected":false},"excerpt":{"rendered":"<p>Magnetin\u0117 l\u0117k\u0161tut\u0117 \u2300110mm<\/p>\n","protected":false},"featured_media":17373,"comment_status":"open","ping_status":"closed","template":"","meta":[],"product_brand":[563],"product_cat":[132],"product_tag":[722,632],"class_list":{"0":"post-17372","1":"product","2":"type-product","3":"status-publish","4":"has-post-thumbnail","6":"product_brand-yato","7":"product_cat-magnetiniai-irankiai-griebtuvai-magnetai-veidrodeliai-pincetai","8":"product_tag-magnetine-lekste","9":"product_tag-magnetiniai-indai","11":"first","12":"instock","13":"taxable","14":"shipping-taxable","15":"purchasable","16":"product-type-simple"},"_links":{"self":[{"href":"https:\/\/raktava.lt\/en\/wp-json\/wp\/v2\/product\/17372","targetHints":{"allow":["GET"]}}],"collection":[{"href":"https:\/\/raktava.lt\/en\/wp-json\/wp\/v2\/product"}],"about":[{"href":"https:\/\/raktava.lt\/en\/wp-json\/wp\/v2\/types\/product"}],"replies":[{"embeddable":true,"href":"https:\/\/raktava.lt\/en\/wp-json\/wp\/v2\/comments?post=17372"}],"version-history":[{"count":1,"href":"https:\/\/raktava.lt\/en\/wp-json\/wp\/v2\/product\/17372\/revisions"}],"predecessor-version":[{"id":17381,"href":"https:\/\/raktava.lt\/en\/wp-json\/wp\/v2\/product\/17372\/revisions\/17381"}],"wp:featuredmedia":[{"embeddable":true,"href":"https:\/\/raktava.lt\/en\/wp-json\/wp\/v2\/media\/17373"}],"wp:attachment":[{"href":"https:\/\/raktava.lt\/en\/wp-json\/wp\/v2\/media?parent=17372"}],"wp:term":[{"taxonomy":"product_brand","embeddable":true,"href":"https:\/\/raktava.lt\/en\/wp-json\/wp\/v2\/product_brand?post=17372"},{"taxonomy":"product_cat","embeddable":true,"href":"https:\/\/raktava.lt\/en\/wp-json\/wp\/v2\/product_cat?post=17372"},{"taxonomy":"product_tag","embeddable":true,"href":"https:\/\/raktava.lt\/en\/wp-json\/wp\/v2\/product_tag?post=17372"}],"curies":[{"name":"wp","href":"https:\/\/api.w.org\/{rel}","templated":true}]}}