{"id":17317,"date":"2025-05-09T12:02:33","date_gmt":"2025-05-09T09:02:33","guid":{"rendered":"https:\/\/raktava.lt\/?post_type=product&#038;p=17317"},"modified":"2025-05-09T12:02:50","modified_gmt":"2025-05-09T09:02:50","slug":"variklio-fiksavimo-irankiu-rinkinys-renault-opel-nuoma-telsiuose","status":"publish","type":"product","link":"https:\/\/raktava.lt\/en\/product\/be-kategorijos\/variklio-fiksavimo-irankiu-rinkinys-renault-opel-nuoma-telsiuose\/","title":{"rendered":"Variklio fiksavimo \u012franki\u0173 rinkinys Renault, Opel (NUOMA TEL\u0160IUOSE)"},"content":{"rendered":"<p>Petrol: 1.2, 1.4, 1.6, 1.8, 2.0 16V, 2.5 20V<br \/>\nDiesel: 1.9D\/TD\/dTi, 2.2D\/TD, 2.5D, 2.8dTi, 1.5dCi, 1.9dCi, 2.2dCi, 2.5dCi<\/p>\n","protected":false},"excerpt":{"rendered":"<p>Variklio fiksavimo \u012franki\u0173 rinkinys Renault, Opel<\/p>\n","protected":false},"featured_media":17318,"comment_status":"open","ping_status":"closed","template":"","meta":[],"product_brand":[],"product_cat":[15,95],"product_tag":[782],"class_list":{"0":"post-17317","1":"product","2":"type-product","3":"status-publish","4":"has-post-thumbnail","6":"product_cat-uncategorized","7":"product_cat-variklio-blokavimo-irankiai","8":"product_tag-nuoma","10":"first","11":"outofstock","12":"taxable","13":"shipping-taxable","14":"product-type-simple"},"_links":{"self":[{"href":"https:\/\/raktava.lt\/en\/wp-json\/wp\/v2\/product\/17317","targetHints":{"allow":["GET"]}}],"collection":[{"href":"https:\/\/raktava.lt\/en\/wp-json\/wp\/v2\/product"}],"about":[{"href":"https:\/\/raktava.lt\/en\/wp-json\/wp\/v2\/types\/product"}],"replies":[{"embeddable":true,"href":"https:\/\/raktava.lt\/en\/wp-json\/wp\/v2\/comments?post=17317"}],"version-history":[{"count":2,"href":"https:\/\/raktava.lt\/en\/wp-json\/wp\/v2\/product\/17317\/revisions"}],"predecessor-version":[{"id":17321,"href":"https:\/\/raktava.lt\/en\/wp-json\/wp\/v2\/product\/17317\/revisions\/17321"}],"wp:featuredmedia":[{"embeddable":true,"href":"https:\/\/raktava.lt\/en\/wp-json\/wp\/v2\/media\/17318"}],"wp:attachment":[{"href":"https:\/\/raktava.lt\/en\/wp-json\/wp\/v2\/media?parent=17317"}],"wp:term":[{"taxonomy":"product_brand","embeddable":true,"href":"https:\/\/raktava.lt\/en\/wp-json\/wp\/v2\/product_brand?post=17317"},{"taxonomy":"product_cat","embeddable":true,"href":"https:\/\/raktava.lt\/en\/wp-json\/wp\/v2\/product_cat?post=17317"},{"taxonomy":"product_tag","embeddable":true,"href":"https:\/\/raktava.lt\/en\/wp-json\/wp\/v2\/product_tag?post=17317"}],"curies":[{"name":"wp","href":"https:\/\/api.w.org\/{rel}","templated":true}]}}