{"id":17304,"date":"2025-05-08T16:07:44","date_gmt":"2025-05-08T13:07:44","guid":{"rendered":"https:\/\/raktava.lt\/?post_type=product&#038;p=17304"},"modified":"2025-05-08T16:07:44","modified_gmt":"2025-05-08T13:07:44","slug":"gnybtu-lenktu-90-kompl-lanksciu-zarnu-uzspaudimui-3-vnt","status":"publish","type":"product","link":"https:\/\/raktava.lt\/en\/product\/automobiliu-remonto-irankiai\/variklio-remonto-irankiai\/zarnu-uzspaudimo-irankiai\/gnybtu-lenktu-90-kompl-lanksciu-zarnu-uzspaudimui-3-vnt\/","title":{"rendered":"Gnybt\u0173 lenkt\u0173 90\u00b0 kompl. lanks\u010di\u0173 \u017earn\u0173 u\u017espaudimui (3 vnt.)"},"content":{"rendered":"<p>Skirtas lanks\u010di\u0173 \u017earn\u0173 (kuro ir au\u0161inimo skys\u010dio) u\u017espaudimui<br \/>\n\u017darn\u0173 diametrai \u00d8 10, 15, 24 mm<br \/>\nGnybt\u0173 ilgis 155-220 mm<br \/>\nMed\u017eiaga Plastikas<\/p>\n","protected":false},"excerpt":{"rendered":"<p>Gnybt\u0173 lenkt\u0173 90\u00b0 kompl. lanks\u010di\u0173 \u017earn\u0173 u\u017espaudimui (3 vnt.)<\/p>\n","protected":false},"featured_media":17305,"comment_status":"open","ping_status":"closed","template":"","meta":[],"product_brand":[],"product_cat":[108,99,183],"product_tag":[],"class_list":{"0":"post-17304","1":"product","2":"type-product","3":"status-publish","4":"has-post-thumbnail","6":"product_cat-zarnu-uzspaudimo-irankiai","7":"product_cat-irankiai-ausinimo-sistemai","8":"product_cat-specializuotos-reples","10":"first","11":"instock","12":"taxable","13":"shipping-taxable","14":"purchasable","15":"product-type-simple"},"_links":{"self":[{"href":"https:\/\/raktava.lt\/en\/wp-json\/wp\/v2\/product\/17304","targetHints":{"allow":["GET"]}}],"collection":[{"href":"https:\/\/raktava.lt\/en\/wp-json\/wp\/v2\/product"}],"about":[{"href":"https:\/\/raktava.lt\/en\/wp-json\/wp\/v2\/types\/product"}],"replies":[{"embeddable":true,"href":"https:\/\/raktava.lt\/en\/wp-json\/wp\/v2\/comments?post=17304"}],"version-history":[{"count":1,"href":"https:\/\/raktava.lt\/en\/wp-json\/wp\/v2\/product\/17304\/revisions"}],"predecessor-version":[{"id":17307,"href":"https:\/\/raktava.lt\/en\/wp-json\/wp\/v2\/product\/17304\/revisions\/17307"}],"wp:featuredmedia":[{"embeddable":true,"href":"https:\/\/raktava.lt\/en\/wp-json\/wp\/v2\/media\/17305"}],"wp:attachment":[{"href":"https:\/\/raktava.lt\/en\/wp-json\/wp\/v2\/media?parent=17304"}],"wp:term":[{"taxonomy":"product_brand","embeddable":true,"href":"https:\/\/raktava.lt\/en\/wp-json\/wp\/v2\/product_brand?post=17304"},{"taxonomy":"product_cat","embeddable":true,"href":"https:\/\/raktava.lt\/en\/wp-json\/wp\/v2\/product_cat?post=17304"},{"taxonomy":"product_tag","embeddable":true,"href":"https:\/\/raktava.lt\/en\/wp-json\/wp\/v2\/product_tag?post=17304"}],"curies":[{"name":"wp","href":"https:\/\/api.w.org\/{rel}","templated":true}]}}