{"id":17291,"date":"2025-05-08T16:02:00","date_gmt":"2025-05-08T13:02:00","guid":{"rendered":"https:\/\/raktava.lt\/?post_type=product&#038;p=17291"},"modified":"2025-05-08T16:02:23","modified_gmt":"2025-05-08T13:02:23","slug":"zarneliu-sujungimu-nuemeju-rinkinys","status":"publish","type":"product","link":"https:\/\/raktava.lt\/en\/product\/automobiliu-remonto-irankiai\/variklio-remonto-irankiai\/irankiai-ausinimo-sistemai\/zarneliu-sujungimu-nuemeju-rinkinys\/","title":{"rendered":"\u017darneli\u0173 sujungim\u0173 nu\u0117m\u0117j\u0173 rinkinys"},"content":{"rendered":"<p>Numeris YT-0630<br \/>\nnaudoti \u017earn\u0173 linijoms<br \/>\nsvoris (g) 625<\/p>\n<p>Index number YT-0630<br \/>\nEAN 5906083906305<br \/>\nBrand Yato<br \/>\nunit KPL<br \/>\nGross Weight (kg) 0.6250<br \/>\nMaster Carton MC 20<br \/>\nPal 240<br \/>\nmaterial aluminum<br \/>\nBMC &amp; color sleeve<br \/>\nNumber of items 8<\/p>\n","protected":false},"excerpt":{"rendered":"<p>\u017darneli\u0173 sujungim\u0173 nu\u0117m\u0117j\u0173 rinkiny<\/p>\n","protected":false},"featured_media":17292,"comment_status":"open","ping_status":"closed","template":"","meta":[],"product_brand":[563],"product_cat":[99],"product_tag":[777],"class_list":{"0":"post-17291","1":"product","2":"type-product","3":"status-publish","4":"has-post-thumbnail","6":"product_brand-yato","7":"product_cat-irankiai-ausinimo-sistemai","8":"product_tag-zarneliu-sujungimu-nuemeju-rinkinys","10":"first","11":"instock","12":"taxable","13":"shipping-taxable","14":"purchasable","15":"product-type-simple"},"_links":{"self":[{"href":"https:\/\/raktava.lt\/en\/wp-json\/wp\/v2\/product\/17291","targetHints":{"allow":["GET"]}}],"collection":[{"href":"https:\/\/raktava.lt\/en\/wp-json\/wp\/v2\/product"}],"about":[{"href":"https:\/\/raktava.lt\/en\/wp-json\/wp\/v2\/types\/product"}],"replies":[{"embeddable":true,"href":"https:\/\/raktava.lt\/en\/wp-json\/wp\/v2\/comments?post=17291"}],"version-history":[{"count":3,"href":"https:\/\/raktava.lt\/en\/wp-json\/wp\/v2\/product\/17291\/revisions"}],"predecessor-version":[{"id":17302,"href":"https:\/\/raktava.lt\/en\/wp-json\/wp\/v2\/product\/17291\/revisions\/17302"}],"wp:featuredmedia":[{"embeddable":true,"href":"https:\/\/raktava.lt\/en\/wp-json\/wp\/v2\/media\/17292"}],"wp:attachment":[{"href":"https:\/\/raktava.lt\/en\/wp-json\/wp\/v2\/media?parent=17291"}],"wp:term":[{"taxonomy":"product_brand","embeddable":true,"href":"https:\/\/raktava.lt\/en\/wp-json\/wp\/v2\/product_brand?post=17291"},{"taxonomy":"product_cat","embeddable":true,"href":"https:\/\/raktava.lt\/en\/wp-json\/wp\/v2\/product_cat?post=17291"},{"taxonomy":"product_tag","embeddable":true,"href":"https:\/\/raktava.lt\/en\/wp-json\/wp\/v2\/product_tag?post=17291"}],"curies":[{"name":"wp","href":"https:\/\/api.w.org\/{rel}","templated":true}]}}