{"id":17283,"date":"2025-05-08T15:53:52","date_gmt":"2025-05-08T12:53:52","guid":{"rendered":"https:\/\/raktava.lt\/?post_type=product&#038;p=17283"},"modified":"2025-08-11T09:35:14","modified_gmt":"2025-08-11T06:35:14","slug":"smuginiu-antgaliu-rinkinys-1-2-h5-h19","status":"publish","type":"product","link":"https:\/\/raktava.lt\/en\/product\/rankiniai-irankiai\/antgaliai-antgaliu-komplektai-ipresuoti-antgaliai\/1-2-smuginiai-antgaliai-ir-rinkiniai\/smuginiu-antgaliu-rinkinys-1-2-h5-h19\/","title":{"rendered":"Sm\u016bgini\u0173 antgali\u0173 rinkinys 1\/2 H5-H19"},"content":{"rendered":"<p>10vnt. 1\/2&#8243; Sm\u016bgin\u0117s galvut\u0117s H5, H6, H7, H8, H10, H12, H14, H16, H17, H19<br \/>\nL=75mm<br \/>\nMed\u017eiaga CR-MO<\/p>\n","protected":false},"excerpt":{"rendered":"<p>Sm\u016bgini\u0173 antgali\u0173 rinkinys 1\/2 H5-H19<\/p>\n","protected":false},"featured_media":17284,"comment_status":"open","ping_status":"closed","template":"","meta":[],"product_brand":[],"product_cat":[56],"product_tag":[718],"class_list":{"0":"post-17283","1":"product","2":"type-product","3":"status-publish","4":"has-post-thumbnail","6":"product_cat-1-2-smuginiai-antgaliai-ir-rinkiniai","7":"product_tag-antgalis-smuginis","9":"first","10":"outofstock","11":"taxable","12":"shipping-taxable","13":"purchasable","14":"product-type-simple"},"_links":{"self":[{"href":"https:\/\/raktava.lt\/en\/wp-json\/wp\/v2\/product\/17283","targetHints":{"allow":["GET"]}}],"collection":[{"href":"https:\/\/raktava.lt\/en\/wp-json\/wp\/v2\/product"}],"about":[{"href":"https:\/\/raktava.lt\/en\/wp-json\/wp\/v2\/types\/product"}],"replies":[{"embeddable":true,"href":"https:\/\/raktava.lt\/en\/wp-json\/wp\/v2\/comments?post=17283"}],"version-history":[{"count":1,"href":"https:\/\/raktava.lt\/en\/wp-json\/wp\/v2\/product\/17283\/revisions"}],"predecessor-version":[{"id":17290,"href":"https:\/\/raktava.lt\/en\/wp-json\/wp\/v2\/product\/17283\/revisions\/17290"}],"wp:featuredmedia":[{"embeddable":true,"href":"https:\/\/raktava.lt\/en\/wp-json\/wp\/v2\/media\/17284"}],"wp:attachment":[{"href":"https:\/\/raktava.lt\/en\/wp-json\/wp\/v2\/media?parent=17283"}],"wp:term":[{"taxonomy":"product_brand","embeddable":true,"href":"https:\/\/raktava.lt\/en\/wp-json\/wp\/v2\/product_brand?post=17283"},{"taxonomy":"product_cat","embeddable":true,"href":"https:\/\/raktava.lt\/en\/wp-json\/wp\/v2\/product_cat?post=17283"},{"taxonomy":"product_tag","embeddable":true,"href":"https:\/\/raktava.lt\/en\/wp-json\/wp\/v2\/product_tag?post=17283"}],"curies":[{"name":"wp","href":"https:\/\/api.w.org\/{rel}","templated":true}]}}