{"id":17272,"date":"2025-05-07T15:48:30","date_gmt":"2025-05-07T12:48:30","guid":{"rendered":"https:\/\/raktava.lt\/?post_type=product&#038;p=17272"},"modified":"2025-05-07T15:49:45","modified_gmt":"2025-05-07T12:49:45","slug":"smuginiu-antgaliu-rinkinys-1-2-m5-m13","status":"publish","type":"product","link":"https:\/\/raktava.lt\/en\/product\/rankiniai-irankiai\/antgaliai-antgaliu-komplektai-ipresuoti-antgaliai\/1-2-smuginiai-antgaliai-ir-rinkiniai\/smuginiu-antgaliu-rinkinys-1-2-m5-m13\/","title":{"rendered":"Sm\u016bgini\u0173 antgali\u0173 rinkinys 1\/2 M5-M13"},"content":{"rendered":"","protected":false},"excerpt":{"rendered":"<p>Sm\u016bgini\u0173 antgali\u0173 rinkinys 1\/2 M5-M13<\/p>\n","protected":false},"featured_media":17273,"comment_status":"open","ping_status":"closed","template":"","meta":[],"product_brand":[563],"product_cat":[56],"product_tag":[718],"class_list":{"0":"post-17272","1":"product","2":"type-product","3":"status-publish","4":"has-post-thumbnail","6":"product_brand-yato","7":"product_cat-1-2-smuginiai-antgaliai-ir-rinkiniai","8":"product_tag-antgalis-smuginis","10":"first","11":"instock","12":"taxable","13":"shipping-taxable","14":"purchasable","15":"product-type-simple"},"_links":{"self":[{"href":"https:\/\/raktava.lt\/en\/wp-json\/wp\/v2\/product\/17272","targetHints":{"allow":["GET"]}}],"collection":[{"href":"https:\/\/raktava.lt\/en\/wp-json\/wp\/v2\/product"}],"about":[{"href":"https:\/\/raktava.lt\/en\/wp-json\/wp\/v2\/types\/product"}],"replies":[{"embeddable":true,"href":"https:\/\/raktava.lt\/en\/wp-json\/wp\/v2\/comments?post=17272"}],"version-history":[{"count":1,"href":"https:\/\/raktava.lt\/en\/wp-json\/wp\/v2\/product\/17272\/revisions"}],"predecessor-version":[{"id":17281,"href":"https:\/\/raktava.lt\/en\/wp-json\/wp\/v2\/product\/17272\/revisions\/17281"}],"wp:featuredmedia":[{"embeddable":true,"href":"https:\/\/raktava.lt\/en\/wp-json\/wp\/v2\/media\/17273"}],"wp:attachment":[{"href":"https:\/\/raktava.lt\/en\/wp-json\/wp\/v2\/media?parent=17272"}],"wp:term":[{"taxonomy":"product_brand","embeddable":true,"href":"https:\/\/raktava.lt\/en\/wp-json\/wp\/v2\/product_brand?post=17272"},{"taxonomy":"product_cat","embeddable":true,"href":"https:\/\/raktava.lt\/en\/wp-json\/wp\/v2\/product_cat?post=17272"},{"taxonomy":"product_tag","embeddable":true,"href":"https:\/\/raktava.lt\/en\/wp-json\/wp\/v2\/product_tag?post=17272"}],"curies":[{"name":"wp","href":"https:\/\/api.w.org\/{rel}","templated":true}]}}