{"id":17216,"date":"2025-04-24T15:19:11","date_gmt":"2025-04-24T12:19:11","guid":{"rendered":"https:\/\/raktava.lt\/?post_type=product&#038;p=17216"},"modified":"2025-10-27T14:19:00","modified_gmt":"2025-10-27T12:19:00","slug":"antgalis-ipresuotas-i-galvute-1-4-t15-2","status":"publish","type":"product","link":"https:\/\/raktava.lt\/en\/product\/rankiniai-irankiai\/antgaliai-antgaliu-komplektai-ipresuoti-antgaliai\/antgaliai-ipresuoti-i-galvute-1-4\/antgalis-ipresuotas-i-galvute-1-4-t15-2\/","title":{"rendered":"Antgalis \u012fpresuotas \u012f galvut\u0119 1\/4 T15"},"content":{"rendered":"<p>Product description<br \/>\nProfessional TORX hex key, socket size 1\/4 &#8220;, mandrel size T15. Chrome-plated socket made of CrV6150 steel, pin made of AISI S2 steel and covered with a nickel layer. An indispensable tool in a car or mechanical workshop.<br \/>\nParameters<br \/>\nDIN: 3120<br \/>\nDrive: 1\/4 &#8221;<br \/>\nMaterial: CrV6150<br \/>\nSize: T15<br \/>\nLength [mm]: 37<br \/>\nIncluded quantity: 1<\/p>\n","protected":false},"excerpt":{"rendered":"<p>Antgalis \u012fpresuotas \u012f galvut\u0119 1\/4 T15<\/p>\n","protected":false},"featured_media":17221,"comment_status":"open","ping_status":"closed","template":"","meta":[],"product_brand":[563],"product_cat":[92],"product_tag":[951,636,1219,984,973,1220,1221],"class_list":{"0":"post-17216","1":"product","2":"type-product","3":"status-publish","4":"has-post-thumbnail","6":"product_brand-yato","7":"product_cat-antgaliai-ipresuoti-i-galvute-1-4","8":"product_tag-1-4","9":"product_tag-antgalis","10":"product_tag-antgalis-ipresuotas-i-galvute-1-4-t15","11":"product_tag-automobiliu-irankiai","12":"product_tag-rankiniai-irankiai","13":"product_tag-t15","14":"product_tag-yt-04303","16":"first","17":"instock","18":"taxable","19":"shipping-taxable","20":"purchasable","21":"product-type-simple"},"_links":{"self":[{"href":"https:\/\/raktava.lt\/en\/wp-json\/wp\/v2\/product\/17216","targetHints":{"allow":["GET"]}}],"collection":[{"href":"https:\/\/raktava.lt\/en\/wp-json\/wp\/v2\/product"}],"about":[{"href":"https:\/\/raktava.lt\/en\/wp-json\/wp\/v2\/types\/product"}],"replies":[{"embeddable":true,"href":"https:\/\/raktava.lt\/en\/wp-json\/wp\/v2\/comments?post=17216"}],"version-history":[{"count":1,"href":"https:\/\/raktava.lt\/en\/wp-json\/wp\/v2\/product\/17216\/revisions"}],"predecessor-version":[{"id":17225,"href":"https:\/\/raktava.lt\/en\/wp-json\/wp\/v2\/product\/17216\/revisions\/17225"}],"wp:featuredmedia":[{"embeddable":true,"href":"https:\/\/raktava.lt\/en\/wp-json\/wp\/v2\/media\/17221"}],"wp:attachment":[{"href":"https:\/\/raktava.lt\/en\/wp-json\/wp\/v2\/media?parent=17216"}],"wp:term":[{"taxonomy":"product_brand","embeddable":true,"href":"https:\/\/raktava.lt\/en\/wp-json\/wp\/v2\/product_brand?post=17216"},{"taxonomy":"product_cat","embeddable":true,"href":"https:\/\/raktava.lt\/en\/wp-json\/wp\/v2\/product_cat?post=17216"},{"taxonomy":"product_tag","embeddable":true,"href":"https:\/\/raktava.lt\/en\/wp-json\/wp\/v2\/product_tag?post=17216"}],"curies":[{"name":"wp","href":"https:\/\/api.w.org\/{rel}","templated":true}]}}