{"id":17210,"date":"2025-04-24T14:43:30","date_gmt":"2025-04-24T11:43:30","guid":{"rendered":"https:\/\/raktava.lt\/?post_type=product&#038;p=17210"},"modified":"2026-02-28T15:16:36","modified_gmt":"2026-02-28T13:16:36","slug":"antgaliu-5-kampiu-rinkinys-10vnt","status":"publish","type":"product","link":"https:\/\/raktava.lt\/en\/product\/rankiniai-irankiai\/antgaliai-antgaliu-komplektai-ipresuoti-antgaliai\/ipresuoti-5-kampiai-ts-torx-antgaliai\/antgaliu-5-kampiu-rinkinys-10vnt\/","title":{"rendered":"5-kampi\u0173 antgali\u0173  rinkinys 10vnt."},"content":{"rendered":"","protected":false},"excerpt":{"rendered":"<p>Antgali\u0173 5-kampi\u0173 rinkinys 10vnt.<\/p>\n","protected":false},"featured_media":17211,"comment_status":"open","ping_status":"closed","template":"","meta":[],"product_brand":[602],"product_cat":[90],"product_tag":[769,663,1492],"class_list":{"0":"post-17210","1":"product","2":"type-product","3":"status-publish","4":"has-post-thumbnail","6":"product_brand-ellien-tools","7":"product_cat-ipresuoti-5-kampiai-ts-torx-antgaliai","8":"product_tag-5-kampiai","9":"product_tag-antgaliai","10":"product_tag-sb2023","12":"first","13":"instock","14":"taxable","15":"shipping-taxable","16":"purchasable","17":"product-type-simple"},"_links":{"self":[{"href":"https:\/\/raktava.lt\/en\/wp-json\/wp\/v2\/product\/17210","targetHints":{"allow":["GET"]}}],"collection":[{"href":"https:\/\/raktava.lt\/en\/wp-json\/wp\/v2\/product"}],"about":[{"href":"https:\/\/raktava.lt\/en\/wp-json\/wp\/v2\/types\/product"}],"replies":[{"embeddable":true,"href":"https:\/\/raktava.lt\/en\/wp-json\/wp\/v2\/comments?post=17210"}],"version-history":[{"count":2,"href":"https:\/\/raktava.lt\/en\/wp-json\/wp\/v2\/product\/17210\/revisions"}],"predecessor-version":[{"id":18366,"href":"https:\/\/raktava.lt\/en\/wp-json\/wp\/v2\/product\/17210\/revisions\/18366"}],"wp:featuredmedia":[{"embeddable":true,"href":"https:\/\/raktava.lt\/en\/wp-json\/wp\/v2\/media\/17211"}],"wp:attachment":[{"href":"https:\/\/raktava.lt\/en\/wp-json\/wp\/v2\/media?parent=17210"}],"wp:term":[{"taxonomy":"product_brand","embeddable":true,"href":"https:\/\/raktava.lt\/en\/wp-json\/wp\/v2\/product_brand?post=17210"},{"taxonomy":"product_cat","embeddable":true,"href":"https:\/\/raktava.lt\/en\/wp-json\/wp\/v2\/product_cat?post=17210"},{"taxonomy":"product_tag","embeddable":true,"href":"https:\/\/raktava.lt\/en\/wp-json\/wp\/v2\/product_tag?post=17210"}],"curies":[{"name":"wp","href":"https:\/\/api.w.org\/{rel}","templated":true}]}}