{"id":17203,"date":"2025-04-24T14:33:16","date_gmt":"2025-04-24T11:33:16","guid":{"rendered":"https:\/\/raktava.lt\/?post_type=product&#038;p=17203"},"modified":"2025-04-24T14:33:16","modified_gmt":"2025-04-24T11:33:16","slug":"prailgintu-galvuciu-rinkinys-6-kampes-1-2-10-19mm","status":"publish","type":"product","link":"https:\/\/raktava.lt\/en\/product\/rankiniai-irankiai\/galvutes-galvuciu-komplektai-laikikliai-galvutems\/1-2-galvutes-ir-ju-komplektai\/prailgintu-galvuciu-rinkinys-6-kampes-1-2-10-19mm\/","title":{"rendered":"Prailgint\u0173 galvu\u010di\u0173 rinkinys 6-kamp\u0117s 1\/2 10-19mm"},"content":{"rendered":"<p>9 vnt. 1\/2&#8243; Galvut\u0117s prailgintos 6-kamp\u0117s<br \/>\n10, 12, 13, 14, 15, 16, 17, 18, 19 mm<\/p>\n","protected":false},"excerpt":{"rendered":"<p>Prailgint\u0173 galvu\u010di\u0173 rinkinys 6-kamp\u0117s 1\/2 10-19mm<\/p>\n","protected":false},"featured_media":17204,"comment_status":"open","ping_status":"closed","template":"","meta":[],"product_brand":[662],"product_cat":[50],"product_tag":[768,661],"class_list":{"0":"post-17203","1":"product","2":"type-product","3":"status-publish","4":"has-post-thumbnail","6":"product_brand-kingroy","7":"product_cat-1-2-galvutes-ir-ju-komplektai","8":"product_tag-galvute-sesiakampes","9":"product_tag-galvutes","11":"first","12":"instock","13":"taxable","14":"shipping-taxable","15":"purchasable","16":"product-type-simple"},"_links":{"self":[{"href":"https:\/\/raktava.lt\/en\/wp-json\/wp\/v2\/product\/17203","targetHints":{"allow":["GET"]}}],"collection":[{"href":"https:\/\/raktava.lt\/en\/wp-json\/wp\/v2\/product"}],"about":[{"href":"https:\/\/raktava.lt\/en\/wp-json\/wp\/v2\/types\/product"}],"replies":[{"embeddable":true,"href":"https:\/\/raktava.lt\/en\/wp-json\/wp\/v2\/comments?post=17203"}],"version-history":[{"count":1,"href":"https:\/\/raktava.lt\/en\/wp-json\/wp\/v2\/product\/17203\/revisions"}],"predecessor-version":[{"id":17206,"href":"https:\/\/raktava.lt\/en\/wp-json\/wp\/v2\/product\/17203\/revisions\/17206"}],"wp:featuredmedia":[{"embeddable":true,"href":"https:\/\/raktava.lt\/en\/wp-json\/wp\/v2\/media\/17204"}],"wp:attachment":[{"href":"https:\/\/raktava.lt\/en\/wp-json\/wp\/v2\/media?parent=17203"}],"wp:term":[{"taxonomy":"product_brand","embeddable":true,"href":"https:\/\/raktava.lt\/en\/wp-json\/wp\/v2\/product_brand?post=17203"},{"taxonomy":"product_cat","embeddable":true,"href":"https:\/\/raktava.lt\/en\/wp-json\/wp\/v2\/product_cat?post=17203"},{"taxonomy":"product_tag","embeddable":true,"href":"https:\/\/raktava.lt\/en\/wp-json\/wp\/v2\/product_tag?post=17203"}],"curies":[{"name":"wp","href":"https:\/\/api.w.org\/{rel}","templated":true}]}}