{"id":17091,"date":"2025-04-17T12:29:31","date_gmt":"2025-04-17T09:29:31","guid":{"rendered":"https:\/\/raktava.lt\/?post_type=product&#038;p=17091"},"modified":"2026-02-20T11:06:04","modified_gmt":"2026-02-20T09:06:04","slug":"verzliaraktis-su-terksle-vartoma-galvute-10mm","status":"publish","type":"product","link":"https:\/\/raktava.lt\/en\/product\/rankiniai-irankiai\/verzliarakciai-verzliarakciu-komplektai\/terksliniai-raktai-ju-komplektai\/verzliaraktis-su-terksle-vartoma-galvute-10mm\/","title":{"rendered":"Ver\u017eliaraktis su terk\u0161le vartoma galvute 10mm"},"content":{"rendered":"<pre class=\"tw-data-text tw-text-large tw-ta\" dir=\"ltr\" data-placeholder=\"Vertimas\" data-ved=\"2ahUKEwj-td_w3N6MAxWCFhAIHQVKC4YQ3ewLegQICBAV\" aria-label=\"I\u0161verstas tekstas: Prek\u0117s \u017eenklas Yato Simbolis YT-1676 Dydis 10 mm \u017diedinio ver\u017eliarak\u010dio tipas dvikampis Bendras ilgis 160 mm \u017diedinio ver\u017eliarak\u010dio plotis 23,2 mm \u017diedinio ver\u017eliarak\u010dio storis 7,8 mm Plok\u0161\u010diojo ver\u017eliarak\u010dio plotis 22,8 mm Plok\u0161\u010diojo ver\u017eliarak\u010dio storis 6,3 mm Med\u017eiaga CrV Pavir\u0161iaus apdaila chromuotas, poliruotas, gr\u016bdintas indukciniu b\u016bdu Galvos apdaila poliruoti Kietumas 42-49 HRC Reketas taip Dant\u0173 skai\u010dius 72 Sukimosi krypties jungiklis ne Jungtis taip Taikymas dirbtuv\u0117s Atviras raktas su reketu ir jungtimi 10 mm. Auk\u0161tos kokyb\u0117s atviras ver\u017eliaraktis su reketu ir jungtimi. Skirta automobili\u0173 dirbtuv\u0117ms, servisams ir \u201epasidaryk pats\u201c entuziastams. Papildoma informacija: pagamintas i\u0161 auk\u0161tos kokyb\u0117s chromo-vanad\u017eio plieno, u\u017etikrinan\u010dio patvarum\u0105 ir ilg\u0105 tarnavimo laik\u0105 chromuotas, poliruotas, indukciniu b\u016bdu gr\u016bdintas pavir\u0161ius tiksli reketas su 72 dantimis ir 12 kamp\u0173 akute prakti\u0161ka jungtis, leid\u017eianti dirbti ver\u017eliarak\u010diu net ir sunkiai pasiekiamose vietose\"><span class=\"Y2IQFc\" lang=\"lt\">Auk\u0161tos kokyb\u0117s atviras ver\u017eliaraktis su reketu ir jungtimi. Skirta automobili\u0173 dirbtuv\u0117ms, servisams ir \u201epasidaryk pats\u201c entuziastams.\r\n<\/span><\/pre>\n<pre id=\"tw-target-text\" class=\"tw-data-text tw-text-large tw-ta\" dir=\"ltr\" data-placeholder=\"Vertimas\" data-ved=\"2ahUKEwj-td_w3N6MAxWCFhAIHQVKC4YQ3ewLegQICBAV\" aria-label=\"I\u0161verstas tekstas: Prek\u0117s \u017eenklas Yato Simbolis YT-1676 Dydis 10 mm \u017diedinio ver\u017eliarak\u010dio tipas dvikampis Bendras ilgis 160 mm \u017diedinio ver\u017eliarak\u010dio plotis 23,2 mm \u017diedinio ver\u017eliarak\u010dio storis 7,8 mm Plok\u0161\u010diojo ver\u017eliarak\u010dio plotis 22,8 mm Plok\u0161\u010diojo ver\u017eliarak\u010dio storis 6,3 mm Med\u017eiaga CrV Pavir\u0161iaus apdaila chromuotas, poliruotas, gr\u016bdintas indukciniu b\u016bdu Galvos apdaila poliruoti Kietumas 42-49 HRC Reketas taip Dant\u0173 skai\u010dius 72 Sukimosi krypties jungiklis ne Jungtis taip Taikymas dirbtuv\u0117s Atviras raktas su reketu ir jungtimi 10 mm. Auk\u0161tos kokyb\u0117s atviras ver\u017eliaraktis su reketu ir jungtimi. Skirta automobili\u0173 dirbtuv\u0117ms, servisams ir \u201epasidaryk pats\u201c entuziastams. Papildoma informacija: pagamintas i\u0161 auk\u0161tos kokyb\u0117s chromo-vanad\u017eio plieno, u\u017etikrinan\u010dio patvarum\u0105 ir ilg\u0105 tarnavimo laik\u0105 chromuotas, poliruotas, indukciniu b\u016bdu gr\u016bdintas pavir\u0161ius tiksli reketas su 72 dantimis ir 12 kamp\u0173 akute prakti\u0161ka jungtis, leid\u017eianti dirbti ver\u017eliarak\u010diu net ir sunkiai pasiekiamose vietose\"><span class=\"Y2IQFc\" lang=\"lt\"><strong>Papildoma informacija:<\/strong>\r\npagamintas i\u0161 auk\u0161tos kokyb\u0117s chromo-vanad\u017eio plieno, u\u017etikrinan\u010dio patvarum\u0105 ir ilg\u0105 tarnavimo laik\u0105, chromuotas, poliruotas, indukciniu b\u016bdu gr\u016bdintas pavir\u0161ius, terk\u0161l\u0117 su 72 dantimis ir 12 kamp\u0173 akute, prakti\u0161ka jungtis, leid\u017eianti dirbti ver\u017eliarak\u010diu net ir sunkiai pasiekiamose vietose.\r\n\r\nVisas ilgis (L): 160 mm \r\nVer\u017eliarak\u010dio (B) plotis: 22,8 mm \r\nVer\u017eliarak\u010dio plotis (D): 23,2 mm \r\nVer\u017eliarak\u010dio storis (S1): 6,3 mm \r\nVer\u017eliarak\u010dio storis (S2): 7,8 mm\r\n\r\n\r\n<\/span><\/pre>\n","protected":false},"excerpt":{"rendered":"<p>Ver\u017eliaraktis su terk\u0161le vartoma galvute 10mm<\/p>\n","protected":false},"featured_media":17092,"comment_status":"open","ping_status":"closed","template":"","meta":[],"product_brand":[563],"product_cat":[116],"product_tag":[649,2098,2099],"class_list":{"0":"post-17091","1":"product","2":"type-product","3":"status-publish","4":"has-post-thumbnail","6":"product_brand-yato","7":"product_cat-terksliniai-raktai-ju-komplektai","8":"product_tag-verzliaraktis","9":"product_tag-verzliaraktis-su-terksle-10mm","10":"product_tag-yt-1676","12":"first","13":"instock","14":"taxable","15":"shipping-taxable","16":"purchasable","17":"product-type-simple"},"_links":{"self":[{"href":"https:\/\/raktava.lt\/en\/wp-json\/wp\/v2\/product\/17091","targetHints":{"allow":["GET"]}}],"collection":[{"href":"https:\/\/raktava.lt\/en\/wp-json\/wp\/v2\/product"}],"about":[{"href":"https:\/\/raktava.lt\/en\/wp-json\/wp\/v2\/types\/product"}],"replies":[{"embeddable":true,"href":"https:\/\/raktava.lt\/en\/wp-json\/wp\/v2\/comments?post=17091"}],"version-history":[{"count":4,"href":"https:\/\/raktava.lt\/en\/wp-json\/wp\/v2\/product\/17091\/revisions"}],"predecessor-version":[{"id":17105,"href":"https:\/\/raktava.lt\/en\/wp-json\/wp\/v2\/product\/17091\/revisions\/17105"}],"wp:featuredmedia":[{"embeddable":true,"href":"https:\/\/raktava.lt\/en\/wp-json\/wp\/v2\/media\/17092"}],"wp:attachment":[{"href":"https:\/\/raktava.lt\/en\/wp-json\/wp\/v2\/media?parent=17091"}],"wp:term":[{"taxonomy":"product_brand","embeddable":true,"href":"https:\/\/raktava.lt\/en\/wp-json\/wp\/v2\/product_brand?post=17091"},{"taxonomy":"product_cat","embeddable":true,"href":"https:\/\/raktava.lt\/en\/wp-json\/wp\/v2\/product_cat?post=17091"},{"taxonomy":"product_tag","embeddable":true,"href":"https:\/\/raktava.lt\/en\/wp-json\/wp\/v2\/product_tag?post=17091"}],"curies":[{"name":"wp","href":"https:\/\/api.w.org\/{rel}","templated":true}]}}