{"id":17075,"date":"2025-04-17T12:14:34","date_gmt":"2025-04-17T09:14:34","guid":{"rendered":"https:\/\/raktava.lt\/?post_type=product&#038;p=17075"},"modified":"2025-12-09T16:54:16","modified_gmt":"2025-12-09T14:54:16","slug":"verzliaraktis-su-terksle-reversinis-16mm","status":"publish","type":"product","link":"https:\/\/raktava.lt\/en\/product\/rankiniai-irankiai\/verzliarakciai-verzliarakciu-komplektai\/terksliniai-raktai-ju-komplektai\/verzliaraktis-su-terksle-reversinis-16mm\/","title":{"rendered":"Ver\u017eliaraktis su terk\u0161le reversinis 16mm"},"content":{"rendered":"<pre class=\"tw-data-text tw-text-large tw-ta\" dir=\"ltr\" data-placeholder=\"Vertimas\" data-ved=\"2ahUKEwj-td_w3N6MAxWCFhAIHQVKC4YQ3ewLegQICBAV\" aria-label=\"I\u0161verstas tekstas: Prek\u0117s \u017eenklas\r\nYato\r\nSimbolis\r\nYT-1659\r\nDydis 16 mm\r\n\u017diedinio ver\u017eliarak\u010dio tipas\r\ndvikampis\r\nBendras ilgis\r\n210 mm\r\n\u017diedinio ver\u017eliarak\u010dio plotis\r\n32,9 mm\r\n\u017diedinio ver\u017eliarak\u010dio storis\r\n10,3 mm\r\nPlok\u0161\u010diojo ver\u017eliarak\u010dio plotis\r\n33,9 mm\r\nPlok\u0161\u010diojo ver\u017eliarak\u010dio storis\r\n8,4 mm\r\nMed\u017eiaga\r\nCrV\r\nPavir\u0161iaus apdaila\r\nchromuotas, poliruotas, gr\u016bdintas indukciniu b\u016bdu\r\nGalvos apdaila\r\npoliruoti\r\nKietumas\r\n42-49 HRC\r\nReketas\r\ntaip\r\nDant\u0173 skai\u010dius\r\n72\r\nSukimosi krypties jungiklis\r\ntaip\r\nTaikymas\r\ndirbtuv\u0117s\r\n\r\nVer\u017eliaraktis su reketu ir sukimosi krypties jungikliu. Skirta automobili\u0173 dirbtuv\u0117ms ir servisams.\r\n\r\npagamintas i\u0161 auk\u0161tos kokyb\u0117s CrV plieno\r\nchromuotas, poliruotas, indukciniu b\u016bdu gr\u016bdintas pavir\u0161ius\r\nreketas su 72 dantimis ir 12 kamp\u0173 akute\r\n\r\nVisas ilgis (L): 210 mm\r\nVer\u017eliarak\u010dio (B) plotis: 33,9 mm\r\nVer\u017eliarak\u010dio plotis (D): 32,9 mm\r\nVer\u017eliarak\u010dio storis (S1): 8,4 mm\r\nVer\u017eliarak\u010dio storis (S2): 10,3 mm\"><span class=\"Y2IQFc\" lang=\"lt\">Ver\u017eliaraktis su terk\u0161le ir sukimosi krypties jungikliu. Skirta automobili\u0173 dirbtuv\u0117ms ir servisams.\r\n<\/span><\/pre>\n<pre class=\"tw-data-text tw-text-large tw-ta\" dir=\"ltr\" data-placeholder=\"Vertimas\" data-ved=\"2ahUKEwj-td_w3N6MAxWCFhAIHQVKC4YQ3ewLegQICBAV\" aria-label=\"I\u0161verstas tekstas: Prek\u0117s \u017eenklas\r\nYato\r\nSimbolis\r\nYT-1659\r\nDydis 16 mm\r\n\u017diedinio ver\u017eliarak\u010dio tipas\r\ndvikampis\r\nBendras ilgis\r\n210 mm\r\n\u017diedinio ver\u017eliarak\u010dio plotis\r\n32,9 mm\r\n\u017diedinio ver\u017eliarak\u010dio storis\r\n10,3 mm\r\nPlok\u0161\u010diojo ver\u017eliarak\u010dio plotis\r\n33,9 mm\r\nPlok\u0161\u010diojo ver\u017eliarak\u010dio storis\r\n8,4 mm\r\nMed\u017eiaga\r\nCrV\r\nPavir\u0161iaus apdaila\r\nchromuotas, poliruotas, gr\u016bdintas indukciniu b\u016bdu\r\nGalvos apdaila\r\npoliruoti\r\nKietumas\r\n42-49 HRC\r\nReketas\r\ntaip\r\nDant\u0173 skai\u010dius\r\n72\r\nSukimosi krypties jungiklis\r\ntaip\r\nTaikymas\r\ndirbtuv\u0117s\r\n\r\nVer\u017eliaraktis su reketu ir sukimosi krypties jungikliu. Skirta automobili\u0173 dirbtuv\u0117ms ir servisams.\r\n\r\npagamintas i\u0161 auk\u0161tos kokyb\u0117s CrV plieno\r\nchromuotas, poliruotas, indukciniu b\u016bdu gr\u016bdintas pavir\u0161ius\r\nreketas su 72 dantimis ir 12 kamp\u0173 akute\r\n\r\nVisas ilgis (L): 210 mm\r\nVer\u017eliarak\u010dio (B) plotis: 33,9 mm\r\nVer\u017eliarak\u010dio plotis (D): 32,9 mm\r\nVer\u017eliarak\u010dio storis (S1): 8,4 mm\r\nVer\u017eliarak\u010dio storis (S2): 10,3 mm\"><span class=\"Y2IQFc\" lang=\"lt\">Pagamintas i\u0161 auk\u0161tos kokyb\u0117s CrV plieno, chromuotas, poliruotas, indukciniu b\u016bdu gr\u016bdintas pavir\u0161ius, terk\u0161l\u0117 su 72 dantimis ir 12 kamp\u0173 akute. \r\n<\/span><\/pre>\n<pre id=\"tw-target-text\" class=\"tw-data-text tw-text-large tw-ta\" dir=\"ltr\" data-placeholder=\"Vertimas\" data-ved=\"2ahUKEwj-td_w3N6MAxWCFhAIHQVKC4YQ3ewLegQICBAV\" aria-label=\"I\u0161verstas tekstas: Prek\u0117s \u017eenklas\r\nYato\r\nSimbolis\r\nYT-1659\r\nDydis 16 mm\r\n\u017diedinio ver\u017eliarak\u010dio tipas\r\ndvikampis\r\nBendras ilgis\r\n210 mm\r\n\u017diedinio ver\u017eliarak\u010dio plotis\r\n32,9 mm\r\n\u017diedinio ver\u017eliarak\u010dio storis\r\n10,3 mm\r\nPlok\u0161\u010diojo ver\u017eliarak\u010dio plotis\r\n33,9 mm\r\nPlok\u0161\u010diojo ver\u017eliarak\u010dio storis\r\n8,4 mm\r\nMed\u017eiaga\r\nCrV\r\nPavir\u0161iaus apdaila\r\nchromuotas, poliruotas, gr\u016bdintas indukciniu b\u016bdu\r\nGalvos apdaila\r\npoliruoti\r\nKietumas\r\n42-49 HRC\r\nReketas\r\ntaip\r\nDant\u0173 skai\u010dius\r\n72\r\nSukimosi krypties jungiklis\r\ntaip\r\nTaikymas\r\ndirbtuv\u0117s\r\n\r\nVer\u017eliaraktis su reketu ir sukimosi krypties jungikliu. Skirta automobili\u0173 dirbtuv\u0117ms ir servisams.\r\n\r\npagamintas i\u0161 auk\u0161tos kokyb\u0117s CrV plieno\r\nchromuotas, poliruotas, indukciniu b\u016bdu gr\u016bdintas pavir\u0161ius\r\nreketas su 72 dantimis ir 12 kamp\u0173 akute\r\n\r\nVisas ilgis (L): 210 mm\r\nVer\u017eliarak\u010dio (B) plotis: 33,9 mm\r\nVer\u017eliarak\u010dio plotis (D): 32,9 mm\r\nVer\u017eliarak\u010dio storis (S1): 8,4 mm\r\nVer\u017eliarak\u010dio storis (S2): 10,3 mm\"><span class=\"Y2IQFc\" lang=\"lt\">Visas ilgis (L): 210 mm\r\nVer\u017eliarak\u010dio (B) plotis: 33,9 mm\r\nVer\u017eliarak\u010dio plotis (D): 32,9 mm\r\nVer\u017eliarak\u010dio storis (S1): 8,4 mm\r\nVer\u017eliarak\u010dio storis (S2): 10,3 mm<\/span><\/pre>\n<pre id=\"tw-target-text\" class=\"tw-data-text tw-text-large tw-ta\" dir=\"ltr\" data-placeholder=\"Vertimas\" data-ved=\"2ahUKEwj-td_w3N6MAxWCFhAIHQVKC4YQ3ewLegQICBAV\" aria-label=\"I\u0161verstas tekstas: Prek\u0117s \u017eenklas\r\nYato\r\nSimbolis\r\nYT-1659\r\nDydis 16 mm\r\n\u017diedinio ver\u017eliarak\u010dio tipas\r\ndvikampis\r\nBendras ilgis\r\n210 mm\r\n\u017diedinio ver\u017eliarak\u010dio plotis\r\n32,9 mm\r\n\u017diedinio ver\u017eliarak\u010dio storis\r\n10,3 mm\r\nPlok\u0161\u010diojo ver\u017eliarak\u010dio plotis\r\n33,9 mm\r\nPlok\u0161\u010diojo ver\u017eliarak\u010dio storis\r\n8,4 mm\r\nMed\u017eiaga\r\nCrV\r\nPavir\u0161iaus apdaila\r\nchromuotas, poliruotas, gr\u016bdintas indukciniu b\u016bdu\r\nGalvos apdaila\r\npoliruoti\r\nKietumas\r\n42-49 HRC\r\nReketas\r\ntaip\r\nDant\u0173 skai\u010dius\r\n72\r\nSukimosi krypties jungiklis\r\ntaip\r\nTaikymas\r\ndirbtuv\u0117s\r\n\r\nVer\u017eliaraktis su reketu ir sukimosi krypties jungikliu. Skirta automobili\u0173 dirbtuv\u0117ms ir servisams.\r\n\r\npagamintas i\u0161 auk\u0161tos kokyb\u0117s CrV plieno\r\nchromuotas, poliruotas, indukciniu b\u016bdu gr\u016bdintas pavir\u0161ius\r\nreketas su 72 dantimis ir 12 kamp\u0173 akute\r\n\r\nVisas ilgis (L): 210 mm\r\nVer\u017eliarak\u010dio (B) plotis: 33,9 mm\r\nVer\u017eliarak\u010dio plotis (D): 32,9 mm\r\nVer\u017eliarak\u010dio storis (S1): 8,4 mm\r\nVer\u017eliarak\u010dio storis (S2): 10,3 mm\"><span class=\"Y2IQFc\" lang=\"lt\">\u00a0<\/span><\/pre>\n<pre id=\"tw-target-text\" class=\"tw-data-text tw-text-large tw-ta\" dir=\"ltr\" data-placeholder=\"Vertimas\" data-ved=\"2ahUKEwj-td_w3N6MAxWCFhAIHQVKC4YQ3ewLegQICBAV\" aria-label=\"I\u0161verstas tekstas: Prek\u0117s \u017eenklas\r\nYato\r\nSimbolis\r\nYT-1659\r\nDydis 16 mm\r\n\u017diedinio ver\u017eliarak\u010dio tipas\r\ndvikampis\r\nBendras ilgis\r\n210 mm\r\n\u017diedinio ver\u017eliarak\u010dio plotis\r\n32,9 mm\r\n\u017diedinio ver\u017eliarak\u010dio storis\r\n10,3 mm\r\nPlok\u0161\u010diojo ver\u017eliarak\u010dio plotis\r\n33,9 mm\r\nPlok\u0161\u010diojo ver\u017eliarak\u010dio storis\r\n8,4 mm\r\nMed\u017eiaga\r\nCrV\r\nPavir\u0161iaus apdaila\r\nchromuotas, poliruotas, gr\u016bdintas indukciniu b\u016bdu\r\nGalvos apdaila\r\npoliruoti\r\nKietumas\r\n42-49 HRC\r\nReketas\r\ntaip\r\nDant\u0173 skai\u010dius\r\n72\r\nSukimosi krypties jungiklis\r\ntaip\r\nTaikymas\r\ndirbtuv\u0117s\r\n\r\nVer\u017eliaraktis su reketu ir sukimosi krypties jungikliu. Skirta automobili\u0173 dirbtuv\u0117ms ir servisams.\r\n\r\npagamintas i\u0161 auk\u0161tos kokyb\u0117s CrV plieno\r\nchromuotas, poliruotas, indukciniu b\u016bdu gr\u016bdintas pavir\u0161ius\r\nreketas su 72 dantimis ir 12 kamp\u0173 akute\r\n\r\nVisas ilgis (L): 210 mm\r\nVer\u017eliarak\u010dio (B) plotis: 33,9 mm\r\nVer\u017eliarak\u010dio plotis (D): 32,9 mm\r\nVer\u017eliarak\u010dio storis (S1): 8,4 mm\r\nVer\u017eliarak\u010dio storis (S2): 10,3 mm\"><span class=\"Y2IQFc\" lang=\"lt\">\u00a0<\/span><\/pre>\n","protected":false},"excerpt":{"rendered":"<p>Ver\u017eliaraktis su terk\u0161le reversinis 16mm<\/p>\n","protected":false},"featured_media":17076,"comment_status":"open","ping_status":"closed","template":"","meta":[],"product_brand":[563],"product_cat":[116],"product_tag":[1245,649,748,1700],"class_list":{"0":"post-17075","1":"product","2":"type-product","3":"status-publish","4":"has-post-thumbnail","6":"product_brand-yato","7":"product_cat-terksliniai-raktai-ju-komplektai","8":"product_tag-16mm","9":"product_tag-verzliaraktis","10":"product_tag-verzliaraktis-su-terksle","11":"product_tag-yt-1659","13":"first","14":"instock","15":"taxable","16":"shipping-taxable","17":"purchasable","18":"product-type-simple"},"_links":{"self":[{"href":"https:\/\/raktava.lt\/en\/wp-json\/wp\/v2\/product\/17075","targetHints":{"allow":["GET"]}}],"collection":[{"href":"https:\/\/raktava.lt\/en\/wp-json\/wp\/v2\/product"}],"about":[{"href":"https:\/\/raktava.lt\/en\/wp-json\/wp\/v2\/types\/product"}],"replies":[{"embeddable":true,"href":"https:\/\/raktava.lt\/en\/wp-json\/wp\/v2\/comments?post=17075"}],"version-history":[{"count":2,"href":"https:\/\/raktava.lt\/en\/wp-json\/wp\/v2\/product\/17075\/revisions"}],"predecessor-version":[{"id":17087,"href":"https:\/\/raktava.lt\/en\/wp-json\/wp\/v2\/product\/17075\/revisions\/17087"}],"wp:featuredmedia":[{"embeddable":true,"href":"https:\/\/raktava.lt\/en\/wp-json\/wp\/v2\/media\/17076"}],"wp:attachment":[{"href":"https:\/\/raktava.lt\/en\/wp-json\/wp\/v2\/media?parent=17075"}],"wp:term":[{"taxonomy":"product_brand","embeddable":true,"href":"https:\/\/raktava.lt\/en\/wp-json\/wp\/v2\/product_brand?post=17075"},{"taxonomy":"product_cat","embeddable":true,"href":"https:\/\/raktava.lt\/en\/wp-json\/wp\/v2\/product_cat?post=17075"},{"taxonomy":"product_tag","embeddable":true,"href":"https:\/\/raktava.lt\/en\/wp-json\/wp\/v2\/product_tag?post=17075"}],"curies":[{"name":"wp","href":"https:\/\/api.w.org\/{rel}","templated":true}]}}