{"id":17051,"date":"2025-04-17T09:26:35","date_gmt":"2025-04-17T06:26:35","guid":{"rendered":"https:\/\/raktava.lt\/?post_type=product&#038;p=17051"},"modified":"2026-03-30T13:43:22","modified_gmt":"2026-03-30T10:43:22","slug":"verzliaraktis-su-terksle-18mm","status":"publish","type":"product","link":"https:\/\/raktava.lt\/en\/product\/rankiniai-irankiai\/verzliarakciai-verzliarakciu-komplektai\/terksliniai-raktai-ju-komplektai\/verzliaraktis-su-terksle-18mm\/","title":{"rendered":"Ver\u017eliaraktis su terk\u0161le 18mm"},"content":{"rendered":"","protected":false},"excerpt":{"rendered":"<p>Ver\u017eliaraktis su terk\u0161le 18mm<\/p>\n","protected":false},"featured_media":17042,"comment_status":"open","ping_status":"closed","template":"","meta":[],"product_brand":[626],"product_cat":[116],"product_tag":[1180,1265,649,747],"class_list":{"0":"post-17051","1":"product","2":"type-product","3":"status-publish","4":"has-post-thumbnail","6":"product_brand-changlu","7":"product_cat-terksliniai-raktai-ju-komplektai","8":"product_tag-18mm","9":"product_tag-cl400618","10":"product_tag-verzliaraktis","11":"product_tag-verzliaraktis-terkslinis","13":"first","14":"instock","15":"taxable","16":"shipping-taxable","17":"purchasable","18":"product-type-simple"},"_links":{"self":[{"href":"https:\/\/raktava.lt\/en\/wp-json\/wp\/v2\/product\/17051","targetHints":{"allow":["GET"]}}],"collection":[{"href":"https:\/\/raktava.lt\/en\/wp-json\/wp\/v2\/product"}],"about":[{"href":"https:\/\/raktava.lt\/en\/wp-json\/wp\/v2\/types\/product"}],"replies":[{"embeddable":true,"href":"https:\/\/raktava.lt\/en\/wp-json\/wp\/v2\/comments?post=17051"}],"version-history":[{"count":1,"href":"https:\/\/raktava.lt\/en\/wp-json\/wp\/v2\/product\/17051\/revisions"}],"predecessor-version":[{"id":17052,"href":"https:\/\/raktava.lt\/en\/wp-json\/wp\/v2\/product\/17051\/revisions\/17052"}],"wp:featuredmedia":[{"embeddable":true,"href":"https:\/\/raktava.lt\/en\/wp-json\/wp\/v2\/media\/17042"}],"wp:attachment":[{"href":"https:\/\/raktava.lt\/en\/wp-json\/wp\/v2\/media?parent=17051"}],"wp:term":[{"taxonomy":"product_brand","embeddable":true,"href":"https:\/\/raktava.lt\/en\/wp-json\/wp\/v2\/product_brand?post=17051"},{"taxonomy":"product_cat","embeddable":true,"href":"https:\/\/raktava.lt\/en\/wp-json\/wp\/v2\/product_cat?post=17051"},{"taxonomy":"product_tag","embeddable":true,"href":"https:\/\/raktava.lt\/en\/wp-json\/wp\/v2\/product_tag?post=17051"}],"curies":[{"name":"wp","href":"https:\/\/api.w.org\/{rel}","templated":true}]}}