{"id":16907,"date":"2025-04-07T12:35:19","date_gmt":"2025-04-07T09:35:19","guid":{"rendered":"https:\/\/raktava.lt\/?post_type=product&#038;p=16907"},"modified":"2025-04-07T12:35:19","modified_gmt":"2025-04-07T09:35:19","slug":"magnetine-lekste-4-magnetai-265x290-mm","status":"publish","type":"product","link":"https:\/\/raktava.lt\/en\/product\/automobiliu-remonto-irankiai\/magnetiniai-irankiai-griebtuvai-magnetai-veidrodeliai-pincetai\/magnetine-lekste-4-magnetai-265x290-mm\/","title":{"rendered":"Magnetin\u0117 l\u0117k\u0161t\u0117, 4 magnetai, 265&#215;290 mm"},"content":{"rendered":"","protected":false},"excerpt":{"rendered":"<p>Magnetin\u0117 l\u0117k\u0161t\u0117, 4 magnetai, 265&#215;290 mm<\/p>\n","protected":false},"featured_media":16908,"comment_status":"open","ping_status":"closed","template":"","meta":[],"product_brand":[560],"product_cat":[132],"product_tag":[722],"class_list":{"0":"post-16907","1":"product","2":"type-product","3":"status-publish","4":"has-post-thumbnail","6":"product_brand-essen-tools-germany","7":"product_cat-magnetiniai-irankiai-griebtuvai-magnetai-veidrodeliai-pincetai","8":"product_tag-magnetine-lekste","10":"first","11":"instock","12":"taxable","13":"shipping-taxable","14":"purchasable","15":"product-type-simple"},"_links":{"self":[{"href":"https:\/\/raktava.lt\/en\/wp-json\/wp\/v2\/product\/16907","targetHints":{"allow":["GET"]}}],"collection":[{"href":"https:\/\/raktava.lt\/en\/wp-json\/wp\/v2\/product"}],"about":[{"href":"https:\/\/raktava.lt\/en\/wp-json\/wp\/v2\/types\/product"}],"replies":[{"embeddable":true,"href":"https:\/\/raktava.lt\/en\/wp-json\/wp\/v2\/comments?post=16907"}],"version-history":[{"count":1,"href":"https:\/\/raktava.lt\/en\/wp-json\/wp\/v2\/product\/16907\/revisions"}],"predecessor-version":[{"id":16910,"href":"https:\/\/raktava.lt\/en\/wp-json\/wp\/v2\/product\/16907\/revisions\/16910"}],"wp:featuredmedia":[{"embeddable":true,"href":"https:\/\/raktava.lt\/en\/wp-json\/wp\/v2\/media\/16908"}],"wp:attachment":[{"href":"https:\/\/raktava.lt\/en\/wp-json\/wp\/v2\/media?parent=16907"}],"wp:term":[{"taxonomy":"product_brand","embeddable":true,"href":"https:\/\/raktava.lt\/en\/wp-json\/wp\/v2\/product_brand?post=16907"},{"taxonomy":"product_cat","embeddable":true,"href":"https:\/\/raktava.lt\/en\/wp-json\/wp\/v2\/product_cat?post=16907"},{"taxonomy":"product_tag","embeddable":true,"href":"https:\/\/raktava.lt\/en\/wp-json\/wp\/v2\/product_tag?post=16907"}],"curies":[{"name":"wp","href":"https:\/\/api.w.org\/{rel}","templated":true}]}}