{"id":16794,"date":"2025-03-20T14:58:43","date_gmt":"2025-03-20T12:58:43","guid":{"rendered":"https:\/\/raktava.lt\/?post_type=product&#038;p=16794"},"modified":"2025-12-10T16:15:14","modified_gmt":"2025-12-10T14:15:14","slug":"traukiu-antgalio-nuemiklis-23-mm","status":"publish","type":"product","link":"https:\/\/raktava.lt\/en\/product\/automobiliu-remonto-irankiai\/irankiai-nuemimui\/sarnyru-traukiu-antgaliu-nuemikliai\/traukiu-antgalio-nuemiklis-23-mm\/","title":{"rendered":"Trauki\u0173 antgalio nu\u0117miklis 23 mm"},"content":{"rendered":"","protected":false},"excerpt":{"rendered":"<p>Trauki\u0173 antgalio nu\u0117miklis 23 mm<\/p>\n","protected":false},"featured_media":1243,"comment_status":"open","ping_status":"closed","template":"","meta":[],"product_brand":[662],"product_cat":[163],"product_tag":[],"class_list":{"0":"post-16794","1":"product","2":"type-product","3":"status-publish","4":"has-post-thumbnail","6":"product_brand-kingroy","7":"product_cat-sarnyru-traukiu-antgaliu-nuemikliai","9":"first","10":"instock","11":"taxable","12":"shipping-taxable","13":"purchasable","14":"product-type-simple"},"_links":{"self":[{"href":"https:\/\/raktava.lt\/en\/wp-json\/wp\/v2\/product\/16794","targetHints":{"allow":["GET"]}}],"collection":[{"href":"https:\/\/raktava.lt\/en\/wp-json\/wp\/v2\/product"}],"about":[{"href":"https:\/\/raktava.lt\/en\/wp-json\/wp\/v2\/types\/product"}],"replies":[{"embeddable":true,"href":"https:\/\/raktava.lt\/en\/wp-json\/wp\/v2\/comments?post=16794"}],"version-history":[{"count":1,"href":"https:\/\/raktava.lt\/en\/wp-json\/wp\/v2\/product\/16794\/revisions"}],"predecessor-version":[{"id":16795,"href":"https:\/\/raktava.lt\/en\/wp-json\/wp\/v2\/product\/16794\/revisions\/16795"}],"wp:featuredmedia":[{"embeddable":true,"href":"https:\/\/raktava.lt\/en\/wp-json\/wp\/v2\/media\/1243"}],"wp:attachment":[{"href":"https:\/\/raktava.lt\/en\/wp-json\/wp\/v2\/media?parent=16794"}],"wp:term":[{"taxonomy":"product_brand","embeddable":true,"href":"https:\/\/raktava.lt\/en\/wp-json\/wp\/v2\/product_brand?post=16794"},{"taxonomy":"product_cat","embeddable":true,"href":"https:\/\/raktava.lt\/en\/wp-json\/wp\/v2\/product_cat?post=16794"},{"taxonomy":"product_tag","embeddable":true,"href":"https:\/\/raktava.lt\/en\/wp-json\/wp\/v2\/product_tag?post=16794"}],"curies":[{"name":"wp","href":"https:\/\/api.w.org\/{rel}","templated":true}]}}