{"id":16772,"date":"2025-03-20T11:38:23","date_gmt":"2025-03-20T09:38:23","guid":{"rendered":"https:\/\/raktava.lt\/?post_type=product&#038;p=16772"},"modified":"2026-03-27T11:30:57","modified_gmt":"2026-03-27T09:30:57","slug":"stabdziu-nuorinimo-vienakryptis-voztuvas","status":"publish","type":"product","link":"https:\/\/raktava.lt\/en\/product\/automobiliu-remonto-irankiai\/vaziuokles-remonto-irankiai\/stabdziu-remonto-irankiai\/stabdziu-nuorinimo-vienakryptis-voztuvas\/","title":{"rendered":"Stabd\u017ei\u0173 nuorinimo vienakryptis vo\u017etuvas"},"content":{"rendered":"<p>Pagaminta i\u0161 aliuminio<br \/>\nAtspari korozijai d\u0117l naudojamo stabd\u017ei\u0173 skys\u010dio<br \/>\nMink\u0161to plastiko \u017earna palengvina darb\u0105 u\u017emaunant ar nuimant<br \/>\nVienakryptis vo\u017etuvas neleid\u017eia orui patekti \u012f sistem\u0105<br \/>\nPaprasta ir lengva prijungti spaustukus taip i\u0161vengsite nereikalingo skys\u010dio nutek\u0117jimo.<\/p>\n<p><iframe title=\"How to Bleed your Brakes Using a One Way Valve\" width=\"800\" height=\"450\" src=\"https:\/\/www.youtube.com\/embed\/KEUkU4Tv-c8?feature=oembed\" frameborder=\"0\" allow=\"accelerometer; autoplay; clipboard-write; encrypted-media; gyroscope; picture-in-picture; web-share\" referrerpolicy=\"strict-origin-when-cross-origin\" allowfullscreen><\/iframe><\/p>\n","protected":false},"excerpt":{"rendered":"<p>Stabd\u017ei\u0173 nuorinimo vienakryptis vo\u017etuvas<\/p>\n","protected":false},"featured_media":16773,"comment_status":"open","ping_status":"closed","template":"","meta":[],"product_brand":[],"product_cat":[64],"product_tag":[2039,686,2038],"class_list":{"0":"post-16772","1":"product","2":"type-product","3":"status-publish","4":"has-post-thumbnail","6":"product_cat-stabdziu-remonto-irankiai","7":"product_tag-mhr10721","8":"product_tag-stabdziu-nuorinimas","9":"product_tag-stabdziu-nuorinimo-irankis","11":"first","12":"instock","13":"taxable","14":"shipping-taxable","15":"purchasable","16":"product-type-simple"},"_links":{"self":[{"href":"https:\/\/raktava.lt\/en\/wp-json\/wp\/v2\/product\/16772","targetHints":{"allow":["GET"]}}],"collection":[{"href":"https:\/\/raktava.lt\/en\/wp-json\/wp\/v2\/product"}],"about":[{"href":"https:\/\/raktava.lt\/en\/wp-json\/wp\/v2\/types\/product"}],"replies":[{"embeddable":true,"href":"https:\/\/raktava.lt\/en\/wp-json\/wp\/v2\/comments?post=16772"}],"version-history":[{"count":1,"href":"https:\/\/raktava.lt\/en\/wp-json\/wp\/v2\/product\/16772\/revisions"}],"predecessor-version":[{"id":16780,"href":"https:\/\/raktava.lt\/en\/wp-json\/wp\/v2\/product\/16772\/revisions\/16780"}],"wp:featuredmedia":[{"embeddable":true,"href":"https:\/\/raktava.lt\/en\/wp-json\/wp\/v2\/media\/16773"}],"wp:attachment":[{"href":"https:\/\/raktava.lt\/en\/wp-json\/wp\/v2\/media?parent=16772"}],"wp:term":[{"taxonomy":"product_brand","embeddable":true,"href":"https:\/\/raktava.lt\/en\/wp-json\/wp\/v2\/product_brand?post=16772"},{"taxonomy":"product_cat","embeddable":true,"href":"https:\/\/raktava.lt\/en\/wp-json\/wp\/v2\/product_cat?post=16772"},{"taxonomy":"product_tag","embeddable":true,"href":"https:\/\/raktava.lt\/en\/wp-json\/wp\/v2\/product_tag?post=16772"}],"curies":[{"name":"wp","href":"https:\/\/api.w.org\/{rel}","templated":true}]}}