{"id":16764,"date":"2025-03-20T11:33:20","date_gmt":"2025-03-20T09:33:20","guid":{"rendered":"https:\/\/raktava.lt\/?post_type=product&#038;p=16764"},"modified":"2025-03-20T11:51:28","modified_gmt":"2025-03-20T09:51:28","slug":"stabdziu-sistemos-nuorinimo-irankis-2","status":"publish","type":"product","link":"https:\/\/raktava.lt\/en\/product\/automobiliu-remonto-irankiai\/vaziuokles-remonto-irankiai\/stabdziu-remonto-irankiai\/stabdziu-sistemos-nuorinimo-irankis-2\/","title":{"rendered":"Stabd\u017ei\u0173 sistemos nuorinimo \u012frankis"},"content":{"rendered":"<p>Kokybi\u0161ka \u017earna<\/p>\n<p>High quality hose<br \/>\nSimple, one-man operation using standard workshop air supply (90-120psi). \u2022 Quick, clean and efficient. \u2022 Does not require specialised brake reservoir caps. \u2022 Draws fluid from the bleed nipple enabling either bleeding or full replacement of fluid in system. \u2022 Includes guidance notes.<\/p>\n<p>Air Supply:90-120psi<br \/>\nAir Consumption:180ltr\/min<br \/>\nVacuum:60%<br \/>\nTank Capacity:1ltr<br \/>\nInlet Size:1\/4&#8243;&#8221;BSP<br \/>\nThis Brake &amp; Clutch Bleeder Vacuum Type 1ltr can be found on catalogue page number 462.<br \/>\nThis product weighs 0.60kg<\/p>\n","protected":false},"excerpt":{"rendered":"<p>Stabd\u017ei\u0173 sistemos nuorinimo \u012frankis<\/p>\n","protected":false},"featured_media":16765,"comment_status":"open","ping_status":"closed","template":"","meta":[],"product_brand":[560],"product_cat":[64],"product_tag":[686],"class_list":{"0":"post-16764","1":"product","2":"type-product","3":"status-publish","4":"has-post-thumbnail","6":"product_brand-essen-tools-germany","7":"product_cat-stabdziu-remonto-irankiai","8":"product_tag-stabdziu-nuorinimas","10":"first","11":"instock","12":"taxable","13":"shipping-taxable","14":"purchasable","15":"product-type-simple"},"_links":{"self":[{"href":"https:\/\/raktava.lt\/en\/wp-json\/wp\/v2\/product\/16764","targetHints":{"allow":["GET"]}}],"collection":[{"href":"https:\/\/raktava.lt\/en\/wp-json\/wp\/v2\/product"}],"about":[{"href":"https:\/\/raktava.lt\/en\/wp-json\/wp\/v2\/types\/product"}],"replies":[{"embeddable":true,"href":"https:\/\/raktava.lt\/en\/wp-json\/wp\/v2\/comments?post=16764"}],"version-history":[{"count":1,"href":"https:\/\/raktava.lt\/en\/wp-json\/wp\/v2\/product\/16764\/revisions"}],"predecessor-version":[{"id":16771,"href":"https:\/\/raktava.lt\/en\/wp-json\/wp\/v2\/product\/16764\/revisions\/16771"}],"wp:featuredmedia":[{"embeddable":true,"href":"https:\/\/raktava.lt\/en\/wp-json\/wp\/v2\/media\/16765"}],"wp:attachment":[{"href":"https:\/\/raktava.lt\/en\/wp-json\/wp\/v2\/media?parent=16764"}],"wp:term":[{"taxonomy":"product_brand","embeddable":true,"href":"https:\/\/raktava.lt\/en\/wp-json\/wp\/v2\/product_brand?post=16764"},{"taxonomy":"product_cat","embeddable":true,"href":"https:\/\/raktava.lt\/en\/wp-json\/wp\/v2\/product_cat?post=16764"},{"taxonomy":"product_tag","embeddable":true,"href":"https:\/\/raktava.lt\/en\/wp-json\/wp\/v2\/product_tag?post=16764"}],"curies":[{"name":"wp","href":"https:\/\/api.w.org\/{rel}","templated":true}]}}