{"id":16751,"date":"2025-03-20T11:23:00","date_gmt":"2025-03-20T09:23:00","guid":{"rendered":"https:\/\/raktava.lt\/?post_type=product&#038;p=16751"},"modified":"2026-04-14T14:53:05","modified_gmt":"2026-04-14T11:53:05","slug":"ismuseju-rinkinys-150mm-8-vnt-iskaitant-kaltus-centro-zymekli","status":"publish","type":"product","link":"https:\/\/raktava.lt\/en\/product\/rankiniai-irankiai\/ismusimo-iskalimo-irankiai-kaltai-ismusikliai-zymekliai-centro-zymekliai-skyliu-ismusejai\/ismuseju-rinkinys-150mm-8-vnt-iskaitant-kaltus-centro-zymekli\/","title":{"rendered":"I\u0161mu\u0161\u0117j\u0173 rinkinys 150mm 8 vnt. (\u012fskaitant kaltus + centro \u017eymekl\u012f)"},"content":{"rendered":"<div id=\"tw-container\" class=\"nev7se\" data-cp=\"1\" data-nnttsvi=\"1\" data-sletp=\"false\" data-sm=\"1\" data-ssbp=\"false\" data-sugg-time=\"500\" data-sugg-url=\"https:\/\/clients1.google.com\/complete\/search\" data-uilc=\"lt\" data-vil=\",af,af-ZA,am,am-ET,ar-EG,ar-AE,ar-KW,ar-QA,ar,ar-IL,ar-JO,ar-LB,ar-PS,az,az-AZ,bg,bg-BG,bn,bn-BD,bn-IN,ca,ca-es,cs,cs-CZ,de,de-DE,de-CH,de-AT,de-LI,en,en-US,en-CA,en-AU,en-NZ,en-GB,en-IN,en-KE,en-TZ,en-NG,en-GH,en-PH,en-ZA,es,es-ES,es-AR,es-UY,es-419,es-BO,es-CL,es-CR,es-CO,es-DO,es-EC,es-GT,es-HN,es-NI,es-PA,es-PE,es-PR,es-PY,es-SV,es-VE,es-MX,es-US,eu,eu-ES,fi,fi-FI,fr,fr-FR,fr-CH,fr-BE,gl,gl-ES,gu,gu-IN,he,he-IL,iw,iw-IL,hu,hu-HU,hy,hy-AM,id,id-ID,is,is-IS,it,it-IT,it-CH,ja,ja-JP,jv,jv-ID,ka,ka-GE,km,km-KH,kn,kn-IN,ko,ko-KR,la,lo,lo-LA,lv,lv-LV,ml,ml-IN,mr,mr-IN,ms,ms-MY,nl,nl-NL,nb,nb-NO,ne,ne-NP,pl,pl-PL,pt,pt-BR,pt-PT,ro,ro-RO,ru,ru-RU,si-LK,sk,sk-SK,sr,sr-RS,su,su-ID,sv,sv-SE,sw,sw-TZ,sw-KE,ta,ta-IN,ta-SG,ta-LK,ta-MY,te,te-IN,tr,tr-TR,ur,ur-PK,ur-IN,yue,yue-HK,yue-Hant-HK,zh-HK,zh,zh-CN,zh-cmn,zh-cmn-CN,zh-Hans,zh-Hans-CN,zh-cmn-Hans,zh-cmn-Hans-CN,cmn-CN,cmn-Hans,cmn-Hans-CN,zh-TW,zh-Hant-TW,cmn-TW,cmn-Hant-TW,zh-cmn-TW,zh-cmn-Hant-TW,zu,zu-ZA,hi,hi-IN,tl,tl-PH,pa,pa-IN\">\n<div>\n<div>\n<div id=\"tw-ob\" class=\"tw-src-ltr\">\n<div class=\"oSioSc\">\n<div id=\"tw-target\">\n<div id=\"kAz1tf\" class=\"g9WsWb PZPZlf\" data-attrid=\"tw-targetArea\" data-entityname=\"Google Translate\">\n<div id=\"tw-target-text-container\" class=\"tw-ta-container tw-nfl\" tabindex=\"0\" role=\"text\">\n<pre class=\"tw-data-text tw-text-large tw-ta\" dir=\"ltr\" tabindex=\"-1\" role=\"text\" data-placeholder=\"Vertimas\" data-ved=\"2ahUKEwiVtf7L0uyTAxVn2QIHHdrQEMUQ3ewLegQIDBAV\" aria-label=\"I\u0161verstas tekstas: 5 gr\u016bdinti kai\u0161\u010di\u0173 pramu\u0161tuvai su \u0161e\u0161iakampiu kotu, ilgis 150 mm: 3 - 4 - 5 - 6 - 8 mm\r\n1 plok\u0161\u010dias kaltas, ilgis: 150 mm x 15 mm\r\n1 kry\u017eminis kaltas, ilgis: 150 mm x 4 mm\r\n1 centrinis pramu\u0161tuvas, ilgis: 150 mm\r\nTechniniai duomenys\r\nBendras svoris 760 g\"><span class=\"Y2IQFc\" lang=\"lt\">pramu\u0161tuvai su \u0161e\u0161iakampiu kotu, ilgis 150 mm: 3 - 4 - 5 - 6 - 8 mm\r\n1 plok\u0161\u010dias kaltas, ilgis: 150 mm x 15 mm\r\n1 kry\u017eminis kaltas, ilgis: 150 mm x 4 mm\r\n1 centrinis pramu\u0161tuvas, ilgis: 150 mm\r\n<strong>Techniniai duomenys<\/strong>\r\nBendras svoris 760 g\r\n<img decoding=\"async\" src=\"https:\/\/vigorus.lt\/files\/piktogramos\/25.gif\" \/><img decoding=\"async\" src=\"https:\/\/vigorus.lt\/files\/piktogramos\/42.jpg\" \/><\/span><\/pre>\n<hr \/>\n<\/div>\n<div id=\"tw-target-rmn-container\" class=\"tw-target-rmn tw-ta-container tw-nfl\" tabindex=\"-1\" role=\"text\">\n<pre id=\"tw-target-rmn\" class=\"tw-data-placeholder tw-text-small tw-ta\" dir=\"ltr\" tabindex=\"-1\" role=\"text\" data-placeholder=\"\"><em>Nurodytos kainos galioja perkant internetu.<\/em><\/pre>\n<\/div>\n<div class=\"iYB33c\">\n<div id=\"tw-tmenu\" class=\"tw-menu\"><\/div>\n<\/div>\n<\/div>\n<\/div>\n<\/div>\n<\/div>\n<div id=\"tw-images\"><\/div>\n<div class=\"dURPtb\"><\/div>\n<div>\n<div data-vpload=\"nYCnEd\" data-v=\"\" data-ne=\"1\">\n<div id=\"tsuid_ZtXdaZXqL-eyi-gP2qHDqAw_55\"><\/div>\n<\/div>\n<\/div>\n<\/div>\n<\/div>\n<\/div>\n<div class=\"KFFQ0c xKf9F\"><\/div>\n","protected":false},"excerpt":{"rendered":"<p>I\u0161mu\u0161\u0117j\u0173 rinkinys 150mm 8 vnt. (\u012fskaitant kaltus + centro \u017eymekl\u012f)<\/p>\n","protected":false},"featured_media":16752,"comment_status":"open","ping_status":"closed","template":"","meta":[],"product_brand":[571],"product_cat":[61],"product_tag":[2287,2288,684],"class_list":{"0":"post-16751","1":"product","2":"type-product","3":"status-publish","4":"has-post-thumbnail","6":"product_brand-bgs-technic-germany","7":"product_cat-ismusimo-iskalimo-irankiai-kaltai-ismusikliai-zymekliai-centro-zymekliai-skyliu-ismusejai","8":"product_tag-2287","9":"product_tag-ismusejai","10":"product_tag-kaltai","12":"first","13":"outofstock","14":"taxable","15":"shipping-taxable","16":"purchasable","17":"product-type-simple"},"_links":{"self":[{"href":"https:\/\/raktava.lt\/en\/wp-json\/wp\/v2\/product\/16751","targetHints":{"allow":["GET"]}}],"collection":[{"href":"https:\/\/raktava.lt\/en\/wp-json\/wp\/v2\/product"}],"about":[{"href":"https:\/\/raktava.lt\/en\/wp-json\/wp\/v2\/types\/product"}],"replies":[{"embeddable":true,"href":"https:\/\/raktava.lt\/en\/wp-json\/wp\/v2\/comments?post=16751"}],"version-history":[{"count":3,"href":"https:\/\/raktava.lt\/en\/wp-json\/wp\/v2\/product\/16751\/revisions"}],"predecessor-version":[{"id":19294,"href":"https:\/\/raktava.lt\/en\/wp-json\/wp\/v2\/product\/16751\/revisions\/19294"}],"wp:featuredmedia":[{"embeddable":true,"href":"https:\/\/raktava.lt\/en\/wp-json\/wp\/v2\/media\/16752"}],"wp:attachment":[{"href":"https:\/\/raktava.lt\/en\/wp-json\/wp\/v2\/media?parent=16751"}],"wp:term":[{"taxonomy":"product_brand","embeddable":true,"href":"https:\/\/raktava.lt\/en\/wp-json\/wp\/v2\/product_brand?post=16751"},{"taxonomy":"product_cat","embeddable":true,"href":"https:\/\/raktava.lt\/en\/wp-json\/wp\/v2\/product_cat?post=16751"},{"taxonomy":"product_tag","embeddable":true,"href":"https:\/\/raktava.lt\/en\/wp-json\/wp\/v2\/product_tag?post=16751"}],"curies":[{"name":"wp","href":"https:\/\/api.w.org\/{rel}","templated":true}]}}