{"id":16739,"date":"2025-03-20T11:14:23","date_gmt":"2025-03-20T09:14:23","guid":{"rendered":"https:\/\/raktava.lt\/?post_type=product&#038;p=16739"},"modified":"2026-02-22T15:52:01","modified_gmt":"2026-02-22T13:52:01","slug":"tepalo-filtro-lekstele-14-kampu-o-74-mm-mercedes-benz-vw","status":"publish","type":"product","link":"https:\/\/raktava.lt\/en\/product\/automative-service-tools\/engine-repair-tools\/tools-for-oil-filter\/tepalo-filtro-lekstele-14-kampu-o-74-mm-mercedes-benz-vw\/","title":{"rendered":"Tepalo filtro l\u0117k\u0161tel\u0117 14-kamp\u0173, \u00d8 74 mm, Mercedes-Benz, VW"},"content":{"rendered":"","protected":false},"excerpt":{"rendered":"<p>Tepalo filtro l\u0117k\u0161tel\u0117 14-kamp\u0173, \u00d8 74 mm, Mercedes-Benz, VW<\/p>\n","protected":false},"featured_media":16740,"comment_status":"open","ping_status":"closed","template":"","meta":[],"product_brand":[571],"product_cat":[85],"product_tag":[618],"class_list":{"0":"post-16739","1":"product","2":"type-product","3":"status-publish","4":"has-post-thumbnail","6":"product_brand-bgs-technic-germany","7":"product_cat-irankiai-tepalo-filtrui","8":"product_tag-tepalo-filtro-lekstute","10":"first","11":"instock","12":"taxable","13":"shipping-taxable","14":"purchasable","15":"product-type-simple"},"_links":{"self":[{"href":"https:\/\/raktava.lt\/en\/wp-json\/wp\/v2\/product\/16739","targetHints":{"allow":["GET"]}}],"collection":[{"href":"https:\/\/raktava.lt\/en\/wp-json\/wp\/v2\/product"}],"about":[{"href":"https:\/\/raktava.lt\/en\/wp-json\/wp\/v2\/types\/product"}],"replies":[{"embeddable":true,"href":"https:\/\/raktava.lt\/en\/wp-json\/wp\/v2\/comments?post=16739"}],"version-history":[{"count":1,"href":"https:\/\/raktava.lt\/en\/wp-json\/wp\/v2\/product\/16739\/revisions"}],"predecessor-version":[{"id":16750,"href":"https:\/\/raktava.lt\/en\/wp-json\/wp\/v2\/product\/16739\/revisions\/16750"}],"wp:featuredmedia":[{"embeddable":true,"href":"https:\/\/raktava.lt\/en\/wp-json\/wp\/v2\/media\/16740"}],"wp:attachment":[{"href":"https:\/\/raktava.lt\/en\/wp-json\/wp\/v2\/media?parent=16739"}],"wp:term":[{"taxonomy":"product_brand","embeddable":true,"href":"https:\/\/raktava.lt\/en\/wp-json\/wp\/v2\/product_brand?post=16739"},{"taxonomy":"product_cat","embeddable":true,"href":"https:\/\/raktava.lt\/en\/wp-json\/wp\/v2\/product_cat?post=16739"},{"taxonomy":"product_tag","embeddable":true,"href":"https:\/\/raktava.lt\/en\/wp-json\/wp\/v2\/product_tag?post=16739"}],"curies":[{"name":"wp","href":"https:\/\/api.w.org\/{rel}","templated":true}]}}