{"id":16731,"date":"2025-03-20T11:01:15","date_gmt":"2025-03-20T09:01:15","guid":{"rendered":"https:\/\/raktava.lt\/?post_type=product&#038;p=16731"},"modified":"2025-07-24T14:50:11","modified_gmt":"2025-07-24T11:50:11","slug":"kaltu-ir-iskaleju-rinkinys-3-vnt","status":"publish","type":"product","link":"https:\/\/raktava.lt\/en\/product\/rankiniai-irankiai\/ismusimo-iskalimo-irankiai-kaltai-ismusikliai-zymekliai-centro-zymekliai-skyliu-ismusejai\/kaltu-ir-iskaleju-rinkinys-3-vnt\/","title":{"rendered":"Kalt\u0173 ir i\u0161kal\u0117j\u0173 rinkinys 3 vnt."},"content":{"rendered":"","protected":false},"excerpt":{"rendered":"<p>Kalt\u0173 ir i\u0161kal\u0117j\u0173 rinkinys 3 vnt.<\/p>\n","protected":false},"featured_media":16732,"comment_status":"open","ping_status":"closed","template":"","meta":[],"product_brand":[563],"product_cat":[61],"product_tag":[684],"class_list":{"0":"post-16731","1":"product","2":"type-product","3":"status-publish","4":"has-post-thumbnail","6":"product_brand-yato","7":"product_cat-ismusimo-iskalimo-irankiai-kaltai-ismusikliai-zymekliai-centro-zymekliai-skyliu-ismusejai","8":"product_tag-kaltai","10":"first","11":"instock","12":"taxable","13":"shipping-taxable","14":"purchasable","15":"product-type-simple"},"_links":{"self":[{"href":"https:\/\/raktava.lt\/en\/wp-json\/wp\/v2\/product\/16731","targetHints":{"allow":["GET"]}}],"collection":[{"href":"https:\/\/raktava.lt\/en\/wp-json\/wp\/v2\/product"}],"about":[{"href":"https:\/\/raktava.lt\/en\/wp-json\/wp\/v2\/types\/product"}],"replies":[{"embeddable":true,"href":"https:\/\/raktava.lt\/en\/wp-json\/wp\/v2\/comments?post=16731"}],"version-history":[{"count":1,"href":"https:\/\/raktava.lt\/en\/wp-json\/wp\/v2\/product\/16731\/revisions"}],"predecessor-version":[{"id":16738,"href":"https:\/\/raktava.lt\/en\/wp-json\/wp\/v2\/product\/16731\/revisions\/16738"}],"wp:featuredmedia":[{"embeddable":true,"href":"https:\/\/raktava.lt\/en\/wp-json\/wp\/v2\/media\/16732"}],"wp:attachment":[{"href":"https:\/\/raktava.lt\/en\/wp-json\/wp\/v2\/media?parent=16731"}],"wp:term":[{"taxonomy":"product_brand","embeddable":true,"href":"https:\/\/raktava.lt\/en\/wp-json\/wp\/v2\/product_brand?post=16731"},{"taxonomy":"product_cat","embeddable":true,"href":"https:\/\/raktava.lt\/en\/wp-json\/wp\/v2\/product_cat?post=16731"},{"taxonomy":"product_tag","embeddable":true,"href":"https:\/\/raktava.lt\/en\/wp-json\/wp\/v2\/product_tag?post=16731"}],"curies":[{"name":"wp","href":"https:\/\/api.w.org\/{rel}","templated":true}]}}