{"id":16715,"date":"2025-03-20T10:16:04","date_gmt":"2025-03-20T08:16:04","guid":{"rendered":"https:\/\/raktava.lt\/?post_type=product&#038;p=16715"},"modified":"2026-02-24T20:46:11","modified_gmt":"2026-02-24T18:46:11","slug":"deklas-raktams-14-kiseniu","status":"publish","type":"product","link":"https:\/\/raktava.lt\/en\/product\/rankiniai-irankiai\/verzliarakciai-verzliarakciu-komplektai\/deklai-raktams\/deklas-raktams-14-kiseniu\/","title":{"rendered":"D\u0117klas raktams 14 ki\u0161eni\u0173"},"content":{"rendered":"","protected":false},"excerpt":{"rendered":"<p>D\u0117klas raktams 14 ki\u0161eni\u0173<\/p>\n","protected":false},"featured_media":16716,"comment_status":"open","ping_status":"closed","template":"","meta":[],"product_brand":[626],"product_cat":[37],"product_tag":[680],"class_list":{"0":"post-16715","1":"product","2":"type-product","3":"status-publish","4":"has-post-thumbnail","6":"product_brand-changlu","7":"product_cat-deklai-raktams","8":"product_tag-deklas-raktams","10":"first","11":"instock","12":"taxable","13":"shipping-taxable","14":"purchasable","15":"product-type-simple"},"_links":{"self":[{"href":"https:\/\/raktava.lt\/en\/wp-json\/wp\/v2\/product\/16715","targetHints":{"allow":["GET"]}}],"collection":[{"href":"https:\/\/raktava.lt\/en\/wp-json\/wp\/v2\/product"}],"about":[{"href":"https:\/\/raktava.lt\/en\/wp-json\/wp\/v2\/types\/product"}],"replies":[{"embeddable":true,"href":"https:\/\/raktava.lt\/en\/wp-json\/wp\/v2\/comments?post=16715"}],"version-history":[{"count":1,"href":"https:\/\/raktava.lt\/en\/wp-json\/wp\/v2\/product\/16715\/revisions"}],"predecessor-version":[{"id":16720,"href":"https:\/\/raktava.lt\/en\/wp-json\/wp\/v2\/product\/16715\/revisions\/16720"}],"wp:featuredmedia":[{"embeddable":true,"href":"https:\/\/raktava.lt\/en\/wp-json\/wp\/v2\/media\/16716"}],"wp:attachment":[{"href":"https:\/\/raktava.lt\/en\/wp-json\/wp\/v2\/media?parent=16715"}],"wp:term":[{"taxonomy":"product_brand","embeddable":true,"href":"https:\/\/raktava.lt\/en\/wp-json\/wp\/v2\/product_brand?post=16715"},{"taxonomy":"product_cat","embeddable":true,"href":"https:\/\/raktava.lt\/en\/wp-json\/wp\/v2\/product_cat?post=16715"},{"taxonomy":"product_tag","embeddable":true,"href":"https:\/\/raktava.lt\/en\/wp-json\/wp\/v2\/product_tag?post=16715"}],"curies":[{"name":"wp","href":"https:\/\/api.w.org\/{rel}","templated":true}]}}