{"id":16660,"date":"2025-03-18T15:41:32","date_gmt":"2025-03-18T13:41:32","guid":{"rendered":"https:\/\/raktava.lt\/?post_type=product&#038;p=16660"},"modified":"2026-02-06T11:37:49","modified_gmt":"2026-02-06T09:37:49","slug":"terksline-rankena-galvutems-3-8-tiesi-smulkus-dantukai","status":"publish","type":"product","link":"https:\/\/raktava.lt\/en\/product\/rankiniai-irankiai\/terksles-rankenos-slankiojancios-jungtys\/terksles-galvutems\/terksline-rankena-galvutems-3-8-tiesi-smulkus-dantukai\/","title":{"rendered":"Terk\u0161lin\u0117 rankena galvut\u0117ms 3\/8 (tiesi, smulk\u016bs dantukai)"},"content":{"rendered":"","protected":false},"excerpt":{"rendered":"<p>Terk\u0161lin\u0117 rankena galvut\u0117ms 3\/8 (tiesi, smulk\u016bs dantukai)<\/p>\n","protected":false},"featured_media":16661,"comment_status":"open","ping_status":"closed","template":"","meta":[],"product_brand":[571],"product_cat":[49],"product_tag":[575,1786,666],"class_list":{"0":"post-16660","1":"product","2":"type-product","3":"status-publish","4":"has-post-thumbnail","6":"product_brand-bgs-technic-germany","7":"product_cat-terksles-galvutems","8":"product_tag-3-8","9":"product_tag-1786","10":"product_tag-terksle","12":"first","13":"outofstock","14":"taxable","15":"shipping-taxable","16":"purchasable","17":"product-type-simple"},"_links":{"self":[{"href":"https:\/\/raktava.lt\/en\/wp-json\/wp\/v2\/product\/16660","targetHints":{"allow":["GET"]}}],"collection":[{"href":"https:\/\/raktava.lt\/en\/wp-json\/wp\/v2\/product"}],"about":[{"href":"https:\/\/raktava.lt\/en\/wp-json\/wp\/v2\/types\/product"}],"replies":[{"embeddable":true,"href":"https:\/\/raktava.lt\/en\/wp-json\/wp\/v2\/comments?post=16660"}],"version-history":[{"count":1,"href":"https:\/\/raktava.lt\/en\/wp-json\/wp\/v2\/product\/16660\/revisions"}],"predecessor-version":[{"id":16667,"href":"https:\/\/raktava.lt\/en\/wp-json\/wp\/v2\/product\/16660\/revisions\/16667"}],"wp:featuredmedia":[{"embeddable":true,"href":"https:\/\/raktava.lt\/en\/wp-json\/wp\/v2\/media\/16661"}],"wp:attachment":[{"href":"https:\/\/raktava.lt\/en\/wp-json\/wp\/v2\/media?parent=16660"}],"wp:term":[{"taxonomy":"product_brand","embeddable":true,"href":"https:\/\/raktava.lt\/en\/wp-json\/wp\/v2\/product_brand?post=16660"},{"taxonomy":"product_cat","embeddable":true,"href":"https:\/\/raktava.lt\/en\/wp-json\/wp\/v2\/product_cat?post=16660"},{"taxonomy":"product_tag","embeddable":true,"href":"https:\/\/raktava.lt\/en\/wp-json\/wp\/v2\/product_tag?post=16660"}],"curies":[{"name":"wp","href":"https:\/\/api.w.org\/{rel}","templated":true}]}}