{"id":16649,"date":"2025-03-18T15:35:35","date_gmt":"2025-03-18T13:35:35","guid":{"rendered":"https:\/\/raktava.lt\/?post_type=product&#038;p=16649"},"modified":"2026-04-01T11:46:50","modified_gmt":"2026-04-01T08:46:50","slug":"terksline-rankena-galvutems-3-8-smulkus-dantukai","status":"publish","type":"product","link":"https:\/\/raktava.lt\/en\/product\/rankiniai-irankiai\/terksles-rankenos-slankiojancios-jungtys\/terksles-galvutems\/terksline-rankena-galvutems-3-8-smulkus-dantukai\/","title":{"rendered":"Terk\u0161lin\u0117 rankena galvut\u0117ms 3\/8 (lenkta, smulk\u016bs dantukai)"},"content":{"rendered":"","protected":false},"excerpt":{"rendered":"<p>Terk\u0161lin\u0117 rankena galvut\u0117ms 3\/8 (smulk\u016bs dantukai)<\/p>\n","protected":false},"featured_media":16650,"comment_status":"open","ping_status":"closed","template":"","meta":[],"product_brand":[571],"product_cat":[49],"product_tag":[666],"class_list":{"0":"post-16649","1":"product","2":"type-product","3":"status-publish","4":"has-post-thumbnail","6":"product_brand-bgs-technic-germany","7":"product_cat-terksles-galvutems","8":"product_tag-terksle","10":"first","11":"instock","12":"taxable","13":"shipping-taxable","14":"purchasable","15":"product-type-simple"},"_links":{"self":[{"href":"https:\/\/raktava.lt\/en\/wp-json\/wp\/v2\/product\/16649","targetHints":{"allow":["GET"]}}],"collection":[{"href":"https:\/\/raktava.lt\/en\/wp-json\/wp\/v2\/product"}],"about":[{"href":"https:\/\/raktava.lt\/en\/wp-json\/wp\/v2\/types\/product"}],"replies":[{"embeddable":true,"href":"https:\/\/raktava.lt\/en\/wp-json\/wp\/v2\/comments?post=16649"}],"version-history":[{"count":2,"href":"https:\/\/raktava.lt\/en\/wp-json\/wp\/v2\/product\/16649\/revisions"}],"predecessor-version":[{"id":16659,"href":"https:\/\/raktava.lt\/en\/wp-json\/wp\/v2\/product\/16649\/revisions\/16659"}],"wp:featuredmedia":[{"embeddable":true,"href":"https:\/\/raktava.lt\/en\/wp-json\/wp\/v2\/media\/16650"}],"wp:attachment":[{"href":"https:\/\/raktava.lt\/en\/wp-json\/wp\/v2\/media?parent=16649"}],"wp:term":[{"taxonomy":"product_brand","embeddable":true,"href":"https:\/\/raktava.lt\/en\/wp-json\/wp\/v2\/product_brand?post=16649"},{"taxonomy":"product_cat","embeddable":true,"href":"https:\/\/raktava.lt\/en\/wp-json\/wp\/v2\/product_cat?post=16649"},{"taxonomy":"product_tag","embeddable":true,"href":"https:\/\/raktava.lt\/en\/wp-json\/wp\/v2\/product_tag?post=16649"}],"curies":[{"name":"wp","href":"https:\/\/api.w.org\/{rel}","templated":true}]}}