{"id":16637,"date":"2025-03-18T11:08:21","date_gmt":"2025-03-18T09:08:21","guid":{"rendered":"https:\/\/raktava.lt\/?post_type=product&#038;p=16637"},"modified":"2026-03-02T16:15:02","modified_gmt":"2026-03-02T14:15:02","slug":"antgalis-ipresuotas-i-galvute-1-4-t27-2","status":"publish","type":"product","link":"https:\/\/raktava.lt\/en\/product\/rankiniai-irankiai\/antgaliai-antgaliu-komplektai-ipresuoti-antgaliai\/antgaliai-ipresuoti-i-galvute-1-4\/antgalis-ipresuotas-i-galvute-1-4-t27-2\/","title":{"rendered":"Antgalis \u012fpresuotas \u012f galvut\u0119 1\/4 T27"},"content":{"rendered":"","protected":false},"excerpt":{"rendered":"<p>Antgalis \u012fpresuotas \u012f galvut\u0119 1\/4 T27<\/p>\n","protected":false},"featured_media":16638,"comment_status":"open","ping_status":"closed","template":"","meta":[],"product_brand":[627],"product_cat":[92],"product_tag":[951,663,636,1252,664,2117,1253],"class_list":{"0":"post-16637","1":"product","2":"type-product","3":"status-publish","4":"has-post-thumbnail","6":"product_brand-sata","7":"product_cat-antgaliai-ipresuoti-i-galvute-1-4","8":"product_tag-1-4","9":"product_tag-antgaliai","10":"product_tag-antgalis","11":"product_tag-antgalis-ipresuotas-i-galvute-1-4-t27","12":"product_tag-bitukai","13":"product_tag-s21108","14":"product_tag-t27","16":"first","17":"instock","18":"taxable","19":"shipping-taxable","20":"purchasable","21":"product-type-simple"},"_links":{"self":[{"href":"https:\/\/raktava.lt\/en\/wp-json\/wp\/v2\/product\/16637","targetHints":{"allow":["GET"]}}],"collection":[{"href":"https:\/\/raktava.lt\/en\/wp-json\/wp\/v2\/product"}],"about":[{"href":"https:\/\/raktava.lt\/en\/wp-json\/wp\/v2\/types\/product"}],"replies":[{"embeddable":true,"href":"https:\/\/raktava.lt\/en\/wp-json\/wp\/v2\/comments?post=16637"}],"version-history":[{"count":1,"href":"https:\/\/raktava.lt\/en\/wp-json\/wp\/v2\/product\/16637\/revisions"}],"predecessor-version":[{"id":16640,"href":"https:\/\/raktava.lt\/en\/wp-json\/wp\/v2\/product\/16637\/revisions\/16640"}],"wp:featuredmedia":[{"embeddable":true,"href":"https:\/\/raktava.lt\/en\/wp-json\/wp\/v2\/media\/16638"}],"wp:attachment":[{"href":"https:\/\/raktava.lt\/en\/wp-json\/wp\/v2\/media?parent=16637"}],"wp:term":[{"taxonomy":"product_brand","embeddable":true,"href":"https:\/\/raktava.lt\/en\/wp-json\/wp\/v2\/product_brand?post=16637"},{"taxonomy":"product_cat","embeddable":true,"href":"https:\/\/raktava.lt\/en\/wp-json\/wp\/v2\/product_cat?post=16637"},{"taxonomy":"product_tag","embeddable":true,"href":"https:\/\/raktava.lt\/en\/wp-json\/wp\/v2\/product_tag?post=16637"}],"curies":[{"name":"wp","href":"https:\/\/api.w.org\/{rel}","templated":true}]}}