{"id":16453,"date":"2025-02-27T15:28:02","date_gmt":"2025-02-27T13:28:02","guid":{"rendered":"https:\/\/raktava.lt\/?post_type=product&#038;p=16453"},"modified":"2025-04-08T10:03:15","modified_gmt":"2025-04-08T07:03:15","slug":"antgalis-ipresuotas-i-1-4-galvute-penkiakampis-su-skyle-ts27","status":"publish","type":"product","link":"https:\/\/raktava.lt\/en\/product\/rankiniai-irankiai\/antgaliai-antgaliu-komplektai-ipresuoti-antgaliai\/antgaliai-ipresuoti-i-galvute-1-4\/antgalis-ipresuotas-i-1-4-galvute-penkiakampis-su-skyle-ts27\/","title":{"rendered":"Antgalis \u012fpresuotas \u012f 1\/4 galvut\u0119, penkiakampis su skyle TS27"},"content":{"rendered":"","protected":false},"excerpt":{"rendered":"<p>Antgalis \u012fpresuotas \u012f 1\/4 galvut\u0119, penkiakampis su skyle TS27<\/p>\n","protected":false},"featured_media":16456,"comment_status":"open","ping_status":"closed","template":"","meta":[],"product_brand":[571],"product_cat":[92,90],"product_tag":[633,634,635],"class_list":{"0":"post-16453","1":"product","2":"type-product","3":"status-publish","4":"has-post-thumbnail","6":"product_brand-bgs-technic-germany","7":"product_cat-antgaliai-ipresuoti-i-galvute-1-4","8":"product_cat-ipresuoti-5-kampiai-ts-torx-antgaliai","9":"product_tag-penkiakampiai","10":"product_tag-penkiakampiai-s-skyle","11":"product_tag-penkiakampiai-su-skyle","13":"first","14":"instock","15":"taxable","16":"shipping-taxable","17":"purchasable","18":"product-type-simple"},"_links":{"self":[{"href":"https:\/\/raktava.lt\/en\/wp-json\/wp\/v2\/product\/16453","targetHints":{"allow":["GET"]}}],"collection":[{"href":"https:\/\/raktava.lt\/en\/wp-json\/wp\/v2\/product"}],"about":[{"href":"https:\/\/raktava.lt\/en\/wp-json\/wp\/v2\/types\/product"}],"replies":[{"embeddable":true,"href":"https:\/\/raktava.lt\/en\/wp-json\/wp\/v2\/comments?post=16453"}],"version-history":[{"count":1,"href":"https:\/\/raktava.lt\/en\/wp-json\/wp\/v2\/product\/16453\/revisions"}],"predecessor-version":[{"id":16454,"href":"https:\/\/raktava.lt\/en\/wp-json\/wp\/v2\/product\/16453\/revisions\/16454"}],"wp:featuredmedia":[{"embeddable":true,"href":"https:\/\/raktava.lt\/en\/wp-json\/wp\/v2\/media\/16456"}],"wp:attachment":[{"href":"https:\/\/raktava.lt\/en\/wp-json\/wp\/v2\/media?parent=16453"}],"wp:term":[{"taxonomy":"product_brand","embeddable":true,"href":"https:\/\/raktava.lt\/en\/wp-json\/wp\/v2\/product_brand?post=16453"},{"taxonomy":"product_cat","embeddable":true,"href":"https:\/\/raktava.lt\/en\/wp-json\/wp\/v2\/product_cat?post=16453"},{"taxonomy":"product_tag","embeddable":true,"href":"https:\/\/raktava.lt\/en\/wp-json\/wp\/v2\/product_tag?post=16453"}],"curies":[{"name":"wp","href":"https:\/\/api.w.org\/{rel}","templated":true}]}}