{"id":16442,"date":"2025-02-27T13:20:21","date_gmt":"2025-02-27T11:20:21","guid":{"rendered":"https:\/\/raktava.lt\/?post_type=product&#038;p=16442"},"modified":"2025-02-27T13:28:08","modified_gmt":"2025-02-27T11:28:08","slug":"reples-isoriniams-ziedams-pleciancios-lenktos-175mm-2","status":"publish","type":"product","link":"https:\/\/raktava.lt\/en\/product\/rankiniai-irankiai\/reples-repliu-komplektai-zirkles-skardai-specializuotos-reples\/reples-ziedams\/reples-isoriniams-ziedams-pleciancios-lenktos-175mm-2\/","title":{"rendered":"Repl\u0117s i\u0161oriniams \u017eiedams ple\u010dian\u010dios, lenktos 175mm"},"content":{"rendered":"<p>L = 175 mm<br \/>\n\u017diedams \u00d8 19 &#8211; 60 mm<br \/>\nAntikorozinis padengimas<br \/>\nMed\u017eiaga Plieno lydinys<\/p>\n","protected":false},"excerpt":{"rendered":"<p>Repl\u0117s i\u0161oriniams \u017eiedams ple\u010dian\u010dios, lenktos 175mm<\/p>\n","protected":false},"featured_media":16443,"comment_status":"open","ping_status":"closed","template":"","meta":[],"product_brand":[627],"product_cat":[126],"product_tag":[625,623,624],"class_list":{"0":"post-16442","1":"product","2":"type-product","3":"status-publish","4":"has-post-thumbnail","6":"product_brand-sata","7":"product_cat-reples-ziedams","8":"product_tag-pleciancios-reples","9":"product_tag-reples","10":"product_tag-reples-ziedams","12":"first","13":"instock","14":"taxable","15":"shipping-taxable","16":"purchasable","17":"product-type-simple"},"_links":{"self":[{"href":"https:\/\/raktava.lt\/en\/wp-json\/wp\/v2\/product\/16442","targetHints":{"allow":["GET"]}}],"collection":[{"href":"https:\/\/raktava.lt\/en\/wp-json\/wp\/v2\/product"}],"about":[{"href":"https:\/\/raktava.lt\/en\/wp-json\/wp\/v2\/types\/product"}],"replies":[{"embeddable":true,"href":"https:\/\/raktava.lt\/en\/wp-json\/wp\/v2\/comments?post=16442"}],"version-history":[{"count":2,"href":"https:\/\/raktava.lt\/en\/wp-json\/wp\/v2\/product\/16442\/revisions"}],"predecessor-version":[{"id":16450,"href":"https:\/\/raktava.lt\/en\/wp-json\/wp\/v2\/product\/16442\/revisions\/16450"}],"wp:featuredmedia":[{"embeddable":true,"href":"https:\/\/raktava.lt\/en\/wp-json\/wp\/v2\/media\/16443"}],"wp:attachment":[{"href":"https:\/\/raktava.lt\/en\/wp-json\/wp\/v2\/media?parent=16442"}],"wp:term":[{"taxonomy":"product_brand","embeddable":true,"href":"https:\/\/raktava.lt\/en\/wp-json\/wp\/v2\/product_brand?post=16442"},{"taxonomy":"product_cat","embeddable":true,"href":"https:\/\/raktava.lt\/en\/wp-json\/wp\/v2\/product_cat?post=16442"},{"taxonomy":"product_tag","embeddable":true,"href":"https:\/\/raktava.lt\/en\/wp-json\/wp\/v2\/product_tag?post=16442"}],"curies":[{"name":"wp","href":"https:\/\/api.w.org\/{rel}","templated":true}]}}