{"id":16434,"date":"2025-02-27T11:18:23","date_gmt":"2025-02-27T09:18:23","guid":{"rendered":"https:\/\/raktava.lt\/?post_type=product&#038;p=16434"},"modified":"2026-04-02T13:00:38","modified_gmt":"2026-04-02T10:00:38","slug":"reples-isoriniams-ziedams-pleciancios-lenktos-175mm","status":"publish","type":"product","link":"https:\/\/raktava.lt\/en\/product\/rankiniai-irankiai\/reples-repliu-komplektai-zirkles-skardai-specializuotos-reples\/reples-ziedams\/reples-isoriniams-ziedams-pleciancios-lenktos-175mm\/","title":{"rendered":"Repl\u0117s i\u0161oriniams \u017eiedams ple\u010dian\u010dios, lenktos 175mm"},"content":{"rendered":"","protected":false},"excerpt":{"rendered":"<p>Repl\u0117s i\u0161oriniams \u017eiedams ple\u010dian\u010dios, lenktos 175mm<\/p>\n","protected":false},"featured_media":16435,"comment_status":"open","ping_status":"closed","template":"","meta":[],"product_brand":[626],"product_cat":[126],"product_tag":[1859,625,623,624,1860],"class_list":{"0":"post-16434","1":"product","2":"type-product","3":"status-publish","4":"has-post-thumbnail","6":"product_brand-changlu","7":"product_cat-reples-ziedams","8":"product_tag-cl602807","9":"product_tag-pleciancios-reples","10":"product_tag-reples","11":"product_tag-reples-ziedams","12":"product_tag-reples-ziedams-pleciancios-lenktos","14":"first","15":"instock","16":"taxable","17":"shipping-taxable","18":"purchasable","19":"product-type-simple"},"_links":{"self":[{"href":"https:\/\/raktava.lt\/en\/wp-json\/wp\/v2\/product\/16434","targetHints":{"allow":["GET"]}}],"collection":[{"href":"https:\/\/raktava.lt\/en\/wp-json\/wp\/v2\/product"}],"about":[{"href":"https:\/\/raktava.lt\/en\/wp-json\/wp\/v2\/types\/product"}],"replies":[{"embeddable":true,"href":"https:\/\/raktava.lt\/en\/wp-json\/wp\/v2\/comments?post=16434"}],"version-history":[{"count":1,"href":"https:\/\/raktava.lt\/en\/wp-json\/wp\/v2\/product\/16434\/revisions"}],"predecessor-version":[{"id":16441,"href":"https:\/\/raktava.lt\/en\/wp-json\/wp\/v2\/product\/16434\/revisions\/16441"}],"wp:featuredmedia":[{"embeddable":true,"href":"https:\/\/raktava.lt\/en\/wp-json\/wp\/v2\/media\/16435"}],"wp:attachment":[{"href":"https:\/\/raktava.lt\/en\/wp-json\/wp\/v2\/media?parent=16434"}],"wp:term":[{"taxonomy":"product_brand","embeddable":true,"href":"https:\/\/raktava.lt\/en\/wp-json\/wp\/v2\/product_brand?post=16434"},{"taxonomy":"product_cat","embeddable":true,"href":"https:\/\/raktava.lt\/en\/wp-json\/wp\/v2\/product_cat?post=16434"},{"taxonomy":"product_tag","embeddable":true,"href":"https:\/\/raktava.lt\/en\/wp-json\/wp\/v2\/product_tag?post=16434"}],"curies":[{"name":"wp","href":"https:\/\/api.w.org\/{rel}","templated":true}]}}