{"id":16428,"date":"2025-02-27T10:57:44","date_gmt":"2025-02-27T08:57:44","guid":{"rendered":"https:\/\/raktava.lt\/?post_type=product&#038;p=16428"},"modified":"2025-02-27T10:57:44","modified_gmt":"2025-02-27T08:57:44","slug":"reples-fiksavimo-ziedams-skeciancios-lenktos-325mm","status":"publish","type":"product","link":"https:\/\/raktava.lt\/en\/product\/rankiniai-irankiai\/reples-repliu-komplektai-zirkles-skardai-specializuotos-reples\/reples-ziedams\/reples-fiksavimo-ziedams-skeciancios-lenktos-325mm\/","title":{"rendered":"Repl\u0117s fiksavimo \u017eiedams ske\u010dian\u010dios, lenktos 325mm"},"content":{"rendered":"","protected":false},"excerpt":{"rendered":"<p>Repl\u0117s fiksavimo \u017eiedams ske\u010dian\u010dios, lenktos 325mm<\/p>\n","protected":false},"featured_media":16429,"comment_status":"open","ping_status":"closed","template":"","meta":[],"product_brand":[576],"product_cat":[126],"product_tag":[625,623,624],"class_list":{"0":"post-16428","1":"product","2":"type-product","3":"status-publish","4":"has-post-thumbnail","6":"product_brand-avtodelo","7":"product_cat-reples-ziedams","8":"product_tag-pleciancios-reples","9":"product_tag-reples","10":"product_tag-reples-ziedams","12":"first","13":"instock","14":"taxable","15":"shipping-taxable","16":"purchasable","17":"product-type-simple"},"_links":{"self":[{"href":"https:\/\/raktava.lt\/en\/wp-json\/wp\/v2\/product\/16428","targetHints":{"allow":["GET"]}}],"collection":[{"href":"https:\/\/raktava.lt\/en\/wp-json\/wp\/v2\/product"}],"about":[{"href":"https:\/\/raktava.lt\/en\/wp-json\/wp\/v2\/types\/product"}],"replies":[{"embeddable":true,"href":"https:\/\/raktava.lt\/en\/wp-json\/wp\/v2\/comments?post=16428"}],"version-history":[{"count":1,"href":"https:\/\/raktava.lt\/en\/wp-json\/wp\/v2\/product\/16428\/revisions"}],"predecessor-version":[{"id":16433,"href":"https:\/\/raktava.lt\/en\/wp-json\/wp\/v2\/product\/16428\/revisions\/16433"}],"wp:featuredmedia":[{"embeddable":true,"href":"https:\/\/raktava.lt\/en\/wp-json\/wp\/v2\/media\/16429"}],"wp:attachment":[{"href":"https:\/\/raktava.lt\/en\/wp-json\/wp\/v2\/media?parent=16428"}],"wp:term":[{"taxonomy":"product_brand","embeddable":true,"href":"https:\/\/raktava.lt\/en\/wp-json\/wp\/v2\/product_brand?post=16428"},{"taxonomy":"product_cat","embeddable":true,"href":"https:\/\/raktava.lt\/en\/wp-json\/wp\/v2\/product_cat?post=16428"},{"taxonomy":"product_tag","embeddable":true,"href":"https:\/\/raktava.lt\/en\/wp-json\/wp\/v2\/product_tag?post=16428"}],"curies":[{"name":"wp","href":"https:\/\/api.w.org\/{rel}","templated":true}]}}