{"id":16402,"date":"2025-02-26T09:54:27","date_gmt":"2025-02-26T07:54:27","guid":{"rendered":"https:\/\/raktava.lt\/?post_type=product&#038;p=16402"},"modified":"2025-02-26T09:54:27","modified_gmt":"2025-02-26T07:54:27","slug":"spec-ipurskimo-liniju-verzliaraktis-1-2-17mm-bmw-opel-2-5td-mercedes","status":"publish","type":"product","link":"https:\/\/raktava.lt\/en\/product\/automobiliu-remonto-irankiai\/variklio-remonto-irankiai\/irankiai-purkstukams\/spec-ipurskimo-liniju-verzliaraktis-1-2-17mm-bmw-opel-2-5td-mercedes\/","title":{"rendered":"Spec. \u012fpur\u0161kimo linij\u0173 ver\u017eliaraktis 1\/2 17mm BMW, Opel 2.5TD, Mercedes"},"content":{"rendered":"","protected":false},"excerpt":{"rendered":"<p>Spec. \u012fpur\u0161kimo linij\u0173 ver\u017eliaraktis 1\/2 17mm BMW, Opel 2.5TD, Mercedes<\/p>\n","protected":false},"featured_media":16403,"comment_status":"open","ping_status":"closed","template":"","meta":[],"product_brand":[571],"product_cat":[89],"product_tag":[595,614,617,594,593,601,616],"class_list":{"0":"post-16402","1":"product","2":"type-product","3":"status-publish","4":"has-post-thumbnail","6":"product_brand-bgs-technic-germany","7":"product_cat-irankiai-purkstukams","8":"product_tag-bmw","9":"product_tag-mercedes","10":"product_tag-opel-2-5-td","11":"product_tag-spec-galvute","12":"product_tag-spec-galvute-purkstukams","13":"product_tag-spec-galvutes","14":"product_tag-spec-purskimo-liniju-verzliaraktis","16":"first","17":"instock","18":"taxable","19":"shipping-taxable","20":"purchasable","21":"product-type-simple"},"_links":{"self":[{"href":"https:\/\/raktava.lt\/en\/wp-json\/wp\/v2\/product\/16402","targetHints":{"allow":["GET"]}}],"collection":[{"href":"https:\/\/raktava.lt\/en\/wp-json\/wp\/v2\/product"}],"about":[{"href":"https:\/\/raktava.lt\/en\/wp-json\/wp\/v2\/types\/product"}],"replies":[{"embeddable":true,"href":"https:\/\/raktava.lt\/en\/wp-json\/wp\/v2\/comments?post=16402"}],"version-history":[{"count":1,"href":"https:\/\/raktava.lt\/en\/wp-json\/wp\/v2\/product\/16402\/revisions"}],"predecessor-version":[{"id":16405,"href":"https:\/\/raktava.lt\/en\/wp-json\/wp\/v2\/product\/16402\/revisions\/16405"}],"wp:featuredmedia":[{"embeddable":true,"href":"https:\/\/raktava.lt\/en\/wp-json\/wp\/v2\/media\/16403"}],"wp:attachment":[{"href":"https:\/\/raktava.lt\/en\/wp-json\/wp\/v2\/media?parent=16402"}],"wp:term":[{"taxonomy":"product_brand","embeddable":true,"href":"https:\/\/raktava.lt\/en\/wp-json\/wp\/v2\/product_brand?post=16402"},{"taxonomy":"product_cat","embeddable":true,"href":"https:\/\/raktava.lt\/en\/wp-json\/wp\/v2\/product_cat?post=16402"},{"taxonomy":"product_tag","embeddable":true,"href":"https:\/\/raktava.lt\/en\/wp-json\/wp\/v2\/product_tag?post=16402"}],"curies":[{"name":"wp","href":"https:\/\/api.w.org\/{rel}","templated":true}]}}