{"id":16390,"date":"2025-02-26T08:58:03","date_gmt":"2025-02-26T06:58:03","guid":{"rendered":"https:\/\/raktava.lt\/?post_type=product&#038;p=16390"},"modified":"2025-12-31T13:41:40","modified_gmt":"2025-12-31T11:41:40","slug":"spec-ipurskimo-liniju-verzliaraktis-3-8-17mm-bmw-opel-2-5td-mercedes","status":"publish","type":"product","link":"https:\/\/raktava.lt\/en\/product\/automobiliu-remonto-irankiai\/variklio-remonto-irankiai\/irankiai-purkstukams\/spec-ipurskimo-liniju-verzliaraktis-3-8-17mm-bmw-opel-2-5td-mercedes\/","title":{"rendered":"Spec. \u012fpur\u0161kimo linij\u0173 ver\u017eliaraktis 3\/8 17mm BMW, Opel 2.5TD, Mercedes"},"content":{"rendered":"","protected":false},"excerpt":{"rendered":"<p>Spec. \u012fpur\u0161kimo linij\u0173 ver\u017eliaraktis 3\/8 17mm BMW, Opel 2.5TD, Mercedes<\/p>\n","protected":false},"featured_media":16391,"comment_status":"open","ping_status":"closed","template":"","meta":[],"product_brand":[571],"product_cat":[89],"product_tag":[611,575,613,595,614,612,594,593],"class_list":{"0":"post-16390","1":"product","2":"type-product","3":"status-publish","4":"has-post-thumbnail","6":"product_brand-bgs-technic-germany","7":"product_cat-irankiai-purkstukams","8":"product_tag-17mm","9":"product_tag-3-8","10":"product_tag-5-tdi","11":"product_tag-bmw","12":"product_tag-mercedes","13":"product_tag-opel-2","14":"product_tag-spec-galvute","15":"product_tag-spec-galvute-purkstukams","17":"first","18":"outofstock","19":"taxable","20":"shipping-taxable","21":"purchasable","22":"product-type-simple"},"_links":{"self":[{"href":"https:\/\/raktava.lt\/en\/wp-json\/wp\/v2\/product\/16390","targetHints":{"allow":["GET"]}}],"collection":[{"href":"https:\/\/raktava.lt\/en\/wp-json\/wp\/v2\/product"}],"about":[{"href":"https:\/\/raktava.lt\/en\/wp-json\/wp\/v2\/types\/product"}],"replies":[{"embeddable":true,"href":"https:\/\/raktava.lt\/en\/wp-json\/wp\/v2\/comments?post=16390"}],"version-history":[{"count":1,"href":"https:\/\/raktava.lt\/en\/wp-json\/wp\/v2\/product\/16390\/revisions"}],"predecessor-version":[{"id":16399,"href":"https:\/\/raktava.lt\/en\/wp-json\/wp\/v2\/product\/16390\/revisions\/16399"}],"wp:featuredmedia":[{"embeddable":true,"href":"https:\/\/raktava.lt\/en\/wp-json\/wp\/v2\/media\/16391"}],"wp:attachment":[{"href":"https:\/\/raktava.lt\/en\/wp-json\/wp\/v2\/media?parent=16390"}],"wp:term":[{"taxonomy":"product_brand","embeddable":true,"href":"https:\/\/raktava.lt\/en\/wp-json\/wp\/v2\/product_brand?post=16390"},{"taxonomy":"product_cat","embeddable":true,"href":"https:\/\/raktava.lt\/en\/wp-json\/wp\/v2\/product_cat?post=16390"},{"taxonomy":"product_tag","embeddable":true,"href":"https:\/\/raktava.lt\/en\/wp-json\/wp\/v2\/product_tag?post=16390"}],"curies":[{"name":"wp","href":"https:\/\/api.w.org\/{rel}","templated":true}]}}