{"id":16364,"date":"2025-02-25T16:09:45","date_gmt":"2025-02-25T14:09:45","guid":{"rendered":"https:\/\/raktava.lt\/?post_type=product&#038;p=16364"},"modified":"2026-03-20T11:00:57","modified_gmt":"2026-03-20T09:00:57","slug":"prozektorius-t6led4xq5led-ant-galvos-ikraunamas","status":"publish","type":"product","link":"https:\/\/raktava.lt\/en\/product\/rankiniai-irankiai\/prozektoriai-sviestuvai-lempos\/prozektorius-t6led4xq5led-ant-galvos-ikraunamas\/","title":{"rendered":"Pro\u017eektorius T6LED+4xQ5LED ant galvos, \u012fkraunamas"},"content":{"rendered":"<p>Lempa:\u00a01 x T6 LED + 4 x Q5 LED<\/p>\n<p>Ap\u0161vietimo r\u0117\u017eimai: 4 (stiprus, silpnas, \u0161vytintis, SOS)<\/p>\n<p>Priartinimas: 1 x 2000<\/p>\n<p>Baterijos: 2 x 18650<\/p>\n<p>Atsparumas Vandeniui: IPX45<\/p>\n<p>Med\u017eiaga: aliuminis + ABS<\/p>\n<p>Komplekte: pro\u017eektorius, 2xbaterijos (pakraunamos), pakrov\u0117jas<\/p>\n","protected":false},"excerpt":{"rendered":"<p>Pro\u017eektorius T6LED+4xQ5LED ant galvos, \u012fkraunamas<\/p>\n","protected":false},"featured_media":16365,"comment_status":"open","ping_status":"closed","template":"","meta":[],"product_brand":[581],"product_cat":[157],"product_tag":[584,585,583,582],"class_list":{"0":"post-16364","1":"product","2":"type-product","3":"status-publish","4":"has-post-thumbnail","6":"product_brand-kraftdele","7":"product_cat-prozektoriai-sviestuvai-lempos","8":"product_tag-ikraunamas-prozektorius","9":"product_tag-kd1248","10":"product_tag-led-prozektorius-ant-galvos","11":"product_tag-prozektorius","13":"first","14":"outofstock","15":"taxable","16":"shipping-taxable","17":"purchasable","18":"product-type-simple"},"_links":{"self":[{"href":"https:\/\/raktava.lt\/en\/wp-json\/wp\/v2\/product\/16364","targetHints":{"allow":["GET"]}}],"collection":[{"href":"https:\/\/raktava.lt\/en\/wp-json\/wp\/v2\/product"}],"about":[{"href":"https:\/\/raktava.lt\/en\/wp-json\/wp\/v2\/types\/product"}],"replies":[{"embeddable":true,"href":"https:\/\/raktava.lt\/en\/wp-json\/wp\/v2\/comments?post=16364"}],"version-history":[{"count":2,"href":"https:\/\/raktava.lt\/en\/wp-json\/wp\/v2\/product\/16364\/revisions"}],"predecessor-version":[{"id":16372,"href":"https:\/\/raktava.lt\/en\/wp-json\/wp\/v2\/product\/16364\/revisions\/16372"}],"wp:featuredmedia":[{"embeddable":true,"href":"https:\/\/raktava.lt\/en\/wp-json\/wp\/v2\/media\/16365"}],"wp:attachment":[{"href":"https:\/\/raktava.lt\/en\/wp-json\/wp\/v2\/media?parent=16364"}],"wp:term":[{"taxonomy":"product_brand","embeddable":true,"href":"https:\/\/raktava.lt\/en\/wp-json\/wp\/v2\/product_brand?post=16364"},{"taxonomy":"product_cat","embeddable":true,"href":"https:\/\/raktava.lt\/en\/wp-json\/wp\/v2\/product_cat?post=16364"},{"taxonomy":"product_tag","embeddable":true,"href":"https:\/\/raktava.lt\/en\/wp-json\/wp\/v2\/product_tag?post=16364"}],"curies":[{"name":"wp","href":"https:\/\/api.w.org\/{rel}","templated":true}]}}