{"id":16318,"date":"2025-02-25T11:03:27","date_gmt":"2025-02-25T09:03:27","guid":{"rendered":"https:\/\/raktava.lt\/?post_type=product&#038;p=16318"},"modified":"2025-09-25T11:33:15","modified_gmt":"2025-09-25T08:33:15","slug":"ismusejas-dyzeliniams-common-rail-purkstukams-vwaudi","status":"publish","type":"product","link":"https:\/\/raktava.lt\/en\/product\/automobiliu-remonto-irankiai\/variklio-remonto-irankiai\/irankiai-purkstukams\/ismusejas-dyzeliniams-common-rail-purkstukams-vwaudi\/","title":{"rendered":"I\u0161mu\u0161\u0117jas dyzeliniams Common Rail purk\u0161tukams VW&#038;Audi"},"content":{"rendered":"<p>Preki\u0173 nuotraukos skirtos tik iliustraciniams tikslams, originali\u0173 produkt\u0173 spalvos, u\u017era\u0161ai, parametrai, matmenys, dyd\u017eiai, funkcijos ir\/ar bet kurios kitos savyb\u0117s d\u0117l vizualini\u0173 ypatybi\u0173 gali atrodyti kitaip negu realyb\u0117je, tod\u0117l pra\u0161ome vadovauti preki\u0173 savyb\u0117mis, kurios nurodytos preki\u0173 apra\u0161ymuose. Kilus klausimams, visada laukiame J\u016bs\u0173 skambu\u010dio telefonu +37067769713 arba el. pa\u0161tu info@raktava.lt<\/p>\n","protected":false},"excerpt":{"rendered":"<p>I\u0161mu\u0161\u0117jas dyzeliniams Common Rail purk\u0161tukams VW&amp;Audi<\/p>\n<p>Tinka VAG TDI varikliams<\/p>\n","protected":false},"featured_media":16319,"comment_status":"open","ping_status":"closed","template":"","meta":[],"product_brand":[],"product_cat":[89],"product_tag":[],"class_list":{"0":"post-16318","1":"product","2":"type-product","3":"status-publish","4":"has-post-thumbnail","6":"product_cat-irankiai-purkstukams","8":"first","9":"outofstock","10":"taxable","11":"shipping-taxable","12":"purchasable","13":"product-type-simple"},"_links":{"self":[{"href":"https:\/\/raktava.lt\/en\/wp-json\/wp\/v2\/product\/16318","targetHints":{"allow":["GET"]}}],"collection":[{"href":"https:\/\/raktava.lt\/en\/wp-json\/wp\/v2\/product"}],"about":[{"href":"https:\/\/raktava.lt\/en\/wp-json\/wp\/v2\/types\/product"}],"replies":[{"embeddable":true,"href":"https:\/\/raktava.lt\/en\/wp-json\/wp\/v2\/comments?post=16318"}],"version-history":[{"count":1,"href":"https:\/\/raktava.lt\/en\/wp-json\/wp\/v2\/product\/16318\/revisions"}],"predecessor-version":[{"id":16321,"href":"https:\/\/raktava.lt\/en\/wp-json\/wp\/v2\/product\/16318\/revisions\/16321"}],"wp:featuredmedia":[{"embeddable":true,"href":"https:\/\/raktava.lt\/en\/wp-json\/wp\/v2\/media\/16319"}],"wp:attachment":[{"href":"https:\/\/raktava.lt\/en\/wp-json\/wp\/v2\/media?parent=16318"}],"wp:term":[{"taxonomy":"product_brand","embeddable":true,"href":"https:\/\/raktava.lt\/en\/wp-json\/wp\/v2\/product_brand?post=16318"},{"taxonomy":"product_cat","embeddable":true,"href":"https:\/\/raktava.lt\/en\/wp-json\/wp\/v2\/product_cat?post=16318"},{"taxonomy":"product_tag","embeddable":true,"href":"https:\/\/raktava.lt\/en\/wp-json\/wp\/v2\/product_tag?post=16318"}],"curies":[{"name":"wp","href":"https:\/\/api.w.org\/{rel}","templated":true}]}}