{"id":16294,"date":"2025-02-25T09:58:41","date_gmt":"2025-02-25T07:58:41","guid":{"rendered":"https:\/\/raktava.lt\/?post_type=product&#038;p=16294"},"modified":"2025-09-03T15:36:05","modified_gmt":"2025-09-03T12:36:05","slug":"purkstuku-frezos-raiberiai-5-daliu","status":"publish","type":"product","link":"https:\/\/raktava.lt\/en\/product\/automobiliu-remonto-irankiai\/variklio-remonto-irankiai\/irankiai-purkstukams\/purkstuku-frezos-raiberiai-5-daliu\/","title":{"rendered":"Purk\u0161tuk\u0173 frezos -raiberiai 5 dali\u0173"},"content":{"rendered":"<p>\u2022 15&#215;19 mm freza<\/p>\n<p>\u2022 17&#215;17 mm freza<\/p>\n<p>\u2022 17&#215;19 mm freza<\/p>\n<p>\u2022\u00a017&#215;21 mm freza<\/p>\n<p>\u2022 Laikiklis<\/p>\n","protected":false},"excerpt":{"rendered":"<p>Purk\u0161tuk\u0173 frezos -raiberiai 5 dali\u0173<\/p>\n<p>&nbsp;<\/p>\n","protected":false},"featured_media":16297,"comment_status":"open","ping_status":"closed","template":"","meta":[],"product_brand":[],"product_cat":[89],"product_tag":[511],"class_list":{"0":"post-16294","1":"product","2":"type-product","3":"status-publish","4":"has-post-thumbnail","6":"product_cat-irankiai-purkstukams","7":"product_tag-satra-lenkija","9":"first","10":"outofstock","11":"taxable","12":"shipping-taxable","13":"purchasable","14":"product-type-simple"},"_links":{"self":[{"href":"https:\/\/raktava.lt\/en\/wp-json\/wp\/v2\/product\/16294","targetHints":{"allow":["GET"]}}],"collection":[{"href":"https:\/\/raktava.lt\/en\/wp-json\/wp\/v2\/product"}],"about":[{"href":"https:\/\/raktava.lt\/en\/wp-json\/wp\/v2\/types\/product"}],"replies":[{"embeddable":true,"href":"https:\/\/raktava.lt\/en\/wp-json\/wp\/v2\/comments?post=16294"}],"version-history":[{"count":2,"href":"https:\/\/raktava.lt\/en\/wp-json\/wp\/v2\/product\/16294\/revisions"}],"predecessor-version":[{"id":16296,"href":"https:\/\/raktava.lt\/en\/wp-json\/wp\/v2\/product\/16294\/revisions\/16296"}],"wp:featuredmedia":[{"embeddable":true,"href":"https:\/\/raktava.lt\/en\/wp-json\/wp\/v2\/media\/16297"}],"wp:attachment":[{"href":"https:\/\/raktava.lt\/en\/wp-json\/wp\/v2\/media?parent=16294"}],"wp:term":[{"taxonomy":"product_brand","embeddable":true,"href":"https:\/\/raktava.lt\/en\/wp-json\/wp\/v2\/product_brand?post=16294"},{"taxonomy":"product_cat","embeddable":true,"href":"https:\/\/raktava.lt\/en\/wp-json\/wp\/v2\/product_cat?post=16294"},{"taxonomy":"product_tag","embeddable":true,"href":"https:\/\/raktava.lt\/en\/wp-json\/wp\/v2\/product_tag?post=16294"}],"curies":[{"name":"wp","href":"https:\/\/api.w.org\/{rel}","templated":true}]}}