{"id":16225,"date":"2025-02-21T10:12:55","date_gmt":"2025-02-21T08:12:55","guid":{"rendered":"https:\/\/raktava.lt\/?post_type=product&#038;p=16225"},"modified":"2025-12-22T15:51:21","modified_gmt":"2025-12-22T13:51:21","slug":"varztu-issukejas-5vnt-stambus-sriegis","status":"publish","type":"product","link":"https:\/\/raktava.lt\/en\/product\/rankiniai-irankiai\/nulauztu-varztu-smeigiu-issukejai\/nulauztu-varztu-issukimo-irankiai\/varztu-issukejas-5vnt-stambus-sriegis\/","title":{"rendered":"Var\u017et\u0173 i\u0161suk\u0117jas 5vnt. (stambus sriegis)"},"content":{"rendered":"","protected":false},"excerpt":{"rendered":"<p>Var\u017et\u0173 i\u0161suk\u0117jas 5vnt. (stambus sriegis)<\/p>\n","protected":false},"featured_media":16226,"comment_status":"open","ping_status":"closed","template":"","meta":[],"product_brand":[627],"product_cat":[141],"product_tag":[738],"class_list":{"0":"post-16225","1":"product","2":"type-product","3":"status-publish","4":"has-post-thumbnail","6":"product_brand-sata","7":"product_cat-nulauztu-varztu-issukimo-irankiai","8":"product_tag-varztu-issukejas","10":"first","11":"instock","12":"taxable","13":"shipping-taxable","14":"purchasable","15":"product-type-simple"},"_links":{"self":[{"href":"https:\/\/raktava.lt\/en\/wp-json\/wp\/v2\/product\/16225","targetHints":{"allow":["GET"]}}],"collection":[{"href":"https:\/\/raktava.lt\/en\/wp-json\/wp\/v2\/product"}],"about":[{"href":"https:\/\/raktava.lt\/en\/wp-json\/wp\/v2\/types\/product"}],"replies":[{"embeddable":true,"href":"https:\/\/raktava.lt\/en\/wp-json\/wp\/v2\/comments?post=16225"}],"version-history":[{"count":1,"href":"https:\/\/raktava.lt\/en\/wp-json\/wp\/v2\/product\/16225\/revisions"}],"predecessor-version":[{"id":16242,"href":"https:\/\/raktava.lt\/en\/wp-json\/wp\/v2\/product\/16225\/revisions\/16242"}],"wp:featuredmedia":[{"embeddable":true,"href":"https:\/\/raktava.lt\/en\/wp-json\/wp\/v2\/media\/16226"}],"wp:attachment":[{"href":"https:\/\/raktava.lt\/en\/wp-json\/wp\/v2\/media?parent=16225"}],"wp:term":[{"taxonomy":"product_brand","embeddable":true,"href":"https:\/\/raktava.lt\/en\/wp-json\/wp\/v2\/product_brand?post=16225"},{"taxonomy":"product_cat","embeddable":true,"href":"https:\/\/raktava.lt\/en\/wp-json\/wp\/v2\/product_cat?post=16225"},{"taxonomy":"product_tag","embeddable":true,"href":"https:\/\/raktava.lt\/en\/wp-json\/wp\/v2\/product_tag?post=16225"}],"curies":[{"name":"wp","href":"https:\/\/api.w.org\/{rel}","templated":true}]}}