{"id":16221,"date":"2025-02-21T10:04:54","date_gmt":"2025-02-21T08:04:54","guid":{"rendered":"https:\/\/raktava.lt\/?post_type=product&#038;p=16221"},"modified":"2025-02-21T10:04:55","modified_gmt":"2025-02-21T08:04:55","slug":"galvuciu-rinkinys-pazeistiems-varztams-issukti-1-2","status":"publish","type":"product","link":"https:\/\/raktava.lt\/en\/product\/rankiniai-irankiai\/nulauztu-varztu-smeigiu-issukejai\/nulauztu-varztu-issukimo-irankiai\/galvuciu-rinkinys-pazeistiems-varztams-issukti-1-2\/","title":{"rendered":"Galvu\u010di\u0173 rinkinys pa\u017eeistiems var\u017etams i\u0161sukti 1\/2"},"content":{"rendered":"","protected":false},"excerpt":{"rendered":"<p>Galvu\u010di\u0173 rinkinys pa\u017eeistiems var\u017etams i\u0161sukti 1\/2<\/p>\n","protected":false},"featured_media":16222,"comment_status":"open","ping_status":"closed","template":"","meta":[],"product_brand":[],"product_cat":[141],"product_tag":[],"class_list":{"0":"post-16221","1":"product","2":"type-product","3":"status-publish","4":"has-post-thumbnail","6":"product_cat-nulauztu-varztu-issukimo-irankiai","8":"first","9":"instock","10":"taxable","11":"shipping-taxable","12":"purchasable","13":"product-type-simple"},"_links":{"self":[{"href":"https:\/\/raktava.lt\/en\/wp-json\/wp\/v2\/product\/16221","targetHints":{"allow":["GET"]}}],"collection":[{"href":"https:\/\/raktava.lt\/en\/wp-json\/wp\/v2\/product"}],"about":[{"href":"https:\/\/raktava.lt\/en\/wp-json\/wp\/v2\/types\/product"}],"replies":[{"embeddable":true,"href":"https:\/\/raktava.lt\/en\/wp-json\/wp\/v2\/comments?post=16221"}],"version-history":[{"count":1,"href":"https:\/\/raktava.lt\/en\/wp-json\/wp\/v2\/product\/16221\/revisions"}],"predecessor-version":[{"id":16224,"href":"https:\/\/raktava.lt\/en\/wp-json\/wp\/v2\/product\/16221\/revisions\/16224"}],"wp:featuredmedia":[{"embeddable":true,"href":"https:\/\/raktava.lt\/en\/wp-json\/wp\/v2\/media\/16222"}],"wp:attachment":[{"href":"https:\/\/raktava.lt\/en\/wp-json\/wp\/v2\/media?parent=16221"}],"wp:term":[{"taxonomy":"product_brand","embeddable":true,"href":"https:\/\/raktava.lt\/en\/wp-json\/wp\/v2\/product_brand?post=16221"},{"taxonomy":"product_cat","embeddable":true,"href":"https:\/\/raktava.lt\/en\/wp-json\/wp\/v2\/product_cat?post=16221"},{"taxonomy":"product_tag","embeddable":true,"href":"https:\/\/raktava.lt\/en\/wp-json\/wp\/v2\/product_tag?post=16221"}],"curies":[{"name":"wp","href":"https:\/\/api.w.org\/{rel}","templated":true}]}}