{"id":16123,"date":"2025-02-10T16:32:27","date_gmt":"2025-02-10T14:32:27","guid":{"rendered":"https:\/\/raktava.lt\/?post_type=product&#038;p=16123"},"modified":"2026-03-20T10:53:55","modified_gmt":"2026-03-20T08:53:55","slug":"voztuvu-nuspaudejas-lagamine-34-26-20-18-mm-universalus","status":"publish","type":"product","link":"https:\/\/raktava.lt\/en\/product\/automobiliu-remonto-irankiai\/irankiai-voztuvams-cilindrams-stumokliams\/voztuvu-nuspaudejas-lagamine-34-26-20-18-mm-universalus\/","title":{"rendered":"Vo\u017etuv\u0173 nuspaud\u0117jas lagamine 34\/26\/20\/18 mm universalus"},"content":{"rendered":"","protected":false},"excerpt":{"rendered":"<p>Vo\u017etuv\u0173 nuspaud\u0117jas lagamine<\/p>\n","protected":false},"featured_media":16124,"comment_status":"open","ping_status":"closed","template":"","meta":[],"product_brand":[560],"product_cat":[107],"product_tag":[1447,1446,1445],"class_list":{"0":"post-16123","1":"product","2":"type-product","3":"status-publish","4":"has-post-thumbnail","6":"product_brand-essen-tools-germany","7":"product_cat-irankiai-voztuvams-cilindrams-stumokliams","8":"product_tag-sk5495b","9":"product_tag-universalus-voztuvu-nuspaudejas","10":"product_tag-voztuvu-nuspaudejas","12":"first","13":"outofstock","14":"taxable","15":"shipping-taxable","16":"purchasable","17":"product-type-simple"},"_links":{"self":[{"href":"https:\/\/raktava.lt\/en\/wp-json\/wp\/v2\/product\/16123","targetHints":{"allow":["GET"]}}],"collection":[{"href":"https:\/\/raktava.lt\/en\/wp-json\/wp\/v2\/product"}],"about":[{"href":"https:\/\/raktava.lt\/en\/wp-json\/wp\/v2\/types\/product"}],"replies":[{"embeddable":true,"href":"https:\/\/raktava.lt\/en\/wp-json\/wp\/v2\/comments?post=16123"}],"version-history":[{"count":2,"href":"https:\/\/raktava.lt\/en\/wp-json\/wp\/v2\/product\/16123\/revisions"}],"predecessor-version":[{"id":16127,"href":"https:\/\/raktava.lt\/en\/wp-json\/wp\/v2\/product\/16123\/revisions\/16127"}],"wp:featuredmedia":[{"embeddable":true,"href":"https:\/\/raktava.lt\/en\/wp-json\/wp\/v2\/media\/16124"}],"wp:attachment":[{"href":"https:\/\/raktava.lt\/en\/wp-json\/wp\/v2\/media?parent=16123"}],"wp:term":[{"taxonomy":"product_brand","embeddable":true,"href":"https:\/\/raktava.lt\/en\/wp-json\/wp\/v2\/product_brand?post=16123"},{"taxonomy":"product_cat","embeddable":true,"href":"https:\/\/raktava.lt\/en\/wp-json\/wp\/v2\/product_cat?post=16123"},{"taxonomy":"product_tag","embeddable":true,"href":"https:\/\/raktava.lt\/en\/wp-json\/wp\/v2\/product_tag?post=16123"}],"curies":[{"name":"wp","href":"https:\/\/api.w.org\/{rel}","templated":true}]}}