{"id":16102,"date":"2025-02-10T16:17:03","date_gmt":"2025-02-10T14:17:03","guid":{"rendered":"https:\/\/raktava.lt\/?post_type=product&#038;p=16102"},"modified":"2026-02-11T19:43:52","modified_gmt":"2026-02-11T17:43:52","slug":"kaitinimo-zvakiu-elektrodu-salinimo-irankiu-rinkinys-m8-m10","status":"publish","type":"product","link":"https:\/\/raktava.lt\/en\/product\/automobiliu-remonto-irankiai\/variklio-remonto-irankiai\/pakaitinimo-uzdegimo-zvakiu-remonto-irankiai\/kaitinimo-zvakiu-elektrodu-salinimo-irankiu-rinkinys-m8-m10\/","title":{"rendered":"Kaitinimo \u017evaki\u0173 elektrod\u0173 \u0161alinimo \u012franki\u0173 rinkinys M8\/M10"},"content":{"rendered":"<p>Material HSS<br \/>\nApplication for dismantling the glow plug filament<br \/>\nSet contents tap x5 (M8x1.0 mm, M10x1.0 mm, M10x1.25 mm, M3x0.5 mm with a 100 mm nut, M4x0.7 mm with a 100 mm nut), special drill x2 (2.5&#215;120 mm, 3.3&#215;140 mm), extractor screw L=180 mm<br \/>\nNumber of pieces in set 22<\/p>\n","protected":false},"excerpt":{"rendered":"<p>Kaitinimo \u017evaki\u0173 elektrod\u0173 \u0161alinimo \u012franki\u0173 rinkinys M8\/M10<\/p>\n","protected":false},"featured_media":16103,"comment_status":"open","ping_status":"closed","template":"","meta":[],"product_brand":[],"product_cat":[117],"product_tag":[165],"class_list":{"0":"post-16102","1":"product","2":"type-product","3":"status-publish","4":"has-post-thumbnail","6":"product_cat-pakaitinimo-uzdegimo-zvakiu-remonto-irankiai","7":"product_tag-yato","9":"first","10":"outofstock","11":"taxable","12":"shipping-taxable","13":"purchasable","14":"product-type-simple"},"_links":{"self":[{"href":"https:\/\/raktava.lt\/en\/wp-json\/wp\/v2\/product\/16102","targetHints":{"allow":["GET"]}}],"collection":[{"href":"https:\/\/raktava.lt\/en\/wp-json\/wp\/v2\/product"}],"about":[{"href":"https:\/\/raktava.lt\/en\/wp-json\/wp\/v2\/types\/product"}],"replies":[{"embeddable":true,"href":"https:\/\/raktava.lt\/en\/wp-json\/wp\/v2\/comments?post=16102"}],"version-history":[{"count":1,"href":"https:\/\/raktava.lt\/en\/wp-json\/wp\/v2\/product\/16102\/revisions"}],"predecessor-version":[{"id":16109,"href":"https:\/\/raktava.lt\/en\/wp-json\/wp\/v2\/product\/16102\/revisions\/16109"}],"wp:featuredmedia":[{"embeddable":true,"href":"https:\/\/raktava.lt\/en\/wp-json\/wp\/v2\/media\/16103"}],"wp:attachment":[{"href":"https:\/\/raktava.lt\/en\/wp-json\/wp\/v2\/media?parent=16102"}],"wp:term":[{"taxonomy":"product_brand","embeddable":true,"href":"https:\/\/raktava.lt\/en\/wp-json\/wp\/v2\/product_brand?post=16102"},{"taxonomy":"product_cat","embeddable":true,"href":"https:\/\/raktava.lt\/en\/wp-json\/wp\/v2\/product_cat?post=16102"},{"taxonomy":"product_tag","embeddable":true,"href":"https:\/\/raktava.lt\/en\/wp-json\/wp\/v2\/product_tag?post=16102"}],"curies":[{"name":"wp","href":"https:\/\/api.w.org\/{rel}","templated":true}]}}