{"id":16090,"date":"2025-02-10T16:10:55","date_gmt":"2025-02-10T14:10:55","guid":{"rendered":"https:\/\/raktava.lt\/?post_type=product&#038;p=16090"},"modified":"2025-02-10T16:10:55","modified_gmt":"2025-02-10T14:10:55","slug":"pletikliu-valikliu-rinkinys-kaitinimo-zvakiu-lizdams","status":"publish","type":"product","link":"https:\/\/raktava.lt\/en\/product\/automobiliu-remonto-irankiai\/variklio-remonto-irankiai\/pakaitinimo-uzdegimo-zvakiu-remonto-irankiai\/pletikliu-valikliu-rinkinys-kaitinimo-zvakiu-lizdams\/","title":{"rendered":"Pl\u0117tikli\u0173\/valikli\u0173 rinkinys kaitinimo \u017evaki\u0173 lizdams"},"content":{"rendered":"","protected":false},"excerpt":{"rendered":"<p>Pl\u0117tikli\u0173\/valikli\u0173 rinkinys kaitinimo \u017evaki\u0173 lizdams<\/p>\n","protected":false},"featured_media":16091,"comment_status":"open","ping_status":"closed","template":"","meta":[],"product_brand":[],"product_cat":[117],"product_tag":[165],"class_list":{"0":"post-16090","1":"product","2":"type-product","3":"status-publish","4":"has-post-thumbnail","6":"product_cat-pakaitinimo-uzdegimo-zvakiu-remonto-irankiai","7":"product_tag-yato","9":"first","10":"instock","11":"taxable","12":"shipping-taxable","13":"purchasable","14":"product-type-simple"},"_links":{"self":[{"href":"https:\/\/raktava.lt\/en\/wp-json\/wp\/v2\/product\/16090","targetHints":{"allow":["GET"]}}],"collection":[{"href":"https:\/\/raktava.lt\/en\/wp-json\/wp\/v2\/product"}],"about":[{"href":"https:\/\/raktava.lt\/en\/wp-json\/wp\/v2\/types\/product"}],"replies":[{"embeddable":true,"href":"https:\/\/raktava.lt\/en\/wp-json\/wp\/v2\/comments?post=16090"}],"version-history":[{"count":1,"href":"https:\/\/raktava.lt\/en\/wp-json\/wp\/v2\/product\/16090\/revisions"}],"predecessor-version":[{"id":16101,"href":"https:\/\/raktava.lt\/en\/wp-json\/wp\/v2\/product\/16090\/revisions\/16101"}],"wp:featuredmedia":[{"embeddable":true,"href":"https:\/\/raktava.lt\/en\/wp-json\/wp\/v2\/media\/16091"}],"wp:attachment":[{"href":"https:\/\/raktava.lt\/en\/wp-json\/wp\/v2\/media?parent=16090"}],"wp:term":[{"taxonomy":"product_brand","embeddable":true,"href":"https:\/\/raktava.lt\/en\/wp-json\/wp\/v2\/product_brand?post=16090"},{"taxonomy":"product_cat","embeddable":true,"href":"https:\/\/raktava.lt\/en\/wp-json\/wp\/v2\/product_cat?post=16090"},{"taxonomy":"product_tag","embeddable":true,"href":"https:\/\/raktava.lt\/en\/wp-json\/wp\/v2\/product_tag?post=16090"}],"curies":[{"name":"wp","href":"https:\/\/api.w.org\/{rel}","templated":true}]}}