{"id":16064,"date":"2025-02-10T14:58:22","date_gmt":"2025-02-10T12:58:22","guid":{"rendered":"https:\/\/raktava.lt\/?post_type=product&#038;p=16064"},"modified":"2026-04-14T14:40:45","modified_gmt":"2026-04-14T11:40:45","slug":"alyvos-slegio-testeris-varikliui-ir-greiciu-dezei","status":"publish","type":"product","link":"https:\/\/raktava.lt\/en\/product\/automobiliu-remonto-irankiai\/diagnostika-testeriai-matuokliai\/alyvos-slegio-testeris-varikliui-ir-greiciu-dezei\/","title":{"rendered":"Alyvos sl\u0117gio testeris varikliui ir grei\u010di\u0173 d\u0117\u017eei"},"content":{"rendered":"<p>Variklio ir pavar\u0173 d\u0117\u017e\u0117s alyvos sl\u0117gio matavimo rinkinys YATO YT-73032. \u0160is rinkinys yra skirtas matuoti variklio ir pavar\u0173 d\u0117\u017e\u0117s alyvos sl\u0117g\u012f, tod\u0117l puikiai tinka tiek dyzeliniams, tiek benzininiams varikliams.<\/p>\n<p><strong>Rinkinys sudaro:<\/strong><\/p>\n<ul>\n<li>du sl\u0117gio matuoklius, kuri\u0173 skal\u0117s 0-400 PSI ir 0-100 PSI<\/li>\n<li>185 cm ilgio auk\u0161to sl\u0117gio \u017earn\u0105<\/li>\n<li>14 adapteri\u0173:<\/li>\n<li>1\/8-27 NPT x 2&#8243; tiesus adapteris<\/li>\n<li>3\/8-18 NPT vyri\u0161kas x 1\/8-27 moteri\u0161kas adapteris<\/li>\n<li>1\/4-18 NPT vyri\u0161kas x 1\/8-27 NPT moteri\u0161kas adapteris<\/li>\n<li>1\/4-18 NPT vyri\u0161kas x 1\/8-27 NPT vyri\u0161kas adapteris<\/li>\n<li>1\/8-27 NPT tiesus moteri\u0161kas adapteris<\/li>\n<li>1\/8-27 NPT vyri\u0161kas x 1\/8-27 NPT moteri\u0161kas adapteris kampu 90<\/li>\n<li>1\/8-27 NPT vyri\u0161kas x 1\/8-27 NPT moteri\u0161kas adapteris kampu 45<\/li>\n<li>M8 x 1.0 taper iki 1\/8-27 NPT moteri\u0161kas adapteris<\/li>\n<li>M8 x 1.25 taper iki 1\/8-27 NPT moteri\u0161kas adapteris<\/li>\n<li>M10 x 1.0 taper iki 1\/8-27 NPT moteri\u0161kas adapteris<\/li>\n<li>M12 x 1.5 taper iki 1\/8-27 NPT moteri\u0161kas adapteris<\/li>\n<li>M12 x 1.75 taper iki 1\/8-27 NPT moteri\u0161kas adapteris<\/li>\n<li>1\/8-28 BSPT x 1\/8-27 NPT moteri\u0161kas adapteris<\/li>\n<li>1\/16-27 NPT vyri\u0161kas x 1\/8-27 NPT moteri\u0161kas adapteris<\/li>\n<\/ul>\n<h3>Specifikacijos:<\/h3>\n<ul>\n<li>Serija: GRE<\/li>\n<li>Matavimo diapazonas: 0-2.75 \/ 0-400, 0-0.7 \/ 0-100 MPa\/PSI<\/li>\n<li>Sl\u0117gio matuoklio diametras: 90 mm<\/li>\n<li>\u017darnos ilgis: 1.85 m<\/li>\n<li>Vnt. skai\u010dius: 17<\/li>\n<li>Rinkin\u012f sudaro: sl\u0117gio matuoklis x2, lanksti \u017earna, x14 adapteri\u0173<\/li>\n<li>Panaudojimas: alyvos sl\u0117gio matavimui varikliuose ir pavar\u0173 d\u0117\u017e\u0117se, dyzeliniams ir benzininiams varikliams<\/li>\n<\/ul>\n<p><img decoding=\"async\" class=\"\" src=\"https:\/\/vigorus.lt\/catalog\/240216112316_poce.jpg\" width=\"482\" height=\"58\" \/><img decoding=\"async\" src=\"https:\/\/vigorus.lt\/catalog\/logo120627105013_yato.jpg\" alt=\"YATO\" \/><\/p>\n<hr \/>\n<p><em>Nurodytos kainos galioja perkant internetu.<\/em><\/p>\n","protected":false},"excerpt":{"rendered":"<p>Alyvos sl\u0117gio testeris varikliui ir grei\u010di\u0173 d\u0117\u017eei<\/p>\n","protected":false},"featured_media":16065,"comment_status":"open","ping_status":"closed","template":"","meta":[],"product_brand":[563],"product_cat":[68],"product_tag":[2283,2282,2284,165,2285],"class_list":{"0":"post-16064","1":"product","2":"type-product","3":"status-publish","4":"has-post-thumbnail","6":"product_brand-yato","7":"product_cat-diagnostika-testeriai-matuokliai","8":"product_tag-alyvos-slegio-testeri","9":"product_tag-alyvos-testeris","10":"product_tag-alyvos-testeris-varikliu-ir-greiciu-dezei","11":"product_tag-yato","12":"product_tag-yt-73032","14":"first","15":"instock","16":"taxable","17":"shipping-taxable","18":"purchasable","19":"product-type-simple"},"_links":{"self":[{"href":"https:\/\/raktava.lt\/en\/wp-json\/wp\/v2\/product\/16064","targetHints":{"allow":["GET"]}}],"collection":[{"href":"https:\/\/raktava.lt\/en\/wp-json\/wp\/v2\/product"}],"about":[{"href":"https:\/\/raktava.lt\/en\/wp-json\/wp\/v2\/types\/product"}],"replies":[{"embeddable":true,"href":"https:\/\/raktava.lt\/en\/wp-json\/wp\/v2\/comments?post=16064"}],"version-history":[{"count":4,"href":"https:\/\/raktava.lt\/en\/wp-json\/wp\/v2\/product\/16064\/revisions"}],"predecessor-version":[{"id":19291,"href":"https:\/\/raktava.lt\/en\/wp-json\/wp\/v2\/product\/16064\/revisions\/19291"}],"wp:featuredmedia":[{"embeddable":true,"href":"https:\/\/raktava.lt\/en\/wp-json\/wp\/v2\/media\/16065"}],"wp:attachment":[{"href":"https:\/\/raktava.lt\/en\/wp-json\/wp\/v2\/media?parent=16064"}],"wp:term":[{"taxonomy":"product_brand","embeddable":true,"href":"https:\/\/raktava.lt\/en\/wp-json\/wp\/v2\/product_brand?post=16064"},{"taxonomy":"product_cat","embeddable":true,"href":"https:\/\/raktava.lt\/en\/wp-json\/wp\/v2\/product_cat?post=16064"},{"taxonomy":"product_tag","embeddable":true,"href":"https:\/\/raktava.lt\/en\/wp-json\/wp\/v2\/product_tag?post=16064"}],"curies":[{"name":"wp","href":"https:\/\/api.w.org\/{rel}","templated":true}]}}