{"id":16001,"date":"2025-01-24T11:56:37","date_gmt":"2025-01-24T09:56:37","guid":{"rendered":"https:\/\/raktava.lt\/?post_type=product&#038;p=16001"},"modified":"2026-04-21T16:38:37","modified_gmt":"2026-04-21T13:38:37","slug":"karterio-tepalo-isleidimo-varztu-sriegio-remonto-rinkinys-m15x15","status":"publish","type":"product","link":"https:\/\/raktava.lt\/en\/product\/automative-service-tools\/engine-repair-tools\/for-damaged-crankcase-thread\/karterio-tepalo-isleidimo-varztu-sriegio-remonto-rinkinys-m15x15\/","title":{"rendered":"Karterio tepalo i\u0161leidimo var\u017et\u0173 sriegio remonto rinkinys M15x1,5"},"content":{"rendered":"","protected":false},"excerpt":{"rendered":"<p>Karterio tepalo i\u0161leidimo var\u017et\u0173 sriegio remonto rinkinys M15x1,5<\/p>\n","protected":false},"featured_media":16002,"comment_status":"open","ping_status":"closed","template":"","meta":[],"product_brand":[563],"product_cat":[120],"product_tag":[1199,1261,1260,1262,1263],"class_list":{"0":"post-16001","1":"product","2":"type-product","3":"status-publish","4":"has-post-thumbnail","6":"product_brand-yato","7":"product_cat-sugadintam-karterio-sriegiui","8":"product_tag-5mm","9":"product_tag-karterio-tepalo-isleidimo-varztu-sriegio-remonto-rinkinys","10":"product_tag-karterio-vartas-m15","11":"product_tag-m15x1","12":"product_tag-yt-17572","14":"first","15":"instock","16":"taxable","17":"shipping-taxable","18":"purchasable","19":"product-type-simple"},"_links":{"self":[{"href":"https:\/\/raktava.lt\/en\/wp-json\/wp\/v2\/product\/16001","targetHints":{"allow":["GET"]}}],"collection":[{"href":"https:\/\/raktava.lt\/en\/wp-json\/wp\/v2\/product"}],"about":[{"href":"https:\/\/raktava.lt\/en\/wp-json\/wp\/v2\/types\/product"}],"replies":[{"embeddable":true,"href":"https:\/\/raktava.lt\/en\/wp-json\/wp\/v2\/comments?post=16001"}],"version-history":[{"count":1,"href":"https:\/\/raktava.lt\/en\/wp-json\/wp\/v2\/product\/16001\/revisions"}],"predecessor-version":[{"id":16006,"href":"https:\/\/raktava.lt\/en\/wp-json\/wp\/v2\/product\/16001\/revisions\/16006"}],"wp:featuredmedia":[{"embeddable":true,"href":"https:\/\/raktava.lt\/en\/wp-json\/wp\/v2\/media\/16002"}],"wp:attachment":[{"href":"https:\/\/raktava.lt\/en\/wp-json\/wp\/v2\/media?parent=16001"}],"wp:term":[{"taxonomy":"product_brand","embeddable":true,"href":"https:\/\/raktava.lt\/en\/wp-json\/wp\/v2\/product_brand?post=16001"},{"taxonomy":"product_cat","embeddable":true,"href":"https:\/\/raktava.lt\/en\/wp-json\/wp\/v2\/product_cat?post=16001"},{"taxonomy":"product_tag","embeddable":true,"href":"https:\/\/raktava.lt\/en\/wp-json\/wp\/v2\/product_tag?post=16001"}],"curies":[{"name":"wp","href":"https:\/\/api.w.org\/{rel}","templated":true}]}}