{"id":15922,"date":"2025-01-03T13:37:16","date_gmt":"2025-01-03T11:37:16","guid":{"rendered":"https:\/\/raktava.lt\/?post_type=product&#038;p=15922"},"modified":"2025-09-08T10:40:05","modified_gmt":"2025-09-08T07:40:05","slug":"ilgu-galvuciu-komplektas-6-kampes-3-8-8-19mm-11vnt","status":"publish","type":"product","link":"https:\/\/raktava.lt\/en\/product\/rankiniai-irankiai\/galvutes-galvuciu-komplektai-laikikliai-galvutems\/3-8-galvutes-ir-ju-komplektai\/ilgu-galvuciu-komplektas-6-kampes-3-8-8-19mm-11vnt\/","title":{"rendered":"Ilg\u0173 galvu\u010di\u0173 komplektas 6-kamp\u0117s 3\/8 8-19mm 11vnt."},"content":{"rendered":"","protected":false},"excerpt":{"rendered":"<p>Ilg\u0173 galvu\u010di\u0173 komplektas 6-kamp\u0117s 3\/8 8-19mm 11vnt.<\/p>\n","protected":false},"featured_media":15923,"comment_status":"open","ping_status":"closed","template":"","meta":[],"product_brand":[571],"product_cat":[94],"product_tag":[575,994,1177,724,661],"class_list":{"0":"post-15922","1":"product","2":"type-product","3":"status-publish","4":"has-post-thumbnail","6":"product_brand-bgs-technic-germany","7":"product_cat-3-8-galvutes-ir-ju-komplektai","8":"product_tag-3-8","9":"product_tag-6-kampe","10":"product_tag-8-19mm","11":"product_tag-galvuciu-komplektas","12":"product_tag-galvutes","14":"first","15":"instock","16":"taxable","17":"shipping-taxable","18":"purchasable","19":"product-type-simple"},"_links":{"self":[{"href":"https:\/\/raktava.lt\/en\/wp-json\/wp\/v2\/product\/15922","targetHints":{"allow":["GET"]}}],"collection":[{"href":"https:\/\/raktava.lt\/en\/wp-json\/wp\/v2\/product"}],"about":[{"href":"https:\/\/raktava.lt\/en\/wp-json\/wp\/v2\/types\/product"}],"replies":[{"embeddable":true,"href":"https:\/\/raktava.lt\/en\/wp-json\/wp\/v2\/comments?post=15922"}],"version-history":[{"count":1,"href":"https:\/\/raktava.lt\/en\/wp-json\/wp\/v2\/product\/15922\/revisions"}],"predecessor-version":[{"id":15927,"href":"https:\/\/raktava.lt\/en\/wp-json\/wp\/v2\/product\/15922\/revisions\/15927"}],"wp:featuredmedia":[{"embeddable":true,"href":"https:\/\/raktava.lt\/en\/wp-json\/wp\/v2\/media\/15923"}],"wp:attachment":[{"href":"https:\/\/raktava.lt\/en\/wp-json\/wp\/v2\/media?parent=15922"}],"wp:term":[{"taxonomy":"product_brand","embeddable":true,"href":"https:\/\/raktava.lt\/en\/wp-json\/wp\/v2\/product_brand?post=15922"},{"taxonomy":"product_cat","embeddable":true,"href":"https:\/\/raktava.lt\/en\/wp-json\/wp\/v2\/product_cat?post=15922"},{"taxonomy":"product_tag","embeddable":true,"href":"https:\/\/raktava.lt\/en\/wp-json\/wp\/v2\/product_tag?post=15922"}],"curies":[{"name":"wp","href":"https:\/\/api.w.org\/{rel}","templated":true}]}}