{"id":15916,"date":"2025-01-03T13:33:59","date_gmt":"2025-01-03T11:33:59","guid":{"rendered":"https:\/\/raktava.lt\/?post_type=product&#038;p=15916"},"modified":"2025-08-14T09:50:36","modified_gmt":"2025-08-14T06:50:36","slug":"galvuciu-komplektas-6-kampes-3-8-8-19mm-12vnt-2","status":"publish","type":"product","link":"https:\/\/raktava.lt\/en\/product\/rankiniai-irankiai\/galvutes-galvuciu-komplektai-laikikliai-galvutems\/3-8-galvutes-ir-ju-komplektai\/galvuciu-komplektas-6-kampes-3-8-8-19mm-12vnt-2\/","title":{"rendered":"Galvu\u010di\u0173 komplektas 6-kamp\u0117s 3\/8 8-19mm 12vnt."},"content":{"rendered":"<p id=\"tw-target-text\" class=\"tw-data-text tw-text-large tw-ta\" dir=\"ltr\" data-placeholder=\"Vertimas\" data-ved=\"2ahUKEwiKvIS_1ImPAxViQFUIHTlgKXUQ3ewLegQIChAV\" aria-label=\"I\u0161verstas tekstas: Apra\u0161ymas\nriev\u0117tas\nant lizdo b\u0117gelio\napima \u0161iuos \u012frankius:\n\nLizdo rinkinys, 10 mm (3\/8&quot;) pavara: 8 - 9 - 10 - 11 - 12 - 13 - 14 - 15 - 16 - 17 - 18 - 19 mm\nTechniniai duomenys\nBendras svoris 500 g\n\u012evar\u017eos profilis Vidinis kvadratinis\nI\u0161\u0117jimo profilis \u0160e\u0161iakampis\nMed\u017eiaga Chromo vanad\u017eio plienas\nPavir\u0161iaus apdaila Matinio chromo danga\n\u012evar\u017eos profilio dydis, colis 3\/8&quot;\n\u012evar\u017eos profilio dydis, metrinis 10 mm\"><span class=\"Y2IQFc\" lang=\"lt\">Kvadrato dydis: 10 mm (3\/8&#8243;) <\/span><\/p>\n<p class=\"tw-data-text tw-text-large tw-ta\" dir=\"ltr\" data-placeholder=\"Vertimas\" data-ved=\"2ahUKEwiKvIS_1ImPAxViQFUIHTlgKXUQ3ewLegQIChAV\" aria-label=\"I\u0161verstas tekstas: Apra\u0161ymas\nriev\u0117tas\nant lizdo b\u0117gelio\napima \u0161iuos \u012frankius:\n\nLizdo rinkinys, 10 mm (3\/8&quot;) pavara: 8 - 9 - 10 - 11 - 12 - 13 - 14 - 15 - 16 - 17 - 18 - 19 mm\nTechniniai duomenys\nBendras svoris 500 g\n\u012evar\u017eos profilis Vidinis kvadratinis\nI\u0161\u0117jimo profilis \u0160e\u0161iakampis\nMed\u017eiaga Chromo vanad\u017eio plienas\nPavir\u0161iaus apdaila Matinio chromo danga\n\u012evar\u017eos profilio dydis, colis 3\/8&quot;\n\u012evar\u017eos profilio dydis, metrinis 10 mm\"><span class=\"Y2IQFc\" lang=\"lt\">Dyd\u017eiai: 8 &#8211; 9 &#8211; 10 &#8211; 11 &#8211; 12 &#8211; 13 &#8211; 14 &#8211; 15 &#8211; 16 &#8211; 17 &#8211; 18 &#8211; 19 mm <\/span><\/p>\n<p class=\"tw-data-text tw-text-large tw-ta\" dir=\"ltr\" data-placeholder=\"Vertimas\" data-ved=\"2ahUKEwiKvIS_1ImPAxViQFUIHTlgKXUQ3ewLegQIChAV\" aria-label=\"I\u0161verstas tekstas: Apra\u0161ymas\nriev\u0117tas\nant lizdo b\u0117gelio\napima \u0161iuos \u012frankius:\n\nLizdo rinkinys, 10 mm (3\/8&quot;) pavara: 8 - 9 - 10 - 11 - 12 - 13 - 14 - 15 - 16 - 17 - 18 - 19 mm\nTechniniai duomenys\nBendras svoris 500 g\n\u012evar\u017eos profilis Vidinis kvadratinis\nI\u0161\u0117jimo profilis \u0160e\u0161iakampis\nMed\u017eiaga Chromo vanad\u017eio plienas\nPavir\u0161iaus apdaila Matinio chromo danga\n\u012evar\u017eos profilio dydis, colis 3\/8&quot;\n\u012evar\u017eos profilio dydis, metrinis 10 mm\"><strong><span class=\"Y2IQFc\" lang=\"lt\">Techniniai duomenys:<\/span><\/strong><\/p>\n<p class=\"tw-data-text tw-text-large tw-ta\" dir=\"ltr\" data-placeholder=\"Vertimas\" data-ved=\"2ahUKEwiKvIS_1ImPAxViQFUIHTlgKXUQ3ewLegQIChAV\" aria-label=\"I\u0161verstas tekstas: Apra\u0161ymas\nriev\u0117tas\nant lizdo b\u0117gelio\napima \u0161iuos \u012frankius:\n\nLizdo rinkinys, 10 mm (3\/8&quot;) pavara: 8 - 9 - 10 - 11 - 12 - 13 - 14 - 15 - 16 - 17 - 18 - 19 mm\nTechniniai duomenys\nBendras svoris 500 g\n\u012evar\u017eos profilis Vidinis kvadratinis\nI\u0161\u0117jimo profilis \u0160e\u0161iakampis\nMed\u017eiaga Chromo vanad\u017eio plienas\nPavir\u0161iaus apdaila Matinio chromo danga\n\u012evar\u017eos profilio dydis, colis 3\/8&quot;\n\u012evar\u017eos profilio dydis, metrinis 10 mm\"><span class=\"Y2IQFc\" lang=\"lt\"> Bendras svoris 500 g <\/span><\/p>\n<p class=\"tw-data-text tw-text-large tw-ta\" dir=\"ltr\" data-placeholder=\"Vertimas\" data-ved=\"2ahUKEwiKvIS_1ImPAxViQFUIHTlgKXUQ3ewLegQIChAV\" aria-label=\"I\u0161verstas tekstas: Apra\u0161ymas\nriev\u0117tas\nant lizdo b\u0117gelio\napima \u0161iuos \u012frankius:\n\nLizdo rinkinys, 10 mm (3\/8&quot;) pavara: 8 - 9 - 10 - 11 - 12 - 13 - 14 - 15 - 16 - 17 - 18 - 19 mm\nTechniniai duomenys\nBendras svoris 500 g\n\u012evar\u017eos profilis Vidinis kvadratinis\nI\u0161\u0117jimo profilis \u0160e\u0161iakampis\nMed\u017eiaga Chromo vanad\u017eio plienas\nPavir\u0161iaus apdaila Matinio chromo danga\n\u012evar\u017eos profilio dydis, colis 3\/8&quot;\n\u012evar\u017eos profilio dydis, metrinis 10 mm\"><span class=\"Y2IQFc\" lang=\"lt\">I\u0161\u0117jimo profilis: \u0160e\u0161iakampis <\/span><\/p>\n<p class=\"tw-data-text tw-text-large tw-ta\" dir=\"ltr\" data-placeholder=\"Vertimas\" data-ved=\"2ahUKEwiKvIS_1ImPAxViQFUIHTlgKXUQ3ewLegQIChAV\" aria-label=\"I\u0161verstas tekstas: Apra\u0161ymas\nriev\u0117tas\nant lizdo b\u0117gelio\napima \u0161iuos \u012frankius:\n\nLizdo rinkinys, 10 mm (3\/8&quot;) pavara: 8 - 9 - 10 - 11 - 12 - 13 - 14 - 15 - 16 - 17 - 18 - 19 mm\nTechniniai duomenys\nBendras svoris 500 g\n\u012evar\u017eos profilis Vidinis kvadratinis\nI\u0161\u0117jimo profilis \u0160e\u0161iakampis\nMed\u017eiaga Chromo vanad\u017eio plienas\nPavir\u0161iaus apdaila Matinio chromo danga\n\u012evar\u017eos profilio dydis, colis 3\/8&quot;\n\u012evar\u017eos profilio dydis, metrinis 10 mm\"><span class=\"Y2IQFc\" lang=\"lt\">Med\u017eiaga Chromo vanad\u017eio plienas <\/span><\/p>\n<p class=\"tw-data-text tw-text-large tw-ta\" dir=\"ltr\" data-placeholder=\"Vertimas\" data-ved=\"2ahUKEwiKvIS_1ImPAxViQFUIHTlgKXUQ3ewLegQIChAV\" aria-label=\"I\u0161verstas tekstas: Apra\u0161ymas\nriev\u0117tas\nant lizdo b\u0117gelio\napima \u0161iuos \u012frankius:\n\nLizdo rinkinys, 10 mm (3\/8&quot;) pavara: 8 - 9 - 10 - 11 - 12 - 13 - 14 - 15 - 16 - 17 - 18 - 19 mm\nTechniniai duomenys\nBendras svoris 500 g\n\u012evar\u017eos profilis Vidinis kvadratinis\nI\u0161\u0117jimo profilis \u0160e\u0161iakampis\nMed\u017eiaga Chromo vanad\u017eio plienas\nPavir\u0161iaus apdaila Matinio chromo danga\n\u012evar\u017eos profilio dydis, colis 3\/8&quot;\n\u012evar\u017eos profilio dydis, metrinis 10 mm\"><span class=\"Y2IQFc\" lang=\"lt\">Pavir\u0161iaus apdaila Matinio chromo danga <\/span><\/p>\n<p class=\"tw-data-text tw-text-large tw-ta\" dir=\"ltr\" data-placeholder=\"Vertimas\" data-ved=\"2ahUKEwiKvIS_1ImPAxViQFUIHTlgKXUQ3ewLegQIChAV\" aria-label=\"I\u0161verstas tekstas: Apra\u0161ymas\nriev\u0117tas\nant lizdo b\u0117gelio\napima \u0161iuos \u012frankius:\n\nLizdo rinkinys, 10 mm (3\/8&quot;) pavara: 8 - 9 - 10 - 11 - 12 - 13 - 14 - 15 - 16 - 17 - 18 - 19 mm\nTechniniai duomenys\nBendras svoris 500 g\n\u012evar\u017eos profilis Vidinis kvadratinis\nI\u0161\u0117jimo profilis \u0160e\u0161iakampis\nMed\u017eiaga Chromo vanad\u017eio plienas\nPavir\u0161iaus apdaila Matinio chromo danga\n\u012evar\u017eos profilio dydis, colis 3\/8&quot;\n\u012evar\u017eos profilio dydis, metrinis 10 mm\"><span class=\"Y2IQFc\" lang=\"lt\">\u012evar\u017eos profilio dydis, colis 3\/8&#8243;, metrinis 10 mm<\/span><\/p>\n<p dir=\"ltr\" data-placeholder=\"Vertimas\" data-ved=\"2ahUKEwiKvIS_1ImPAxViQFUIHTlgKXUQ3ewLegQIChAV\" aria-label=\"I\u0161verstas tekstas: Apra\u0161ymas\nriev\u0117tas\nant lizdo b\u0117gelio\napima \u0161iuos \u012frankius:\n\nLizdo rinkinys, 10 mm (3\/8&quot;) pavara: 8 - 9 - 10 - 11 - 12 - 13 - 14 - 15 - 16 - 17 - 18 - 19 mm\nTechniniai duomenys\nBendras svoris 500 g\n\u012evar\u017eos profilis Vidinis kvadratinis\nI\u0161\u0117jimo profilis \u0160e\u0161iakampis\nMed\u017eiaga Chromo vanad\u017eio plienas\nPavir\u0161iaus apdaila Matinio chromo danga\n\u012evar\u017eos profilio dydis, colis 3\/8&quot;\n\u012evar\u017eos profilio dydis, metrinis 10 mm\"><img decoding=\"async\" src=\"https:\/\/vigorus.lt\/files\/piktogramos\/25.gif\" \/><img decoding=\"async\" src=\"https:\/\/vigorus.lt\/files\/piktogramos\/38.jpg\" \/><img decoding=\"async\" src=\"https:\/\/vigorus.lt\/files\/piktogramos\/galvbgsmm.JPG\" \/><img decoding=\"async\" src=\"https:\/\/vigorus.lt\/files\/piktogramos\/42.jpg\" \/><\/p>\n","protected":false},"excerpt":{"rendered":"<p>Galvu\u010di\u0173 komplektas 6-kamp\u0117s 3\/8 8-19mm 12vnt.<\/p>\n","protected":false},"featured_media":15917,"comment_status":"open","ping_status":"closed","template":"","meta":[],"product_brand":[571],"product_cat":[94],"product_tag":[724,660,768],"class_list":{"0":"post-15916","1":"product","2":"type-product","3":"status-publish","4":"has-post-thumbnail","6":"product_brand-bgs-technic-germany","7":"product_cat-3-8-galvutes-ir-ju-komplektai","8":"product_tag-galvuciu-komplektas","9":"product_tag-galvute","10":"product_tag-galvute-sesiakampes","12":"first","13":"outofstock","14":"taxable","15":"shipping-taxable","16":"purchasable","17":"product-type-simple"},"_links":{"self":[{"href":"https:\/\/raktava.lt\/en\/wp-json\/wp\/v2\/product\/15916","targetHints":{"allow":["GET"]}}],"collection":[{"href":"https:\/\/raktava.lt\/en\/wp-json\/wp\/v2\/product"}],"about":[{"href":"https:\/\/raktava.lt\/en\/wp-json\/wp\/v2\/types\/product"}],"replies":[{"embeddable":true,"href":"https:\/\/raktava.lt\/en\/wp-json\/wp\/v2\/comments?post=15916"}],"version-history":[{"count":3,"href":"https:\/\/raktava.lt\/en\/wp-json\/wp\/v2\/product\/15916\/revisions"}],"predecessor-version":[{"id":18073,"href":"https:\/\/raktava.lt\/en\/wp-json\/wp\/v2\/product\/15916\/revisions\/18073"}],"wp:featuredmedia":[{"embeddable":true,"href":"https:\/\/raktava.lt\/en\/wp-json\/wp\/v2\/media\/15917"}],"wp:attachment":[{"href":"https:\/\/raktava.lt\/en\/wp-json\/wp\/v2\/media?parent=15916"}],"wp:term":[{"taxonomy":"product_brand","embeddable":true,"href":"https:\/\/raktava.lt\/en\/wp-json\/wp\/v2\/product_brand?post=15916"},{"taxonomy":"product_cat","embeddable":true,"href":"https:\/\/raktava.lt\/en\/wp-json\/wp\/v2\/product_cat?post=15916"},{"taxonomy":"product_tag","embeddable":true,"href":"https:\/\/raktava.lt\/en\/wp-json\/wp\/v2\/product_tag?post=15916"}],"curies":[{"name":"wp","href":"https:\/\/api.w.org\/{rel}","templated":true}]}}