{"id":15580,"date":"2024-11-27T16:43:56","date_gmt":"2024-11-27T14:43:56","guid":{"rendered":"https:\/\/raktava.lt\/?post_type=product&#038;p=15580"},"modified":"2025-09-30T11:27:31","modified_gmt":"2025-09-30T08:27:31","slug":"ipresuotu-antgaliu-i-galvute-k-tas-1-2-t20-t60","status":"publish","type":"product","link":"https:\/\/raktava.lt\/en\/product\/rankiniai-irankiai\/antgaliai-antgaliu-komplektai-ipresuoti-antgaliai\/antgaliai-ipresuoti-i-galvute-1-2\/ipresuotu-antgaliu-i-galvute-k-tas-1-2-t20-t60\/","title":{"rendered":"\u012epresuot\u0173 antgali\u0173 \u012f galvut\u0119 k-tas 1\/2 T20-T60"},"content":{"rendered":"","protected":false},"excerpt":{"rendered":"<p>T20, T25, T27, T30, T40, T45, T50, T55, T60<\/p>\n<p>\u012epresuot\u0173 antgali\u0173 \u012f galvut\u0119 k-tas 1\/2 T20-T60<\/p>\n","protected":false},"featured_media":15581,"comment_status":"open","ping_status":"closed","template":"","meta":[],"product_brand":[727],"product_cat":[88],"product_tag":[591,663,906,1417,1416,739],"class_list":{"0":"post-15580","1":"product","2":"type-product","3":"status-publish","4":"has-post-thumbnail","6":"product_brand-kingrony","7":"product_cat-antgaliai-ipresuoti-i-galvute-1-2","8":"product_tag-1-2","9":"product_tag-antgaliai","10":"product_tag-antgaliai-ipresuoti","11":"product_tag-kr122009b","12":"product_tag-t20-t60","13":"product_tag-torx","15":"first","16":"instock","17":"taxable","18":"shipping-taxable","19":"purchasable","20":"product-type-simple"},"_links":{"self":[{"href":"https:\/\/raktava.lt\/en\/wp-json\/wp\/v2\/product\/15580","targetHints":{"allow":["GET"]}}],"collection":[{"href":"https:\/\/raktava.lt\/en\/wp-json\/wp\/v2\/product"}],"about":[{"href":"https:\/\/raktava.lt\/en\/wp-json\/wp\/v2\/types\/product"}],"replies":[{"embeddable":true,"href":"https:\/\/raktava.lt\/en\/wp-json\/wp\/v2\/comments?post=15580"}],"version-history":[{"count":1,"href":"https:\/\/raktava.lt\/en\/wp-json\/wp\/v2\/product\/15580\/revisions"}],"predecessor-version":[{"id":15587,"href":"https:\/\/raktava.lt\/en\/wp-json\/wp\/v2\/product\/15580\/revisions\/15587"}],"wp:featuredmedia":[{"embeddable":true,"href":"https:\/\/raktava.lt\/en\/wp-json\/wp\/v2\/media\/15581"}],"wp:attachment":[{"href":"https:\/\/raktava.lt\/en\/wp-json\/wp\/v2\/media?parent=15580"}],"wp:term":[{"taxonomy":"product_brand","embeddable":true,"href":"https:\/\/raktava.lt\/en\/wp-json\/wp\/v2\/product_brand?post=15580"},{"taxonomy":"product_cat","embeddable":true,"href":"https:\/\/raktava.lt\/en\/wp-json\/wp\/v2\/product_cat?post=15580"},{"taxonomy":"product_tag","embeddable":true,"href":"https:\/\/raktava.lt\/en\/wp-json\/wp\/v2\/product_tag?post=15580"}],"curies":[{"name":"wp","href":"https:\/\/api.w.org\/{rel}","templated":true}]}}